{"id":3659,"date":"2025-10-09T00:00:00","date_gmt":"2025-10-08T22:00:00","guid":{"rendered":"https:\/\/yotavis.ch\/product\/f604ts\/"},"modified":"2026-04-24T13:28:22","modified_gmt":"2026-04-24T11:28:22","slug":"f604ts","status":"publish","type":"product","link":"https:\/\/yotavis.ch\/de\/produkt\/f604ts\/","title":{"rendered":"F604TS"},"content":{"rendered":"<p>Das mechanische Kalibrierungs-Kit F604TS von Siglent ist f\u00fcr die OSLT-Kalibrierung im Frequenzbereich von DC bis 9 GHz konzipiert. Es verf\u00fcgt sowohl \u00fcber 3,5-mm-Stecker als auch -Buchsen, was die Kompatibilit\u00e4t mit einer Vielzahl von Testaufbauten gew\u00e4hrleistet. Dieses Kalibrierungs-Kit dient der pr\u00e4zisen mechanischen Kalibrierung von Ger\u00e4ten, die innerhalb des angegebenen Frequenzbereichs arbeiten. Die Tatsache, dass sowohl Stecker als auch Buchsen vorhanden sind, erm\u00f6glicht vielseitige Anschlussm\u00f6glichkeiten w\u00e4hrend der Kalibrierverfahren. Das Kit unterst\u00fctzt ein breites Frequenzspektrum von Gleichstrom bis zu 9 GHz und ist damit f\u00fcr Hochfrequenzanwendungen geeignet. Sein mechanischer Aufbau erm\u00f6glicht zuverl\u00e4ssige und wiederholbare Kalibrierungsergebnisse. Das F604TS ist ein spezielles Werkzeug, das die Genauigkeit bei HF-Messungen und in Testumgebungen gew\u00e4hrleistet.<\/p>","protected":false},"excerpt":{"rendered":"<p>Mechanical Calibration Kit: OSLT, DC &#8211; 9 GHz, 3.5 mm-Male and Female connector<\/p>","protected":false},"featured_media":5264,"comment_status":"closed","ping_status":"closed","template":"","meta":{"_acf_changed":false,"slim_seo":{"title":"F604TS - YOTAVIS AG","description":"Mechanischer Kalibrierungssatz: OSLT, DC - 9 GHz, 3,5 mm-Stecker und -Buchse"}},"product_brand":[506],"product_cat":[526,528],"product_tag":[],"class_list":{"0":"post-3659","1":"product","2":"type-product","3":"status-publish","4":"has-post-thumbnail","6":"product_brand-siglent","7":"product_cat-accessories","8":"product_cat-calibration-kits","9":"pa_connector-35mm","11":"first","12":"instock","13":"taxable","14":"shipping-taxable","15":"purchasable","16":"product-type-simple"},"acf":[],"_links":{"self":[{"href":"https:\/\/yotavis.ch\/de\/wp-json\/wp\/v2\/product\/3659","targetHints":{"allow":["GET"]}}],"collection":[{"href":"https:\/\/yotavis.ch\/de\/wp-json\/wp\/v2\/product"}],"about":[{"href":"https:\/\/yotavis.ch\/de\/wp-json\/wp\/v2\/types\/product"}],"replies":[{"embeddable":true,"href":"https:\/\/yotavis.ch\/de\/wp-json\/wp\/v2\/comments?post=3659"}],"wp:featuredmedia":[{"embeddable":true,"href":"https:\/\/yotavis.ch\/de\/wp-json\/wp\/v2\/media\/5264"}],"wp:attachment":[{"href":"https:\/\/yotavis.ch\/de\/wp-json\/wp\/v2\/media?parent=3659"}],"wp:term":[{"taxonomy":"product_brand","embeddable":true,"href":"https:\/\/yotavis.ch\/de\/wp-json\/wp\/v2\/product_brand?post=3659"},{"taxonomy":"product_cat","embeddable":true,"href":"https:\/\/yotavis.ch\/de\/wp-json\/wp\/v2\/product_cat?post=3659"},{"taxonomy":"product_tag","embeddable":true,"href":"https:\/\/yotavis.ch\/de\/wp-json\/wp\/v2\/product_tag?post=3659"}],"curies":[{"name":"wp","href":"https:\/\/api.w.org\/{rel}","templated":true}]}}