{"id":3660,"date":"2025-10-09T00:00:00","date_gmt":"2025-10-08T22:00:00","guid":{"rendered":"https:\/\/yotavis.ch\/product\/ukitssa3x\/"},"modified":"2026-04-24T13:28:23","modified_gmt":"2026-04-24T11:28:23","slug":"ukitssa3x","status":"publish","type":"product","link":"https:\/\/yotavis.ch\/de\/produkt\/ukitssa3x\/","title":{"rendered":"UKitSSA3X"},"content":{"rendered":"<p>Das UKitSSA3X von Siglent ist ein Utility-Kit, das eine Vielzahl von Kabeln und Adaptern f\u00fcr den Anschluss und die Signalabschw\u00e4chung enth\u00e4lt. Es enth\u00e4lt ein N (M)-auf-SMA (M)-Kabel und ein N (M)-auf-N (M)-Kabel, die vielseitige Optionen f\u00fcr unterschiedliche Anschlussanforderungen bieten. Das Kit enth\u00e4lt au\u00dferdem zwei N (M) auf BNC (F)-Adapter und zwei N (M) auf SMA (F)-Adapter, die eine flexible Verbindung zwischen verschiedenen Steckertypen erm\u00f6glichen. Au\u00dferdem ist ein 10-dB-D\u00e4mpfungsglied enthalten, mit dem die Signalst\u00e4rke um einen bestimmten Wert reduziert werden kann. Die im Kit enthaltenen Steckverbinder sind vom Typ N, SMA und BNC und decken damit eine Reihe g\u00e4ngiger HF-Steckverbinderstandards ab. Mit dieser Auswahl an Komponenten eignet sich das UKitSSA3X f\u00fcr verschiedene Anwendungen, die zuverl\u00e4ssige HF-Verbindungen und Signalmanagement erfordern.<\/p>","protected":false},"excerpt":{"rendered":"<p>Zubeh\u00f6rsatz: N (M) -SMA (M) Kabel, N (M) -N (M) Kabel, N (M) -BNC (F) Adapter (2 St\u00fcck), N (M) -SMA (F) Adapter (2 St\u00fcck), 10 dB D\u00e4mpfungsglied<\/p>","protected":false},"featured_media":5265,"comment_status":"closed","ping_status":"closed","template":"","meta":{"_acf_changed":false,"slim_seo":{"title":"UKitSSA3X - YOTAVIS AG","description":"Zubeh\u00f6rsatz: N (M) -SMA (M) Kabel, N (M) -N (M) Kabel, N (M) -BNC (F) Adapter (2 St\u00fcck), N (M) -SMA (F) Adapter (2 St\u00fcck), 10 dB D\u00e4mpfungsglied"}},"product_brand":[506],"product_cat":[526,529],"product_tag":[],"class_list":{"0":"post-3660","1":"product","2":"type-product","3":"status-publish","4":"has-post-thumbnail","6":"product_brand-siglent","7":"product_cat-accessories","8":"product_cat-adaptors","9":"pa_connector-type-n-sma-bnc","11":"first","12":"instock","13":"taxable","14":"shipping-taxable","15":"purchasable","16":"product-type-simple"},"acf":[],"_links":{"self":[{"href":"https:\/\/yotavis.ch\/de\/wp-json\/wp\/v2\/product\/3660","targetHints":{"allow":["GET"]}}],"collection":[{"href":"https:\/\/yotavis.ch\/de\/wp-json\/wp\/v2\/product"}],"about":[{"href":"https:\/\/yotavis.ch\/de\/wp-json\/wp\/v2\/types\/product"}],"replies":[{"embeddable":true,"href":"https:\/\/yotavis.ch\/de\/wp-json\/wp\/v2\/comments?post=3660"}],"wp:featuredmedia":[{"embeddable":true,"href":"https:\/\/yotavis.ch\/de\/wp-json\/wp\/v2\/media\/5265"}],"wp:attachment":[{"href":"https:\/\/yotavis.ch\/de\/wp-json\/wp\/v2\/media?parent=3660"}],"wp:term":[{"taxonomy":"product_brand","embeddable":true,"href":"https:\/\/yotavis.ch\/de\/wp-json\/wp\/v2\/product_brand?post=3660"},{"taxonomy":"product_cat","embeddable":true,"href":"https:\/\/yotavis.ch\/de\/wp-json\/wp\/v2\/product_cat?post=3660"},{"taxonomy":"product_tag","embeddable":true,"href":"https:\/\/yotavis.ch\/de\/wp-json\/wp\/v2\/product_tag?post=3660"}],"curies":[{"name":"wp","href":"https:\/\/api.w.org\/{rel}","templated":true}]}}