{"id":3664,"date":"2025-10-09T00:00:00","date_gmt":"2025-10-08T22:00:00","guid":{"rendered":"https:\/\/yotavis.ch\/product\/n-n-18l\/"},"modified":"2026-04-24T13:28:24","modified_gmt":"2026-04-24T11:28:24","slug":"n-n-18l","status":"publish","type":"product","link":"https:\/\/yotavis.ch\/de\/produkt\/n-n-18l\/","title":{"rendered":"N-N-18L"},"content":{"rendered":"<p>Das Siglent N-N-18L ist ein Kabel, das f\u00fcr die Verwendung mit N(M)-N(M)-Steckern konzipiert wurde und Frequenzen bis zu 18 GHz unterst\u00fctzt. Es ist mit Typ-N-Steckern ausgestattet, die aufgrund ihrer Langlebigkeit und zuverl\u00e4ssigen Leistung h\u00e4ufig in HF-Anwendungen verwendet werden. Dieses Kabel eignet sich f\u00fcr die \u00dcbertragung von Hochfrequenzsignalen und kann daher in verschiedenen Pr\u00fcf- und Messszenarien eingesetzt werden, in denen die Aufrechterhaltung der Signalintegrit\u00e4t bei Mikrowellenfrequenzen von entscheidender Bedeutung ist. Der Aufbau und die Spezifikationen des Kabels gew\u00e4hrleisten die Kompatibilit\u00e4t mit Ger\u00e4ten, die N-Typ-Verbindungen erfordern, und erleichtern die nahtlose Integration in bestehende Anlagen. Dank seiner Frequenzkapazit\u00e4t von bis zu 18 GHz kann es ein breites Spektrum von Signalen im Mikrowellenspektrum verarbeiten. Das Kabel ist Teil der Produktpalette von Siglent, die f\u00fcr die Bereitstellung von Komponenten bekannt ist, die in elektronischen Testumgebungen verwendet werden.<\/p>","protected":false},"excerpt":{"rendered":"<p>N(M)-N(M)-Kabel, 18 GHz<\/p>","protected":false},"featured_media":5276,"comment_status":"closed","ping_status":"closed","template":"","meta":{"_acf_changed":false,"slim_seo":{"title":"N-N-18L - YOTAVIS AG","description":"N(M)-N(M)-Kabel, 18 GHz"}},"product_brand":[506],"product_cat":[526,530],"product_tag":[],"class_list":{"0":"post-3664","1":"product","2":"type-product","3":"status-publish","4":"has-post-thumbnail","6":"product_brand-siglent","7":"product_cat-accessories","8":"product_cat-cable","9":"pa_connector-type-n","11":"first","12":"instock","13":"taxable","14":"shipping-taxable","15":"purchasable","16":"product-type-simple"},"acf":[],"_links":{"self":[{"href":"https:\/\/yotavis.ch\/de\/wp-json\/wp\/v2\/product\/3664","targetHints":{"allow":["GET"]}}],"collection":[{"href":"https:\/\/yotavis.ch\/de\/wp-json\/wp\/v2\/product"}],"about":[{"href":"https:\/\/yotavis.ch\/de\/wp-json\/wp\/v2\/types\/product"}],"replies":[{"embeddable":true,"href":"https:\/\/yotavis.ch\/de\/wp-json\/wp\/v2\/comments?post=3664"}],"wp:featuredmedia":[{"embeddable":true,"href":"https:\/\/yotavis.ch\/de\/wp-json\/wp\/v2\/media\/5276"}],"wp:attachment":[{"href":"https:\/\/yotavis.ch\/de\/wp-json\/wp\/v2\/media?parent=3664"}],"wp:term":[{"taxonomy":"product_brand","embeddable":true,"href":"https:\/\/yotavis.ch\/de\/wp-json\/wp\/v2\/product_brand?post=3664"},{"taxonomy":"product_cat","embeddable":true,"href":"https:\/\/yotavis.ch\/de\/wp-json\/wp\/v2\/product_cat?post=3664"},{"taxonomy":"product_tag","embeddable":true,"href":"https:\/\/yotavis.ch\/de\/wp-json\/wp\/v2\/product_tag?post=3664"}],"curies":[{"name":"wp","href":"https:\/\/api.w.org\/{rel}","templated":true}]}}