{"id":3666,"date":"2025-10-09T00:00:00","date_gmt":"2025-10-08T22:00:00","guid":{"rendered":"https:\/\/yotavis.ch\/product\/spa1010\/"},"modified":"2026-04-24T13:28:30","modified_gmt":"2026-04-24T11:28:30","slug":"spa1010","status":"publish","type":"product","link":"https:\/\/yotavis.ch\/de\/produkt\/spa1010\/","title":{"rendered":"SPA1010"},"content":{"rendered":"<p>Der SPA1010 hat eine Ausgangsleistung von typisch 10 W und eine Eingangsimpedanz von 15 k\u03a9. Er akzeptiert Eingangsspannungen von +\/- 6,5V Vpp bei einer Verst\u00e4rkung von X1 und +\/- 1,3V bei einer Verst\u00e4rkung von X10. Der Baustein unterst\u00fctzt die Umschaltung der Verst\u00e4rkung zwischen den Einstellungen 10V\/1V und 10V\/10V. Die Ausgangsspannung erreicht 25,4 Vss bei einem Ausgangsstrom von 1,12 A. Die Anstiegsgeschwindigkeit liegt bei 90 V\/\u03bcs oder h\u00f6her und gew\u00e4hrleistet schnelle Spannungs\u00e4nderungen. Das \u00dcberschwingen wird bei 4% oder weniger gehalten. Dieses Produkt ist f\u00fcr den Einsatz mit SIGLENT-Generatoren konzipiert und ist ein Markenprodukt von Siglent.<\/p>","protected":false},"excerpt":{"rendered":"<p>Ausgangsleistung: 10W (typisch); Eingangsimpedanz: 15k\u03a9; Eingang: +\/- 6,5V Vpp(Verst\u00e4rkung:X1); +\/- 1,3V (Verst\u00e4rkung:X10); Verst\u00e4rkung: Schalten in 10V\/1V und 10V\/10V; Ausgangsspannung: 25,4 Vpp; Ausgangsstrom: 1,12 A; Slew Rate: \u2265 90 V\/\u03bcs; Overshoot: \u2264 4%. Arbeitet mit SIGLENT Generator.<\/p>","protected":false},"featured_media":5279,"comment_status":"closed","ping_status":"closed","template":"","meta":{"_acf_changed":false,"slim_seo":{"title":"SPA1010 - YOTAVIS AG","description":"Output Power: 10W (typical); Input Impedance: 15k\u03a9; Input: +\/- 6.5V Vpp(Gain:X1); +\/- 1.3V (Gain:X10); Gain: Switching in 10V\/1V and 10V\/10V; Output Voltage: 25"}},"product_brand":[506],"product_cat":[526,531],"product_tag":[],"class_list":{"0":"post-3666","1":"product","2":"type-product","3":"status-publish","4":"has-post-thumbnail","6":"product_brand-siglent","7":"product_cat-accessories","8":"product_cat-rf-amplifier-attenuator-converter","10":"first","11":"instock","12":"taxable","13":"shipping-taxable","14":"purchasable","15":"product-type-simple"},"acf":[],"_links":{"self":[{"href":"https:\/\/yotavis.ch\/de\/wp-json\/wp\/v2\/product\/3666","targetHints":{"allow":["GET"]}}],"collection":[{"href":"https:\/\/yotavis.ch\/de\/wp-json\/wp\/v2\/product"}],"about":[{"href":"https:\/\/yotavis.ch\/de\/wp-json\/wp\/v2\/types\/product"}],"replies":[{"embeddable":true,"href":"https:\/\/yotavis.ch\/de\/wp-json\/wp\/v2\/comments?post=3666"}],"wp:featuredmedia":[{"embeddable":true,"href":"https:\/\/yotavis.ch\/de\/wp-json\/wp\/v2\/media\/5279"}],"wp:attachment":[{"href":"https:\/\/yotavis.ch\/de\/wp-json\/wp\/v2\/media?parent=3666"}],"wp:term":[{"taxonomy":"product_brand","embeddable":true,"href":"https:\/\/yotavis.ch\/de\/wp-json\/wp\/v2\/product_brand?post=3666"},{"taxonomy":"product_cat","embeddable":true,"href":"https:\/\/yotavis.ch\/de\/wp-json\/wp\/v2\/product_cat?post=3666"},{"taxonomy":"product_tag","embeddable":true,"href":"https:\/\/yotavis.ch\/de\/wp-json\/wp\/v2\/product_tag?post=3666"}],"curies":[{"name":"wp","href":"https:\/\/api.w.org\/{rel}","templated":true}]}}