{"id":3667,"date":"2025-10-09T00:00:00","date_gmt":"2025-10-08T22:00:00","guid":{"rendered":"https:\/\/yotavis.ch\/product\/sdm-pb\/"},"modified":"2026-04-24T13:28:31","modified_gmt":"2026-04-24T11:28:31","slug":"sdm-pb","status":"publish","type":"product","link":"https:\/\/yotavis.ch\/de\/produkt\/sdm-pb\/","title":{"rendered":"SDM-PB"},"content":{"rendered":"<p>Das SDM-PB ist ein Paar von Multimeter-Stiftmessleitungen, die f\u00fcr die Verwendung mit der SDM3000-Serie entwickelt wurden. Diese Messleitungen sind f\u00fcr bis zu 1000 Volt ausgelegt und gew\u00e4hrleisten die Kompatibilit\u00e4t mit einer Reihe von elektrischen Testszenarien. Die SDM-PB wird von Siglent hergestellt und ist ein unverzichtbares Zubeh\u00f6r f\u00fcr pr\u00e4zise Messaufgaben. Das Design konzentriert sich darauf, eine zuverl\u00e4ssige Verbindung zwischen dem Multimeter und dem zu pr\u00fcfenden Schaltkreis herzustellen. Dieses Messleitungspaar soll in Verbindung mit dem entsprechenden Multimeter-Modell genaue Spannungs- und Strommessungen erm\u00f6glichen. Das Produkt ist speziell darauf zugeschnitten, die Funktionalit\u00e4t des SDM3000 zu erg\u00e4nzen und seine Verwendbarkeit in verschiedenen Testumgebungen zu verbessern.<\/p>","protected":false},"excerpt":{"rendered":"<p>ein Paar Multimeter-Stift-Messleitungen (1000V)\uff0c \uff08Zubeh\u00f6r f\u00fcr SDM3000 \uff09<\/p>","protected":false},"featured_media":5280,"comment_status":"closed","ping_status":"closed","template":"","meta":{"_acf_changed":false,"slim_seo":{"title":"SDM-PB - YOTAVIS AG","description":"ein Paar Multimeter-Stift-Messleitungen (1000V)\uff0c \uff08Zubeh\u00f6r f\u00fcr SDM3000 \uff09"}},"product_brand":[506],"product_cat":[526,532],"product_tag":[],"class_list":{"0":"post-3667","1":"product","2":"type-product","3":"status-publish","4":"has-post-thumbnail","6":"product_brand-siglent","7":"product_cat-accessories","8":"product_cat-test-leads","10":"first","11":"instock","12":"taxable","13":"shipping-taxable","14":"purchasable","15":"product-type-simple"},"acf":[],"_links":{"self":[{"href":"https:\/\/yotavis.ch\/de\/wp-json\/wp\/v2\/product\/3667","targetHints":{"allow":["GET"]}}],"collection":[{"href":"https:\/\/yotavis.ch\/de\/wp-json\/wp\/v2\/product"}],"about":[{"href":"https:\/\/yotavis.ch\/de\/wp-json\/wp\/v2\/types\/product"}],"replies":[{"embeddable":true,"href":"https:\/\/yotavis.ch\/de\/wp-json\/wp\/v2\/comments?post=3667"}],"wp:featuredmedia":[{"embeddable":true,"href":"https:\/\/yotavis.ch\/de\/wp-json\/wp\/v2\/media\/5280"}],"wp:attachment":[{"href":"https:\/\/yotavis.ch\/de\/wp-json\/wp\/v2\/media?parent=3667"}],"wp:term":[{"taxonomy":"product_brand","embeddable":true,"href":"https:\/\/yotavis.ch\/de\/wp-json\/wp\/v2\/product_brand?post=3667"},{"taxonomy":"product_cat","embeddable":true,"href":"https:\/\/yotavis.ch\/de\/wp-json\/wp\/v2\/product_cat?post=3667"},{"taxonomy":"product_tag","embeddable":true,"href":"https:\/\/yotavis.ch\/de\/wp-json\/wp\/v2\/product_tag?post=3667"}],"curies":[{"name":"wp","href":"https:\/\/api.w.org\/{rel}","templated":true}]}}