{"id":3668,"date":"2025-10-09T00:00:00","date_gmt":"2025-10-08T22:00:00","guid":{"rendered":"https:\/\/yotavis.ch\/product\/usb-gpib\/"},"modified":"2026-04-24T13:28:31","modified_gmt":"2026-04-24T11:28:31","slug":"usb-gpib","status":"publish","type":"product","link":"https:\/\/yotavis.ch\/de\/produkt\/usb-gpib\/","title":{"rendered":"USB-GPIB"},"content":{"rendered":"<p>Der USB-GPIB-Adapter von Siglent ist ein Ger\u00e4t, das eine USB-Schnittstelle zu einer GPIB-Schnittstelle erweitert und so die Verbindung zwischen USB-f\u00e4higen Ger\u00e4ten und GPIB-kompatiblen Instrumenten erm\u00f6glicht. Dieser Adapter erleichtert die Kommunikation und Steuerung in Einrichtungen, in denen GPIB-Schnittstellen erforderlich sind, aber nur USB-Ports zur Verf\u00fcgung stehen. Das Produkt wurde entwickelt, um die L\u00fccke zwischen modernen USB-Ger\u00e4ten und traditionellen GPIB-Instrumenten zu schlie\u00dfen und eine nahtlose Integration in verschiedene Test- und Messumgebungen zu erm\u00f6glichen. Er unterst\u00fctzt das Standard-GPIB-Protokoll und ist somit mit einer Vielzahl von Ger\u00e4ten kompatibel, die diese Schnittstelle nutzen. Der Adapter ist kompakt und einfach zu bedienen, so dass er sich sowohl f\u00fcr Labor- als auch f\u00fcr Industrieanwendungen eignet. Durch die Konvertierung von USB-Signalen in GPIB k\u00f6nnen Benutzer vorhandene GPIB-Ger\u00e4te nutzen, ohne dass zus\u00e4tzliche komplexe Hardware erforderlich ist. Diese Funktionalit\u00e4t ist f\u00fcr die Beibehaltung \u00e4lterer Systeme bei gleichzeitiger Aufr\u00fcstung auf neuere USB-basierte Steuerungsplattformen unerl\u00e4sslich.<\/p>","protected":false},"excerpt":{"rendered":"<p>USB-GPIB-Adapter, USB-Ger\u00e4t erweitert um GPIB-Schnittstelle.<\/p>","protected":false},"featured_media":5282,"comment_status":"closed","ping_status":"closed","template":"","meta":{"_acf_changed":false,"slim_seo":{"title":"USB-GPIB - YOTAVIS AG","description":"USB-GPIB-Adapter, USB-Ger\u00e4t erweitert um GPIB-Schnittstelle."}},"product_brand":[506],"product_cat":[526,533],"product_tag":[],"class_list":{"0":"post-3668","1":"product","2":"type-product","3":"status-publish","4":"has-post-thumbnail","6":"product_brand-siglent","7":"product_cat-accessories","8":"product_cat-communication-cable","10":"first","11":"instock","12":"taxable","13":"shipping-taxable","14":"purchasable","15":"product-type-simple"},"acf":[],"_links":{"self":[{"href":"https:\/\/yotavis.ch\/de\/wp-json\/wp\/v2\/product\/3668","targetHints":{"allow":["GET"]}}],"collection":[{"href":"https:\/\/yotavis.ch\/de\/wp-json\/wp\/v2\/product"}],"about":[{"href":"https:\/\/yotavis.ch\/de\/wp-json\/wp\/v2\/types\/product"}],"replies":[{"embeddable":true,"href":"https:\/\/yotavis.ch\/de\/wp-json\/wp\/v2\/comments?post=3668"}],"wp:featuredmedia":[{"embeddable":true,"href":"https:\/\/yotavis.ch\/de\/wp-json\/wp\/v2\/media\/5282"}],"wp:attachment":[{"href":"https:\/\/yotavis.ch\/de\/wp-json\/wp\/v2\/media?parent=3668"}],"wp:term":[{"taxonomy":"product_brand","embeddable":true,"href":"https:\/\/yotavis.ch\/de\/wp-json\/wp\/v2\/product_brand?post=3668"},{"taxonomy":"product_cat","embeddable":true,"href":"https:\/\/yotavis.ch\/de\/wp-json\/wp\/v2\/product_cat?post=3668"},{"taxonomy":"product_tag","embeddable":true,"href":"https:\/\/yotavis.ch\/de\/wp-json\/wp\/v2\/product_tag?post=3668"}],"curies":[{"name":"wp","href":"https:\/\/api.w.org\/{rel}","templated":true}]}}