{"id":3669,"date":"2025-10-09T00:00:00","date_gmt":"2025-10-08T22:00:00","guid":{"rendered":"https:\/\/yotavis.ch\/product\/lpa10\/"},"modified":"2026-04-24T13:28:32","modified_gmt":"2026-04-24T11:28:32","slug":"lpa10","status":"publish","type":"product","link":"https:\/\/yotavis.ch\/de\/produkt\/lpa10\/","title":{"rendered":"LPA10"},"content":{"rendered":"<p>Der LPA10 ist ein aktiver Sondenadapter, der f\u00fcr die Modelle ZD1000 und AP033 von Lecroy entwickelt wurde. Er ist auch mit der SDS5000X Serie kompatibel, was die Vielseitigkeit der verschiedenen Ger\u00e4te gew\u00e4hrleistet. Dieser von Siglent hergestellte Adapter erleichtert die Verbindung zwischen aktiven Tastk\u00f6pfen und Oszilloskopen und erm\u00f6glicht so genaue Signalmessungen. Das Ger\u00e4t unterst\u00fctzt verschiedene Test- und Diagnoseanwendungen durch die Bereitstellung zuverl\u00e4ssiger Schnittstellenfunktionen. Seine Kompatibilit\u00e4t mit mehreren Lecroy- und Siglent-Produkten macht ihn zu einem n\u00fctzlichen Zubeh\u00f6r f\u00fcr Fachleute, die mit diesen Systemen arbeiten. Der LPA10 ist so konstruiert, dass die Signalintegrit\u00e4t w\u00e4hrend der Messungen erhalten bleibt, was zu einer pr\u00e4zisen Datenerfassung beitr\u00e4gt. Dieser Adapter ist eine praktische Komponente f\u00fcr Anwender, die eine nahtlose Integration zwischen Tastk\u00f6pfen und Oszilloskopen ben\u00f6tigen.<\/p>","protected":false},"excerpt":{"rendered":"<p>Active Probe Adapter, kompatibel mit Lecroy ZD1000 und AP033, kompatibel mit SDS5000X Serie<\/p>","protected":false},"featured_media":5284,"comment_status":"closed","ping_status":"closed","template":"","meta":{"_acf_changed":false,"slim_seo":{"title":"LPA10 - YOTAVIS AG","description":"Active Probe Adapter, kompatibel mit Lecroy ZD1000 und AP033, kompatibel mit SDS5000X Serie"}},"product_brand":[506],"product_cat":[526,529],"product_tag":[],"class_list":{"0":"post-3669","1":"product","2":"type-product","3":"status-publish","4":"has-post-thumbnail","6":"product_brand-siglent","7":"product_cat-accessories","8":"product_cat-adaptors","10":"first","11":"instock","12":"taxable","13":"shipping-taxable","14":"purchasable","15":"product-type-simple"},"acf":[],"_links":{"self":[{"href":"https:\/\/yotavis.ch\/de\/wp-json\/wp\/v2\/product\/3669","targetHints":{"allow":["GET"]}}],"collection":[{"href":"https:\/\/yotavis.ch\/de\/wp-json\/wp\/v2\/product"}],"about":[{"href":"https:\/\/yotavis.ch\/de\/wp-json\/wp\/v2\/types\/product"}],"replies":[{"embeddable":true,"href":"https:\/\/yotavis.ch\/de\/wp-json\/wp\/v2\/comments?post=3669"}],"wp:featuredmedia":[{"embeddable":true,"href":"https:\/\/yotavis.ch\/de\/wp-json\/wp\/v2\/media\/5284"}],"wp:attachment":[{"href":"https:\/\/yotavis.ch\/de\/wp-json\/wp\/v2\/media?parent=3669"}],"wp:term":[{"taxonomy":"product_brand","embeddable":true,"href":"https:\/\/yotavis.ch\/de\/wp-json\/wp\/v2\/product_brand?post=3669"},{"taxonomy":"product_cat","embeddable":true,"href":"https:\/\/yotavis.ch\/de\/wp-json\/wp\/v2\/product_cat?post=3669"},{"taxonomy":"product_tag","embeddable":true,"href":"https:\/\/yotavis.ch\/de\/wp-json\/wp\/v2\/product_tag?post=3669"}],"curies":[{"name":"wp","href":"https:\/\/api.w.org\/{rel}","templated":true}]}}