{"id":3671,"date":"2025-10-09T00:00:00","date_gmt":"2025-10-08T22:00:00","guid":{"rendered":"https:\/\/yotavis.ch\/product\/pak1\/"},"modified":"2026-04-24T13:28:34","modified_gmt":"2026-04-24T11:28:34","slug":"pak1","status":"publish","type":"product","link":"https:\/\/yotavis.ch\/de\/produkt\/pak1\/","title":{"rendered":"PAK1"},"content":{"rendered":"<p>Das PAK1 ist ein Sondenzubeh\u00f6r-Kit, das f\u00fcr die Verwendung mit verschiedenen Siglent-Modellen wie PB470, PP510, PP215, PP430, SP2030A und SP2035A entwickelt wurde. Dieses Kit enth\u00e4lt wesentliche Komponenten zur Unterst\u00fctzung und Verbesserung der Funktionalit\u00e4t dieser speziellen Sonden. Es ist mit einer Reihe von Ger\u00e4ten kompatibel und gew\u00e4hrleistet Vielseitigkeit f\u00fcr Benutzer, die mehrere Siglent-Ger\u00e4te betreiben. Das Kit ist ein Markenprodukt von Siglent, einem Unternehmen, das f\u00fcr seine elektronischen Testger\u00e4te bekannt ist. W\u00e4hrend detaillierte Spezifikationen wie Leistung, Spannung, Strom und Frequenz nicht aufgef\u00fchrt sind, dient das PAK1 als erg\u00e4nzendes Zubeh\u00f6r zu den genannten Sonden. Es soll die Wartung, den Austausch oder die Aufr\u00fcstung von Pr\u00fcfkopfteilen erleichtern und so zur Gesamtleistung und Langlebigkeit der Ger\u00e4te beitragen. Die Kompatibilit\u00e4t des Kits mit mehreren Modellen macht es zu einer praktischen Wahl f\u00fcr Benutzer, die einheitliches Sondenzubeh\u00f6r f\u00fcr verschiedene Ger\u00e4te ben\u00f6tigen.<\/p>","protected":false},"excerpt":{"rendered":"<p>Sondenzubeh\u00f6rsatz f\u00fcr PB470, PP510, PP215, PP430, SP2030A, SP2035A, SP2035<\/p>","protected":false},"featured_media":5287,"comment_status":"closed","ping_status":"closed","template":"","meta":{"_acf_changed":false,"slim_seo":{"title":"PAK1 - YOTAVIS AG","description":"Sondenzubeh\u00f6rsatz f\u00fcr PB470, PP510, PP215, PP430, SP2030A, SP2035A, SP2035"}},"product_brand":[506],"product_cat":[510,509],"product_tag":[],"class_list":{"0":"post-3671","1":"product","2":"type-product","3":"status-publish","4":"has-post-thumbnail","6":"product_brand-siglent","7":"product_cat-others-en","8":"product_cat-probes-en","10":"first","11":"instock","12":"taxable","13":"shipping-taxable","14":"purchasable","15":"product-type-simple"},"acf":[],"_links":{"self":[{"href":"https:\/\/yotavis.ch\/de\/wp-json\/wp\/v2\/product\/3671","targetHints":{"allow":["GET"]}}],"collection":[{"href":"https:\/\/yotavis.ch\/de\/wp-json\/wp\/v2\/product"}],"about":[{"href":"https:\/\/yotavis.ch\/de\/wp-json\/wp\/v2\/types\/product"}],"replies":[{"embeddable":true,"href":"https:\/\/yotavis.ch\/de\/wp-json\/wp\/v2\/comments?post=3671"}],"wp:featuredmedia":[{"embeddable":true,"href":"https:\/\/yotavis.ch\/de\/wp-json\/wp\/v2\/media\/5287"}],"wp:attachment":[{"href":"https:\/\/yotavis.ch\/de\/wp-json\/wp\/v2\/media?parent=3671"}],"wp:term":[{"taxonomy":"product_brand","embeddable":true,"href":"https:\/\/yotavis.ch\/de\/wp-json\/wp\/v2\/product_brand?post=3671"},{"taxonomy":"product_cat","embeddable":true,"href":"https:\/\/yotavis.ch\/de\/wp-json\/wp\/v2\/product_cat?post=3671"},{"taxonomy":"product_tag","embeddable":true,"href":"https:\/\/yotavis.ch\/de\/wp-json\/wp\/v2\/product_tag?post=3671"}],"curies":[{"name":"wp","href":"https:\/\/api.w.org\/{rel}","templated":true}]}}