{"id":3672,"date":"2025-10-09T00:00:00","date_gmt":"2025-10-08T22:00:00","guid":{"rendered":"https:\/\/yotavis.ch\/product\/pak2\/"},"modified":"2026-04-24T13:28:34","modified_gmt":"2026-04-24T11:28:34","slug":"pak2","status":"publish","type":"product","link":"https:\/\/yotavis.ch\/de\/produkt\/pak2\/","title":{"rendered":"PAK2"},"content":{"rendered":"<p>Der PAK2 ist ein Sondenzubeh\u00f6rsatz, der speziell f\u00fcr das Modell SP3050A entwickelt wurde. Dieses Kit wird von Siglent hergestellt und enth\u00e4lt wesentliche Komponenten zur Unterst\u00fctzung der Funktionalit\u00e4t und Wartung des SP3050A. Es ist so konzipiert, dass es die vorhandene Ausr\u00fcstung erg\u00e4nzt und Kompatibilit\u00e4t und Benutzerfreundlichkeit gew\u00e4hrleistet. Das Kit enth\u00e4lt verschiedene Sondenzubeh\u00f6rteile, die f\u00fcr genaue Messungen und eine zuverl\u00e4ssige Leistung erforderlich sind. Es ist f\u00fcr den Einsatz neben dem SP3050A vorgesehen und erweitert dessen Einsatzm\u00f6glichkeiten. Das PAK2-Kit ist eine praktische Erg\u00e4nzung f\u00fcr Benutzer, die zus\u00e4tzliches Sondenzubeh\u00f6r f\u00fcr ihre Siglent-Ger\u00e4te ben\u00f6tigen.<\/p>","protected":false},"excerpt":{"rendered":"<p>Sondenzubeh\u00f6rsatz f\u00fcr SP3050A<\/p>","protected":false},"featured_media":5288,"comment_status":"closed","ping_status":"closed","template":"","meta":{"_acf_changed":false,"slim_seo":{"title":"PAK2 - YOTAVIS AG","description":"Sondenzubeh\u00f6rsatz f\u00fcr SP3050A"}},"product_brand":[506],"product_cat":[510,509],"product_tag":[],"class_list":{"0":"post-3672","1":"product","2":"type-product","3":"status-publish","4":"has-post-thumbnail","6":"product_brand-siglent","7":"product_cat-others-en","8":"product_cat-probes-en","10":"first","11":"instock","12":"taxable","13":"shipping-taxable","14":"purchasable","15":"product-type-simple"},"acf":[],"_links":{"self":[{"href":"https:\/\/yotavis.ch\/de\/wp-json\/wp\/v2\/product\/3672","targetHints":{"allow":["GET"]}}],"collection":[{"href":"https:\/\/yotavis.ch\/de\/wp-json\/wp\/v2\/product"}],"about":[{"href":"https:\/\/yotavis.ch\/de\/wp-json\/wp\/v2\/types\/product"}],"replies":[{"embeddable":true,"href":"https:\/\/yotavis.ch\/de\/wp-json\/wp\/v2\/comments?post=3672"}],"wp:featuredmedia":[{"embeddable":true,"href":"https:\/\/yotavis.ch\/de\/wp-json\/wp\/v2\/media\/5288"}],"wp:attachment":[{"href":"https:\/\/yotavis.ch\/de\/wp-json\/wp\/v2\/media?parent=3672"}],"wp:term":[{"taxonomy":"product_brand","embeddable":true,"href":"https:\/\/yotavis.ch\/de\/wp-json\/wp\/v2\/product_brand?post=3672"},{"taxonomy":"product_cat","embeddable":true,"href":"https:\/\/yotavis.ch\/de\/wp-json\/wp\/v2\/product_cat?post=3672"},{"taxonomy":"product_tag","embeddable":true,"href":"https:\/\/yotavis.ch\/de\/wp-json\/wp\/v2\/product_tag?post=3672"}],"curies":[{"name":"wp","href":"https:\/\/api.w.org\/{rel}","templated":true}]}}