{"id":3673,"date":"2025-10-09T00:00:00","date_gmt":"2025-10-08T22:00:00","guid":{"rendered":"https:\/\/yotavis.ch\/product\/sap-st1\/"},"modified":"2026-04-24T13:28:35","modified_gmt":"2026-04-24T11:28:35","slug":"sap-st1","status":"publish","type":"product","link":"https:\/\/yotavis.ch\/de\/produkt\/sap-st1\/","title":{"rendered":"SAP-ST1"},"content":{"rendered":"<p>Der SAP-ST1 wird in einer Box mit 5 St\u00fcck geliefert, die jeweils eine gerade Spitze f\u00fcr allgemeine Messanwendungen enthalten. Diese geraden Spitzen sind robust und so konstruiert, dass sie sicher in jede Sondenbuchse passen und die Kompatibilit\u00e4t mit den Modellen SAP1000, SAP2500 und SAP2500D gew\u00e4hrleisten. Die von Siglent hergestellten Spitzen sind f\u00fcr eine zuverl\u00e4ssige Leistung bei Antastungsaufgaben vorgesehen. Das Design konzentriert sich auf Langlebigkeit und Benutzerfreundlichkeit, wodurch sie f\u00fcr verschiedene Testumgebungen geeignet sind. Jede Spitze hat eine einheitliche Form und Gr\u00f6\u00dfe, die zu den angegebenen Ger\u00e4ten passt, was eine einfache Installation und einen unkomplizierten Austausch erm\u00f6glicht. Die Verpackung mit f\u00fcnf St\u00fcck erm\u00f6glicht die mehrfache Verwendung oder den Austausch bei Bedarf in professionellen Umgebungen. Dieses Produkt ist speziell auf die Anforderungen von Anwendern zugeschnitten, die mit den oben genannten kompatiblen Siglent-Ger\u00e4temodellen arbeiten.<\/p>","protected":false},"excerpt":{"rendered":"<p>5 St\u00fcck in einer Schachtel, gerade Spitze, f\u00fcr SAP1000, SAP2500\uff0c SAP2500D\uff1bDie gerade Spitze ist robust und f\u00fcr allgemeine Tastungen konzipiert. Passt in jede Sondenbuchse.<\/p>","protected":false},"featured_media":5290,"comment_status":"closed","ping_status":"closed","template":"","meta":{"_acf_changed":false,"slim_seo":{"title":"SAP-ST1 - YOTAVIS AG","description":"5 St\u00fcck in einer Schachtel, gerade Spitze, f\u00fcr SAP1000, SAP2500\uff0c SAP2500D\uff1bDie gerade Spitze ist robust und f\u00fcr allgemeine Tastungen konzipiert. Passt in jede Sondenbuchse."}},"product_brand":[506],"product_cat":[510,509],"product_tag":[],"class_list":{"0":"post-3673","1":"product","2":"type-product","3":"status-publish","4":"has-post-thumbnail","6":"product_brand-siglent","7":"product_cat-others-en","8":"product_cat-probes-en","10":"first","11":"instock","12":"taxable","13":"shipping-taxable","14":"purchasable","15":"product-type-simple"},"acf":[],"_links":{"self":[{"href":"https:\/\/yotavis.ch\/de\/wp-json\/wp\/v2\/product\/3673","targetHints":{"allow":["GET"]}}],"collection":[{"href":"https:\/\/yotavis.ch\/de\/wp-json\/wp\/v2\/product"}],"about":[{"href":"https:\/\/yotavis.ch\/de\/wp-json\/wp\/v2\/types\/product"}],"replies":[{"embeddable":true,"href":"https:\/\/yotavis.ch\/de\/wp-json\/wp\/v2\/comments?post=3673"}],"wp:featuredmedia":[{"embeddable":true,"href":"https:\/\/yotavis.ch\/de\/wp-json\/wp\/v2\/media\/5290"}],"wp:attachment":[{"href":"https:\/\/yotavis.ch\/de\/wp-json\/wp\/v2\/media?parent=3673"}],"wp:term":[{"taxonomy":"product_brand","embeddable":true,"href":"https:\/\/yotavis.ch\/de\/wp-json\/wp\/v2\/product_brand?post=3673"},{"taxonomy":"product_cat","embeddable":true,"href":"https:\/\/yotavis.ch\/de\/wp-json\/wp\/v2\/product_cat?post=3673"},{"taxonomy":"product_tag","embeddable":true,"href":"https:\/\/yotavis.ch\/de\/wp-json\/wp\/v2\/product_tag?post=3673"}],"curies":[{"name":"wp","href":"https:\/\/api.w.org\/{rel}","templated":true}]}}