{"id":3674,"date":"2025-10-09T00:00:00","date_gmt":"2025-10-08T22:00:00","guid":{"rendered":"https:\/\/yotavis.ch\/product\/sap-pt\/"},"modified":"2026-04-24T13:28:35","modified_gmt":"2026-04-24T11:28:35","slug":"sap-pt","status":"publish","type":"product","link":"https:\/\/yotavis.ch\/de\/produkt\/sap-pt\/","title":{"rendered":"SAP-PT"},"content":{"rendered":"<p>Die SAP-PT von Siglent wird in einer Box mit 5 St\u00fcck Pogo-Tips geliefert, die f\u00fcr die Verwendung mit den Modellen SAP1000, SAP2500 und SAP2500D vorgesehen sind. Diese Pogo-Tips bieten Z-Achsen-Compliance und erm\u00f6glichen einen pr\u00e4zisen und zuverl\u00e4ssigen Kontakt w\u00e4hrend der Test- oder Verbindungsprozesse. Die Spitze ist so konstruiert, dass sie in einen Sockel oder ein Durchgangsloch sowie auf einen IC-Sockel passt, was sie vielseitig f\u00fcr verschiedene elektronische Anwendungen einsetzbar macht. Jede Spitze ist so gefertigt, dass eine korrekte Ausrichtung und eine sichere Verbindung gew\u00e4hrleistet sind, was eine effiziente Signal\u00fcbertragung erm\u00f6glicht. Das Design erm\u00f6glicht ein einfaches Einsetzen und Entfernen, was in sich wiederholenden Testumgebungen von Vorteil sein kann. Dieses Produkt eignet sich f\u00fcr Anwender, die zuverl\u00e4ssige Pogo-Tips ben\u00f6tigen, die mit bestimmten Siglent-Ger\u00e4ten kompatibel sind.<\/p>","protected":false},"excerpt":{"rendered":"<p>5 St\u00fcck in einer Schachtel, Pogo Tip\uff0cf\u00fcr SAP1000, SAP2500\uff0c SAP2500D\uff1bDer Pogo Tip sorgt f\u00fcr die Einhaltung der Z-Achse. Die Spitze kann in einen Sockel oder \u00fcber und auf ein IC-Bein passen.<\/p>","protected":false},"featured_media":5291,"comment_status":"closed","ping_status":"closed","template":"","meta":{"_acf_changed":false,"slim_seo":{"title":"SAP-PT - YOTAVIS AG","description":"5 St\u00fcck in einer Schachtel, Pogo Tip\uff0cf\u00fcr SAP1000, SAP2500\uff0c SAP2500D\uff1bDer Pogo Tip sorgt f\u00fcr die Einhaltung der Z-Achse. Die Spitze kann in einen Sockel oder \u00fcber und auf ein IC-Bein passen."}},"product_brand":[506],"product_cat":[510,509],"product_tag":[],"class_list":{"0":"post-3674","1":"product","2":"type-product","3":"status-publish","4":"has-post-thumbnail","6":"product_brand-siglent","7":"product_cat-others-en","8":"product_cat-probes-en","10":"first","11":"instock","12":"taxable","13":"shipping-taxable","14":"purchasable","15":"product-type-simple"},"acf":[],"_links":{"self":[{"href":"https:\/\/yotavis.ch\/de\/wp-json\/wp\/v2\/product\/3674","targetHints":{"allow":["GET"]}}],"collection":[{"href":"https:\/\/yotavis.ch\/de\/wp-json\/wp\/v2\/product"}],"about":[{"href":"https:\/\/yotavis.ch\/de\/wp-json\/wp\/v2\/types\/product"}],"replies":[{"embeddable":true,"href":"https:\/\/yotavis.ch\/de\/wp-json\/wp\/v2\/comments?post=3674"}],"wp:featuredmedia":[{"embeddable":true,"href":"https:\/\/yotavis.ch\/de\/wp-json\/wp\/v2\/media\/5291"}],"wp:attachment":[{"href":"https:\/\/yotavis.ch\/de\/wp-json\/wp\/v2\/media?parent=3674"}],"wp:term":[{"taxonomy":"product_brand","embeddable":true,"href":"https:\/\/yotavis.ch\/de\/wp-json\/wp\/v2\/product_brand?post=3674"},{"taxonomy":"product_cat","embeddable":true,"href":"https:\/\/yotavis.ch\/de\/wp-json\/wp\/v2\/product_cat?post=3674"},{"taxonomy":"product_tag","embeddable":true,"href":"https:\/\/yotavis.ch\/de\/wp-json\/wp\/v2\/product_tag?post=3674"}],"curies":[{"name":"wp","href":"https:\/\/api.w.org\/{rel}","templated":true}]}}