{"id":3675,"date":"2025-10-09T00:00:00","date_gmt":"2025-10-08T22:00:00","guid":{"rendered":"https:\/\/yotavis.ch\/product\/sap1-kit\/"},"modified":"2026-04-24T13:28:36","modified_gmt":"2026-04-24T11:28:36","slug":"sap1-kit","status":"publish","type":"product","link":"https:\/\/yotavis.ch\/de\/produkt\/sap1-kit\/","title":{"rendered":"SAP1-Bausatz"},"content":{"rendered":"<p>Das SAP1-Kit von Siglent ist ein umfassendes Sonden-Kit, das f\u00fcr die Verwendung mit den Modellen SAP1000 und SAP2500 entwickelt wurde. Es enth\u00e4lt eine Vielzahl von Komponenten wie f\u00fcnf gerade Spitzen und f\u00fcnf Pogo-Spitzen, die mehrere Optionen f\u00fcr die Sondenanforderungen bieten. Das Kit enth\u00e4lt auch einen L-Eingang-Adapter, einen Z-Erdungsadapter und einen Y-Leitungsadapter, die verschiedene Anschlusskonfigurationen erm\u00f6glichen. Dar\u00fcber hinaus enth\u00e4lt es ein rechtwinkliges Stiftkabel von 5 cm, ein gerades Stiftkabel von 6 cm, ein rechtwinkliges Stiftkabel von 10 cm und ein gerades Stiftkabel von 12 cm, was eine Vielzahl von Kabell\u00e4ngen und -ausrichtungen erm\u00f6glicht. Um die Organisation und Identifizierung zu erleichtern, enth\u00e4lt das Kit einen Satz Kanal-ID-Clips in vier verschiedenen Farben. Diese Auswahl an Zubeh\u00f6r gew\u00e4hrleistet Kompatibilit\u00e4t und Bequemlichkeit f\u00fcr verschiedene Pr\u00fcf- und Messaufgaben.<\/p>","protected":false},"excerpt":{"rendered":"<p>Sonden-Kits f\u00fcr SAP1000,SAP2500\uff1binklusive gerader Spitze *5, Pogo-Spitze *5,L-Eingang-Adapter *1,Z-Erdung *1,Y-Kabel-Adapter *1,rechtwinkliges Pin-Kabel 5 cm *1,gerades Pin-Kabel 6 cm *1,rechtwinkliges Pin-Kabel 10 cm *1,gerades Pin-Kabel 12 cm *1, Kanal-ID-Clips (Satz mit 4 Farben) *1<\/p>","protected":false},"featured_media":5295,"comment_status":"closed","ping_status":"closed","template":"","meta":{"_acf_changed":false,"slim_seo":{"title":"SAP1-kit - YOTAVIS AG","description":"Probe kits for SAP1000,SAP2500\uff1bincluding Straight Tip *5, Pogo Tip *5,L In Adapter *1,Z Ground *1,Y Lead Adapter *1,Right Angle Pin Lead 5 cm *1,Straight Pin Le"}},"product_brand":[506],"product_cat":[510,509],"product_tag":[],"class_list":{"0":"post-3675","1":"product","2":"type-product","3":"status-publish","4":"has-post-thumbnail","6":"product_brand-siglent","7":"product_cat-others-en","8":"product_cat-probes-en","10":"first","11":"instock","12":"taxable","13":"shipping-taxable","14":"purchasable","15":"product-type-simple"},"acf":[],"_links":{"self":[{"href":"https:\/\/yotavis.ch\/de\/wp-json\/wp\/v2\/product\/3675","targetHints":{"allow":["GET"]}}],"collection":[{"href":"https:\/\/yotavis.ch\/de\/wp-json\/wp\/v2\/product"}],"about":[{"href":"https:\/\/yotavis.ch\/de\/wp-json\/wp\/v2\/types\/product"}],"replies":[{"embeddable":true,"href":"https:\/\/yotavis.ch\/de\/wp-json\/wp\/v2\/comments?post=3675"}],"wp:featuredmedia":[{"embeddable":true,"href":"https:\/\/yotavis.ch\/de\/wp-json\/wp\/v2\/media\/5295"}],"wp:attachment":[{"href":"https:\/\/yotavis.ch\/de\/wp-json\/wp\/v2\/media?parent=3675"}],"wp:term":[{"taxonomy":"product_brand","embeddable":true,"href":"https:\/\/yotavis.ch\/de\/wp-json\/wp\/v2\/product_brand?post=3675"},{"taxonomy":"product_cat","embeddable":true,"href":"https:\/\/yotavis.ch\/de\/wp-json\/wp\/v2\/product_cat?post=3675"},{"taxonomy":"product_tag","embeddable":true,"href":"https:\/\/yotavis.ch\/de\/wp-json\/wp\/v2\/product_tag?post=3675"}],"curies":[{"name":"wp","href":"https:\/\/api.w.org\/{rel}","templated":true}]}}