{"id":3676,"date":"2025-10-09T00:00:00","date_gmt":"2025-10-08T22:00:00","guid":{"rendered":"https:\/\/yotavis.ch\/product\/sap2-kit\/"},"modified":"2026-04-24T13:28:36","modified_gmt":"2026-04-24T11:28:36","slug":"sap2-kit","status":"publish","type":"product","link":"https:\/\/yotavis.ch\/de\/produkt\/sap2-kit\/","title":{"rendered":"SAP2-Bausatz"},"content":{"rendered":"<p>Das SAP2-Kit von Siglent ist ein umfassendes Sonden-Kit, das speziell f\u00fcr das Modell SAP2500D entwickelt wurde. Es enth\u00e4lt eine Vielzahl von Spitzen und Adaptern f\u00fcr unterschiedliche Pr\u00fcfanforderungen, darunter f\u00fcnf gerade Spitzen, f\u00fcnf Pogo-Spitzen und zwei Drehspitzen. Zus\u00e4tzlich enth\u00e4lt das Kit zwei Tip Savers, die die Lebensdauer der Sondenspitzen bei h\u00e4ufigem Gebrauch verl\u00e4ngern. F\u00fcr Konnektivit\u00e4t und Vielseitigkeit bietet das Kit au\u00dferdem zwei Y-Kabeladapter und f\u00fcnf rechtwinklige Stiftkabel. Diese Zusammenstellung von Komponenten gew\u00e4hrleistet Kompatibilit\u00e4t und Flexibilit\u00e4t bei der Arbeit mit dem SAP2500D und erm\u00f6glicht es dem Benutzer, seine Messanordnung an die spezifischen Messanforderungen anzupassen. Die Einbeziehung mehrerer Spitzentypen und Adapter unterst\u00fctzt eine Reihe von Testszenarien und macht das SAP2-Kit zu einem praktischen Zubeh\u00f6r f\u00fcr detaillierte elektronische Diagnosen und Messungen.<\/p>","protected":false},"excerpt":{"rendered":"<p>Sonden-Kits f\u00fcr SAP2500D, einschlie\u00dflich gerader Spitze *5, Pogo-Spitze *5, schwenkbare Spitze *2, Tip Saver *2, Y-Kabeladapter *2, rechtwinkliges Stiftkabel 5<\/p>","protected":false},"featured_media":5294,"comment_status":"closed","ping_status":"closed","template":"","meta":{"_acf_changed":false,"slim_seo":{"title":"SAP2-kit - YOTAVIS AG","description":"Sonden-Kits f\u00fcr SAP2500D, einschlie\u00dflich gerader Spitze *5, Pogo-Spitze *5, schwenkbare Spitze *2, Tip Saver *2, Y-Kabeladapter *2, rechtwinkliges Stiftkabel 5"}},"product_brand":[506],"product_cat":[510,509],"product_tag":[],"class_list":{"0":"post-3676","1":"product","2":"type-product","3":"status-publish","4":"has-post-thumbnail","6":"product_brand-siglent","7":"product_cat-others-en","8":"product_cat-probes-en","10":"first","11":"instock","12":"taxable","13":"shipping-taxable","14":"purchasable","15":"product-type-simple"},"acf":[],"_links":{"self":[{"href":"https:\/\/yotavis.ch\/de\/wp-json\/wp\/v2\/product\/3676","targetHints":{"allow":["GET"]}}],"collection":[{"href":"https:\/\/yotavis.ch\/de\/wp-json\/wp\/v2\/product"}],"about":[{"href":"https:\/\/yotavis.ch\/de\/wp-json\/wp\/v2\/types\/product"}],"replies":[{"embeddable":true,"href":"https:\/\/yotavis.ch\/de\/wp-json\/wp\/v2\/comments?post=3676"}],"wp:featuredmedia":[{"embeddable":true,"href":"https:\/\/yotavis.ch\/de\/wp-json\/wp\/v2\/media\/5294"}],"wp:attachment":[{"href":"https:\/\/yotavis.ch\/de\/wp-json\/wp\/v2\/media?parent=3676"}],"wp:term":[{"taxonomy":"product_brand","embeddable":true,"href":"https:\/\/yotavis.ch\/de\/wp-json\/wp\/v2\/product_brand?post=3676"},{"taxonomy":"product_cat","embeddable":true,"href":"https:\/\/yotavis.ch\/de\/wp-json\/wp\/v2\/product_cat?post=3676"},{"taxonomy":"product_tag","embeddable":true,"href":"https:\/\/yotavis.ch\/de\/wp-json\/wp\/v2\/product_tag?post=3676"}],"curies":[{"name":"wp","href":"https:\/\/api.w.org\/{rel}","templated":true}]}}