{"id":3677,"date":"2025-10-09T00:00:00","date_gmt":"2025-10-08T22:00:00","guid":{"rendered":"https:\/\/yotavis.ch\/product\/pb470\/"},"modified":"2026-04-24T13:28:36","modified_gmt":"2026-04-24T11:28:36","slug":"pb470","status":"publish","type":"product","link":"https:\/\/yotavis.ch\/de\/produkt\/pb470\/","title":{"rendered":"PB470"},"content":{"rendered":"<p>Der Siglent PB470 bietet eine 1X\/10X-D\u00e4mpfung mit Kapazit\u00e4tswerten von 85 bzw. 18 Picofarad. Er bietet Eingangswiderstandsoptionen von 1 Megaohm und 10 Megaohm und unterst\u00fctzt Frequenzen bis zu 70 MHz. Das Ger\u00e4t arbeitet in einem Spannungsbereich von 300V bis 600V und ist f\u00fcr einen Temperaturbereich von -15 bis 75 Grad Celsius ausgelegt. Seine universelle Schnittstelle erm\u00f6glicht eine vielseitige Konnektivit\u00e4t. Der PB470 eignet sich f\u00fcr Anwendungen, die eine pr\u00e4zise D\u00e4mpfung und Frequenzbehandlung innerhalb der vorgegebenen Parameter erfordern.<\/p>","protected":false},"excerpt":{"rendered":"<p>1X\/10X D\u00e4mpfung, 85\/18pf, 1M\/10Mohm, 6M\/70MHz, 300V\/600V, Betriebstemperatur -15 bis 75 Grad<\/p>","protected":false},"featured_media":5298,"comment_status":"closed","ping_status":"closed","template":"","meta":{"_acf_changed":false,"slim_seo":{"title":"PB470 - YOTAVIS AG","description":"1X\/10X D\u00e4mpfung, 85\/18pf, 1M\/10Mohm, 6M\/70MHz, 300V\/600V, Betriebstemperatur -15 bis 75 Grad"}},"product_brand":[506],"product_cat":[534,509],"product_tag":[],"class_list":{"0":"post-3677","1":"product","2":"type-product","3":"status-publish","4":"has-post-thumbnail","6":"product_brand-siglent","7":"product_cat-passives-probes-en","8":"product_cat-probes-en","9":"pa_bandwidth-mhz-94","10":"pa_interface-universal","11":"pa_voltage-max-v-204","13":"first","14":"instock","15":"taxable","16":"shipping-taxable","17":"purchasable","18":"product-type-simple"},"acf":[],"_links":{"self":[{"href":"https:\/\/yotavis.ch\/de\/wp-json\/wp\/v2\/product\/3677","targetHints":{"allow":["GET"]}}],"collection":[{"href":"https:\/\/yotavis.ch\/de\/wp-json\/wp\/v2\/product"}],"about":[{"href":"https:\/\/yotavis.ch\/de\/wp-json\/wp\/v2\/types\/product"}],"replies":[{"embeddable":true,"href":"https:\/\/yotavis.ch\/de\/wp-json\/wp\/v2\/comments?post=3677"}],"wp:featuredmedia":[{"embeddable":true,"href":"https:\/\/yotavis.ch\/de\/wp-json\/wp\/v2\/media\/5298"}],"wp:attachment":[{"href":"https:\/\/yotavis.ch\/de\/wp-json\/wp\/v2\/media?parent=3677"}],"wp:term":[{"taxonomy":"product_brand","embeddable":true,"href":"https:\/\/yotavis.ch\/de\/wp-json\/wp\/v2\/product_brand?post=3677"},{"taxonomy":"product_cat","embeddable":true,"href":"https:\/\/yotavis.ch\/de\/wp-json\/wp\/v2\/product_cat?post=3677"},{"taxonomy":"product_tag","embeddable":true,"href":"https:\/\/yotavis.ch\/de\/wp-json\/wp\/v2\/product_tag?post=3677"}],"curies":[{"name":"wp","href":"https:\/\/api.w.org\/{rel}","templated":true}]}}