{"id":3678,"date":"2025-10-09T00:00:00","date_gmt":"2025-10-08T22:00:00","guid":{"rendered":"https:\/\/yotavis.ch\/product\/pp510\/"},"modified":"2026-04-24T13:28:36","modified_gmt":"2026-04-24T11:28:36","slug":"pp510","status":"publish","type":"product","link":"https:\/\/yotavis.ch\/de\/produkt\/pp510\/","title":{"rendered":"PP510"},"content":{"rendered":"<p>Der Siglent PP510 bietet eine 1X\/10X-D\u00e4mpfung mit Kapazit\u00e4tswerten von 85pF und 18pF sowie Eingangswiderstandsoptionen von 1M\u03a9 und 10M\u03a9. Er arbeitet effektiv in einem Frequenzbereich bis zu 100MHz und unterst\u00fctzt eine Bandbreite von 100MHz. Der Baustein ist f\u00fcr Spannungen bis zu 300V und 600V ausgelegt und eignet sich somit f\u00fcr verschiedene Messszenarien. Sein Betriebstemperaturbereich reicht von -15 bis 75 Grad Celsius, was den Einsatz unter verschiedenen Umgebungsbedingungen erm\u00f6glicht. Das PP510 ist mit einer Universalschnittstelle ausgestattet, die seine Kompatibilit\u00e4t mit verschiedenen Systemen erh\u00f6ht. Dieses Produkt kombiniert pr\u00e4zise elektrische Eigenschaften mit robuster Spannungsfestigkeit und Temperaturtoleranz.<\/p>","protected":false},"excerpt":{"rendered":"<p>1X\/10X D\u00e4mpfung, 85\/18pf, 1M\/10Mohm, 6M\/100MHz, 300V\/600V, Betriebstemperatur -15 bis 75 Grad<\/p>","protected":false},"featured_media":5732,"comment_status":"closed","ping_status":"closed","template":"","meta":{"_acf_changed":false,"slim_seo":{"title":"PP510 - YOTAVIS AG","description":"1X\/10X D\u00e4mpfung, 85\/18pf, 1M\/10Mohm, 6M\/100MHz, 300V\/600V, Betriebstemperatur -15 bis 75 Grad"}},"product_brand":[506],"product_cat":[534,509],"product_tag":[],"class_list":{"0":"post-3678","1":"product","2":"type-product","3":"status-publish","4":"has-post-thumbnail","6":"product_brand-siglent","7":"product_cat-passives-probes-en","8":"product_cat-probes-en","9":"pa_bandwidth-mhz-90","10":"pa_interface-universal","11":"pa_voltage-max-v-204","13":"first","14":"instock","15":"taxable","16":"shipping-taxable","17":"purchasable","18":"product-type-simple"},"acf":[],"_links":{"self":[{"href":"https:\/\/yotavis.ch\/de\/wp-json\/wp\/v2\/product\/3678","targetHints":{"allow":["GET"]}}],"collection":[{"href":"https:\/\/yotavis.ch\/de\/wp-json\/wp\/v2\/product"}],"about":[{"href":"https:\/\/yotavis.ch\/de\/wp-json\/wp\/v2\/types\/product"}],"replies":[{"embeddable":true,"href":"https:\/\/yotavis.ch\/de\/wp-json\/wp\/v2\/comments?post=3678"}],"wp:featuredmedia":[{"embeddable":true,"href":"https:\/\/yotavis.ch\/de\/wp-json\/wp\/v2\/media\/5732"}],"wp:attachment":[{"href":"https:\/\/yotavis.ch\/de\/wp-json\/wp\/v2\/media?parent=3678"}],"wp:term":[{"taxonomy":"product_brand","embeddable":true,"href":"https:\/\/yotavis.ch\/de\/wp-json\/wp\/v2\/product_brand?post=3678"},{"taxonomy":"product_cat","embeddable":true,"href":"https:\/\/yotavis.ch\/de\/wp-json\/wp\/v2\/product_cat?post=3678"},{"taxonomy":"product_tag","embeddable":true,"href":"https:\/\/yotavis.ch\/de\/wp-json\/wp\/v2\/product_tag?post=3678"}],"curies":[{"name":"wp","href":"https:\/\/api.w.org\/{rel}","templated":true}]}}