{"id":3679,"date":"2025-10-09T00:00:00","date_gmt":"2025-10-08T22:00:00","guid":{"rendered":"https:\/\/yotavis.ch\/product\/pp215\/"},"modified":"2026-04-24T13:28:37","modified_gmt":"2026-04-24T11:28:37","slug":"pp215","status":"publish","type":"product","link":"https:\/\/yotavis.ch\/de\/produkt\/pp215\/","title":{"rendered":"PP215"},"content":{"rendered":"<p>Der Siglent PP215 bietet eine 1X\/10X-D\u00e4mpfung mit Kapazit\u00e4tswerten von 85 bzw. 16 Picofarad. Er bietet Widerstandsoptionen von 1 Megaohm und 10 Megaohm und unterst\u00fctzt Frequenzen bis zu 200 MHz. Der Baustein arbeitet in einem Spannungsbereich von 300V bis 600V und ist f\u00fcr einen Temperaturbereich von -15 bis 75 Grad Celsius ausgelegt. Seine universelle Schnittstelle erm\u00f6glicht eine vielseitige Konnektivit\u00e4t. Das PP215 eignet sich f\u00fcr Anwendungen, die eine pr\u00e4zise Messung und D\u00e4mpfung innerhalb der angegebenen elektrischen und Umgebungsparameter erfordern.<\/p>","protected":false},"excerpt":{"rendered":"<p>1X\/10X Abschw\u00e4chung, 85\/16pf, 1M\/10Mohm, 6M\/200MHz, 300V\/600V, Betriebstemperatur -15 bis 75 Grad<\/p>","protected":false},"featured_media":5734,"comment_status":"closed","ping_status":"closed","template":"","meta":{"_acf_changed":false,"slim_seo":{"title":"PP215 - YOTAVIS AG","description":"1X\/10X Abschw\u00e4chung, 85\/16pf, 1M\/10Mohm, 6M\/200MHz, 300V\/600V, Betriebstemperatur -15 bis 75 Grad"}},"product_brand":[506],"product_cat":[534,509],"product_tag":[],"class_list":{"0":"post-3679","1":"product","2":"type-product","3":"status-publish","4":"has-post-thumbnail","6":"product_brand-siglent","7":"product_cat-passives-probes-en","8":"product_cat-probes-en","9":"pa_bandwidth-mhz-92","10":"pa_interface-universal","11":"pa_voltage-max-v-204","13":"first","14":"instock","15":"taxable","16":"shipping-taxable","17":"purchasable","18":"product-type-simple"},"acf":[],"_links":{"self":[{"href":"https:\/\/yotavis.ch\/de\/wp-json\/wp\/v2\/product\/3679","targetHints":{"allow":["GET"]}}],"collection":[{"href":"https:\/\/yotavis.ch\/de\/wp-json\/wp\/v2\/product"}],"about":[{"href":"https:\/\/yotavis.ch\/de\/wp-json\/wp\/v2\/types\/product"}],"replies":[{"embeddable":true,"href":"https:\/\/yotavis.ch\/de\/wp-json\/wp\/v2\/comments?post=3679"}],"wp:featuredmedia":[{"embeddable":true,"href":"https:\/\/yotavis.ch\/de\/wp-json\/wp\/v2\/media\/5734"}],"wp:attachment":[{"href":"https:\/\/yotavis.ch\/de\/wp-json\/wp\/v2\/media?parent=3679"}],"wp:term":[{"taxonomy":"product_brand","embeddable":true,"href":"https:\/\/yotavis.ch\/de\/wp-json\/wp\/v2\/product_brand?post=3679"},{"taxonomy":"product_cat","embeddable":true,"href":"https:\/\/yotavis.ch\/de\/wp-json\/wp\/v2\/product_cat?post=3679"},{"taxonomy":"product_tag","embeddable":true,"href":"https:\/\/yotavis.ch\/de\/wp-json\/wp\/v2\/product_tag?post=3679"}],"curies":[{"name":"wp","href":"https:\/\/api.w.org\/{rel}","templated":true}]}}