{"id":3680,"date":"2025-10-09T00:00:00","date_gmt":"2025-10-08T22:00:00","guid":{"rendered":"https:\/\/yotavis.ch\/product\/pb925\/"},"modified":"2026-04-24T13:28:37","modified_gmt":"2026-04-24T11:28:37","slug":"pb925","status":"publish","type":"product","link":"https:\/\/yotavis.ch\/de\/produkt\/pb925\/","title":{"rendered":"PB925"},"content":{"rendered":"<p>Das PB925 ist ein von Siglent entwickeltes Handheld-Oszilloskop mit einer Bandbreite von 250 MHz. Es unterst\u00fctzt Spannungsmessungen bis zu 1000 V und ist f\u00fcr die Sicherheitskategorien CAT II 1000V und CAT III 600V ausgelegt. Dieses Ger\u00e4t ist mit der SHS1000-Serie kompatibel und erweitert deren Funktionalit\u00e4t f\u00fcr verschiedene Messaufgaben. Die Oszilloskop-Option ist mit einer Universalschnittstelle ausgestattet, die eine vielseitige Konnektivit\u00e4t und Integration mit anderen Ger\u00e4ten erm\u00f6glicht. Sein Design konzentriert sich auf eine zuverl\u00e4ssige und genaue Signalanalyse innerhalb der spezifizierten Bandbreiten- und Spannungsgrenzen. Das PB925 eignet sich f\u00fcr Anwender, die eine tragbare L\u00f6sung f\u00fcr die Pr\u00fcfung von Hochspannungs- und Hochfrequenzsignalen ben\u00f6tigen. Es kombiniert Sicherheitseinstufungen und technische Spezifikationen, um die Anforderungen professioneller elektronischer Diagnostik zu erf\u00fcllen.<\/p>","protected":false},"excerpt":{"rendered":"<p>10X CAT II 1000V, CAT III 600V, 250M-Bandbreite, SHS1000-Handoszilloskop-Option<\/p>","protected":false},"featured_media":5735,"comment_status":"closed","ping_status":"closed","template":"","meta":{"_acf_changed":false,"slim_seo":{"title":"PB925 - YOTAVIS AG","description":"10X CAT II 1000V, CAT III 600V, 250M-bandwidth, SHS1000 handheld oscilloscope option"}},"product_brand":[506],"product_cat":[534,509],"product_tag":[],"class_list":{"0":"post-3680","1":"product","2":"type-product","3":"status-publish","4":"has-post-thumbnail","6":"product_brand-siglent","7":"product_cat-passives-probes-en","8":"product_cat-probes-en","9":"pa_bandwidth-mhz-207","10":"pa_interface-universal","11":"pa_voltage-max-v-208","13":"first","14":"instock","15":"taxable","16":"shipping-taxable","17":"purchasable","18":"product-type-simple"},"acf":[],"_links":{"self":[{"href":"https:\/\/yotavis.ch\/de\/wp-json\/wp\/v2\/product\/3680","targetHints":{"allow":["GET"]}}],"collection":[{"href":"https:\/\/yotavis.ch\/de\/wp-json\/wp\/v2\/product"}],"about":[{"href":"https:\/\/yotavis.ch\/de\/wp-json\/wp\/v2\/types\/product"}],"replies":[{"embeddable":true,"href":"https:\/\/yotavis.ch\/de\/wp-json\/wp\/v2\/comments?post=3680"}],"wp:featuredmedia":[{"embeddable":true,"href":"https:\/\/yotavis.ch\/de\/wp-json\/wp\/v2\/media\/5735"}],"wp:attachment":[{"href":"https:\/\/yotavis.ch\/de\/wp-json\/wp\/v2\/media?parent=3680"}],"wp:term":[{"taxonomy":"product_brand","embeddable":true,"href":"https:\/\/yotavis.ch\/de\/wp-json\/wp\/v2\/product_brand?post=3680"},{"taxonomy":"product_cat","embeddable":true,"href":"https:\/\/yotavis.ch\/de\/wp-json\/wp\/v2\/product_cat?post=3680"},{"taxonomy":"product_tag","embeddable":true,"href":"https:\/\/yotavis.ch\/de\/wp-json\/wp\/v2\/product_tag?post=3680"}],"curies":[{"name":"wp","href":"https:\/\/api.w.org\/{rel}","templated":true}]}}