{"id":3683,"date":"2025-10-09T00:00:00","date_gmt":"2025-10-08T22:00:00","guid":{"rendered":"https:\/\/yotavis.ch\/product\/sp5050a\/"},"modified":"2026-04-24T13:28:38","modified_gmt":"2026-04-24T11:28:38","slug":"sp5050a","status":"publish","type":"product","link":"https:\/\/yotavis.ch\/de\/produkt\/sp5050a\/","title":{"rendered":"SP5050A"},"content":{"rendered":"<p>Der SP5050A von Siglent verf\u00fcgt \u00fcber eine 10-fache D\u00e4mpfung mit einer Kapazit\u00e4t von 12pf und einem Eingangswiderstand von 10Mohm. Er arbeitet mit einer Bandbreite von 500 MHz und unterst\u00fctzt eine maximale Spannung von 300 V. Das Ger\u00e4t verf\u00fcgt \u00fcber eine Universalschnittstelle, die vielseitige Anschlussm\u00f6glichkeiten bietet. Diese Spezifikationen zeigen seine Eignung f\u00fcr Anwendungen, die eine pr\u00e4zise Signald\u00e4mpfung und Messung innerhalb der angegebenen elektrischen Parameter erfordern.<\/p>","protected":false},"excerpt":{"rendered":"<p>10-fache Abschw\u00e4chung, 12pf, 10Mohm,<\/p>","protected":false},"featured_media":5740,"comment_status":"closed","ping_status":"closed","template":"","meta":{"_acf_changed":false,"slim_seo":{"title":"SP5050A - YOTAVIS AG","description":"10-fache Abschw\u00e4chung, 12pf, 10Mohm,"}},"product_brand":[506],"product_cat":[534,509],"product_tag":[],"class_list":{"0":"post-3683","1":"product","2":"type-product","3":"status-publish","4":"has-post-thumbnail","6":"product_brand-siglent","7":"product_cat-passives-probes-en","8":"product_cat-probes-en","9":"pa_bandwidth-mhz-83","10":"pa_interface-universal","11":"pa_voltage-max-v-209","13":"first","14":"instock","15":"taxable","16":"shipping-taxable","17":"purchasable","18":"product-type-simple"},"acf":[],"_links":{"self":[{"href":"https:\/\/yotavis.ch\/de\/wp-json\/wp\/v2\/product\/3683","targetHints":{"allow":["GET"]}}],"collection":[{"href":"https:\/\/yotavis.ch\/de\/wp-json\/wp\/v2\/product"}],"about":[{"href":"https:\/\/yotavis.ch\/de\/wp-json\/wp\/v2\/types\/product"}],"replies":[{"embeddable":true,"href":"https:\/\/yotavis.ch\/de\/wp-json\/wp\/v2\/comments?post=3683"}],"wp:featuredmedia":[{"embeddable":true,"href":"https:\/\/yotavis.ch\/de\/wp-json\/wp\/v2\/media\/5740"}],"wp:attachment":[{"href":"https:\/\/yotavis.ch\/de\/wp-json\/wp\/v2\/media?parent=3683"}],"wp:term":[{"taxonomy":"product_brand","embeddable":true,"href":"https:\/\/yotavis.ch\/de\/wp-json\/wp\/v2\/product_brand?post=3683"},{"taxonomy":"product_cat","embeddable":true,"href":"https:\/\/yotavis.ch\/de\/wp-json\/wp\/v2\/product_cat?post=3683"},{"taxonomy":"product_tag","embeddable":true,"href":"https:\/\/yotavis.ch\/de\/wp-json\/wp\/v2\/product_tag?post=3683"}],"curies":[{"name":"wp","href":"https:\/\/api.w.org\/{rel}","templated":true}]}}