{"id":3684,"date":"2025-10-09T00:00:00","date_gmt":"2025-10-08T22:00:00","guid":{"rendered":"https:\/\/yotavis.ch\/product\/sp3050a\/"},"modified":"2026-04-24T13:28:38","modified_gmt":"2026-04-24T11:28:38","slug":"sp3050a","status":"publish","type":"product","link":"https:\/\/yotavis.ch\/de\/produkt\/sp3050a\/","title":{"rendered":"SP3050A"},"content":{"rendered":"<p>Der SP3050A von Siglent bietet eine 10-fache D\u00e4mpfung mit einer Kapazit\u00e4t von 11 pF und einem Eingangswiderstand von 10 M\u03a9. Er arbeitet mit einer Bandbreite von 500 MHz und unterst\u00fctzt eine maximale Spannung von 400 V. Das Ger\u00e4t verf\u00fcgt \u00fcber eine Universalschnittstelle, die vielseitige Anschlussm\u00f6glichkeiten bietet. Mit diesen Spezifikationen eignet es sich f\u00fcr Anwendungen, die eine pr\u00e4zise Signald\u00e4mpfung und Messung innerhalb der angegebenen elektrischen Parameter erfordern.<\/p>","protected":false},"excerpt":{"rendered":"<p>10fache D\u00e4mpfung, 11 pf, 10 Mohm,<\/p>","protected":false},"featured_media":5741,"comment_status":"closed","ping_status":"closed","template":"","meta":{"_acf_changed":false,"slim_seo":{"title":"SP3050A - YOTAVIS AG","description":"10fache D\u00e4mpfung, 11 pf, 10 Mohm,"}},"product_brand":[506],"product_cat":[534,509],"product_tag":[],"class_list":{"0":"post-3684","1":"product","2":"type-product","3":"status-publish","4":"has-post-thumbnail","6":"product_brand-siglent","7":"product_cat-passives-probes-en","8":"product_cat-probes-en","9":"pa_bandwidth-mhz-83","10":"pa_interface-universal","11":"pa_voltage-max-v-210","13":"first","14":"instock","15":"taxable","16":"shipping-taxable","17":"purchasable","18":"product-type-simple"},"acf":[],"_links":{"self":[{"href":"https:\/\/yotavis.ch\/de\/wp-json\/wp\/v2\/product\/3684","targetHints":{"allow":["GET"]}}],"collection":[{"href":"https:\/\/yotavis.ch\/de\/wp-json\/wp\/v2\/product"}],"about":[{"href":"https:\/\/yotavis.ch\/de\/wp-json\/wp\/v2\/types\/product"}],"replies":[{"embeddable":true,"href":"https:\/\/yotavis.ch\/de\/wp-json\/wp\/v2\/comments?post=3684"}],"wp:featuredmedia":[{"embeddable":true,"href":"https:\/\/yotavis.ch\/de\/wp-json\/wp\/v2\/media\/5741"}],"wp:attachment":[{"href":"https:\/\/yotavis.ch\/de\/wp-json\/wp\/v2\/media?parent=3684"}],"wp:term":[{"taxonomy":"product_brand","embeddable":true,"href":"https:\/\/yotavis.ch\/de\/wp-json\/wp\/v2\/product_brand?post=3684"},{"taxonomy":"product_cat","embeddable":true,"href":"https:\/\/yotavis.ch\/de\/wp-json\/wp\/v2\/product_cat?post=3684"},{"taxonomy":"product_tag","embeddable":true,"href":"https:\/\/yotavis.ch\/de\/wp-json\/wp\/v2\/product_tag?post=3684"}],"curies":[{"name":"wp","href":"https:\/\/api.w.org\/{rel}","templated":true}]}}