{"id":3688,"date":"2025-10-09T00:00:00","date_gmt":"2025-10-08T22:00:00","guid":{"rendered":"https:\/\/yotavis.ch\/product\/cpl5100\/"},"modified":"2026-04-24T13:28:40","modified_gmt":"2026-04-24T11:28:40","slug":"cpl5100","status":"publish","type":"product","link":"https:\/\/yotavis.ch\/de\/produkt\/cpl5100\/","title":{"rendered":"CPL5100"},"content":{"rendered":"<p>Der CPL5100 arbeitet mit einer Bandbreite von DC bis 600 kHz und unterst\u00fctzt einen Strombereich mit zwei Stufen: Low (L) von 50mA bis 10A Spitze und High (H) von 1A bis 100A Spitze. Er bietet eine D\u00e4mpfungsgenauigkeit von 0,1V\/A f\u00fcr den niedrigen Bereich und 0,01V\/A f\u00fcr den hohen Bereich. Die typische DC-Pr\u00e4zision variiert je nach Strombereich, wobei der niedrige Bereich 3% \u00b1 50mA und der hohe Bereich 4% \u00b1 50mA f\u00fcr Str\u00f6me zwischen 500mA und 40A Spitze und maximal \u00b115% f\u00fcr Str\u00f6me von 40A bis 100A Spitze bietet. Das Ger\u00e4t hat eine Anstiegszeit von h\u00f6chstens 583 Nanosekunden. Es arbeitet mit einer RMS-Spannung von CATI 600V, CATII 600V und CATIII 300V. Die Stromversorgung erfolgt \u00fcber eine 9-V-Alkalibatterie mit Schichtaufbau, die eine Betriebsdauer von etwa 15 Stunden erm\u00f6glicht. Das Produkt wird von Siglent hergestellt und verf\u00fcgt \u00fcber eine Universalschnittstelle.<\/p>","protected":false},"excerpt":{"rendered":"<p>Bandbreite: DC-600 kHz; Strombereich: L(50mA~10A Peak), H(1A~100A Peak); D\u00e4mpfungsgenauigkeit L(0.1V\/A), H(0.01V\/A); Typische DC-Genauigkeit: L(3%\u00b150mA),H(500mA~40A Peak \uff1a4%\u00b150mA\uff1b40A~100A Peak \uff1a\u00b115% Maximum); Anstiegszeit: \u2264583ns; Betriebsspannung RMS: CATI 600V CATII 600V CATIII 300V; 9V alkalische Schichtbatterie\/ 15H<\/p>","protected":false},"featured_media":5750,"comment_status":"closed","ping_status":"closed","template":"","meta":{"_acf_changed":false,"slim_seo":{"title":"CPL5100 - YOTAVIS AG","description":"Bandwidth: DC-600 kHz ; Current Range: L(50mA~10A Peak), H(1A~100A Peak); Attenuation accuracy L(0.1V\/A), H(0.01V\/A); Typical DC precision: L(3%\u00b150mA),H(500mA~4"}},"product_brand":[506],"product_cat":[536,509],"product_tag":[],"class_list":{"0":"post-3688","1":"product","2":"type-product","3":"status-publish","4":"has-post-thumbnail","6":"product_brand-siglent","7":"product_cat-current-probes-en","8":"product_cat-probes-en","9":"pa_bandwidth-mhz-0-6","10":"pa_current-max-a-445","11":"pa_interface-universal","13":"first","14":"instock","15":"taxable","16":"shipping-taxable","17":"purchasable","18":"product-type-simple"},"acf":[],"_links":{"self":[{"href":"https:\/\/yotavis.ch\/de\/wp-json\/wp\/v2\/product\/3688","targetHints":{"allow":["GET"]}}],"collection":[{"href":"https:\/\/yotavis.ch\/de\/wp-json\/wp\/v2\/product"}],"about":[{"href":"https:\/\/yotavis.ch\/de\/wp-json\/wp\/v2\/types\/product"}],"replies":[{"embeddable":true,"href":"https:\/\/yotavis.ch\/de\/wp-json\/wp\/v2\/comments?post=3688"}],"wp:featuredmedia":[{"embeddable":true,"href":"https:\/\/yotavis.ch\/de\/wp-json\/wp\/v2\/media\/5750"}],"wp:attachment":[{"href":"https:\/\/yotavis.ch\/de\/wp-json\/wp\/v2\/media?parent=3688"}],"wp:term":[{"taxonomy":"product_brand","embeddable":true,"href":"https:\/\/yotavis.ch\/de\/wp-json\/wp\/v2\/product_brand?post=3688"},{"taxonomy":"product_cat","embeddable":true,"href":"https:\/\/yotavis.ch\/de\/wp-json\/wp\/v2\/product_cat?post=3688"},{"taxonomy":"product_tag","embeddable":true,"href":"https:\/\/yotavis.ch\/de\/wp-json\/wp\/v2\/product_tag?post=3688"}],"curies":[{"name":"wp","href":"https:\/\/api.w.org\/{rel}","templated":true}]}}