{"id":3689,"date":"2025-10-09T00:00:00","date_gmt":"2025-10-08T22:00:00","guid":{"rendered":"https:\/\/yotavis.ch\/product\/cp4020\/"},"modified":"2026-04-24T13:28:40","modified_gmt":"2026-04-24T11:28:40","slug":"cp4020","status":"publish","type":"product","link":"https:\/\/yotavis.ch\/de\/produkt\/cp4020\/","title":{"rendered":"CP4020"},"content":{"rendered":"<p>Der Siglent CP4020 verf\u00fcgt \u00fcber eine Bandbreite von 100 kHz, so dass er Signale innerhalb dieses Frequenzbereichs effektiv verarbeiten kann. Er unterst\u00fctzt einen maximalen Dauerstrom von 20 Arms und kann somit auch unter anhaltend hohen Strombedingungen arbeiten. Der Baustein ist in der Lage, Spitzenstr\u00f6me von bis zu 60 A zu verarbeiten und bietet damit Flexibilit\u00e4t f\u00fcr kurze Stromst\u00f6\u00dfe mit h\u00f6heren Anforderungen. Er hat ein Schaltverh\u00e4ltnis von 50 mV\/A und ein zus\u00e4tzliches Verh\u00e4ltnis von 5 mV\/A, was f\u00fcr eine genaue Strommessung und Signalumwandlung entscheidend ist. Der CP4020 arbeitet mit einem maximalen Nennstrom von 20 A und verf\u00fcgt \u00fcber eine Universalschnittstelle f\u00fcr den Anschluss. Seine Bandbreite ist mit 0,1 MHz angegeben, was mit der erw\u00e4hnten Bandbreite von 100 kHz \u00fcbereinstimmt. Mit diesen Spezifikationen eignet sich der CP4020 f\u00fcr Anwendungen, die eine pr\u00e4zise Strommessung und -regelung innerhalb der angegebenen elektrischen Parameter erfordern.<\/p>","protected":false},"excerpt":{"rendered":"<p>Bandbreite: 100KHz; maximaler Dauerstrom 20Arms; Spitzenstrom 60A; Schaltverh\u00e4ltnis: 50mV\/A; 5mV\/A;<\/p>","protected":false},"featured_media":5753,"comment_status":"closed","ping_status":"closed","template":"","meta":{"_acf_changed":false,"slim_seo":{"title":"CP4020 - YOTAVIS AG","description":"Bandbreite: 100KHz; maximaler Dauerstrom 20Arms; Spitzenstrom 60A; Schaltverh\u00e4ltnis: 50mV\/A; 5mV\/A;"}},"product_brand":[506],"product_cat":[536,509],"product_tag":[],"class_list":{"0":"post-3689","1":"product","2":"type-product","3":"status-publish","4":"has-post-thumbnail","6":"product_brand-siglent","7":"product_cat-current-probes-en","8":"product_cat-probes-en","9":"pa_bandwidth-mhz-0-1","10":"pa_current-max-a-447","11":"pa_interface-universal","13":"first","14":"instock","15":"taxable","16":"shipping-taxable","17":"purchasable","18":"product-type-simple"},"acf":[],"_links":{"self":[{"href":"https:\/\/yotavis.ch\/de\/wp-json\/wp\/v2\/product\/3689","targetHints":{"allow":["GET"]}}],"collection":[{"href":"https:\/\/yotavis.ch\/de\/wp-json\/wp\/v2\/product"}],"about":[{"href":"https:\/\/yotavis.ch\/de\/wp-json\/wp\/v2\/types\/product"}],"replies":[{"embeddable":true,"href":"https:\/\/yotavis.ch\/de\/wp-json\/wp\/v2\/comments?post=3689"}],"wp:featuredmedia":[{"embeddable":true,"href":"https:\/\/yotavis.ch\/de\/wp-json\/wp\/v2\/media\/5753"}],"wp:attachment":[{"href":"https:\/\/yotavis.ch\/de\/wp-json\/wp\/v2\/media?parent=3689"}],"wp:term":[{"taxonomy":"product_brand","embeddable":true,"href":"https:\/\/yotavis.ch\/de\/wp-json\/wp\/v2\/product_brand?post=3689"},{"taxonomy":"product_cat","embeddable":true,"href":"https:\/\/yotavis.ch\/de\/wp-json\/wp\/v2\/product_cat?post=3689"},{"taxonomy":"product_tag","embeddable":true,"href":"https:\/\/yotavis.ch\/de\/wp-json\/wp\/v2\/product_tag?post=3689"}],"curies":[{"name":"wp","href":"https:\/\/api.w.org\/{rel}","templated":true}]}}