{"id":3690,"date":"2025-10-09T00:00:00","date_gmt":"2025-10-08T22:00:00","guid":{"rendered":"https:\/\/yotavis.ch\/product\/cp4050\/"},"modified":"2026-04-24T13:28:43","modified_gmt":"2026-04-24T11:28:43","slug":"cp4050","status":"publish","type":"product","link":"https:\/\/yotavis.ch\/de\/produkt\/cp4050\/","title":{"rendered":"CP4050"},"content":{"rendered":"<p>Der Siglent CP4050 verf\u00fcgt \u00fcber eine Bandbreite von 1 MHz und ist damit f\u00fcr Anwendungen geeignet, die diesen Frequenzbereich erfordern. Er unterst\u00fctzt einen maximalen Dauerstrom von 50 Arms und erm\u00f6glicht so einen dauerhaften Betrieb unter hohen elektrischen Lasten. Der Baustein kann Spitzenstr\u00f6me von bis zu 140 A bew\u00e4ltigen und ist somit f\u00fcr kurze Stromst\u00f6\u00dfe mit h\u00f6herem Strom geeignet. Er hat ein Schaltverh\u00e4ltnis von 500 mV\/A und ein zus\u00e4tzliches Verh\u00e4ltnis von 50 mV\/A, die f\u00fcr eine pr\u00e4zise Strommessung und -steuerung wichtig sind. Der CP4050 arbeitet mit einer universellen Schnittstelle, die die Kompatibilit\u00e4t mit verschiedenen Systemen und Einrichtungen gew\u00e4hrleistet. Sein maximaler Nennstrom betr\u00e4gt 50 A, was seiner Dauerstromf\u00e4higkeit entspricht. Dieses Produkt wird von Siglent entwickelt und hergestellt, einer Marke, die f\u00fcr ihre elektronischen Messinstrumente bekannt ist.<\/p>","protected":false},"excerpt":{"rendered":"<p>Bandbreite: 1MHz; maximaler Dauerstrom 50Arms; Spitzenstrom 140A; Schaltverh\u00e4ltnis: 500mV\/A; 50mV\/A;<\/p>","protected":false},"featured_media":5759,"comment_status":"closed","ping_status":"closed","template":"","meta":{"_acf_changed":false,"slim_seo":{"title":"CP4050 - YOTAVIS AG","description":"Bandbreite: 1MHz; maximaler Dauerstrom 50Arms; Spitzenstrom 140A; Schaltverh\u00e4ltnis: 500mV\/A; 50mV\/A;"}},"product_brand":[506],"product_cat":[536,509],"product_tag":[],"class_list":{"0":"post-3690","1":"product","2":"type-product","3":"status-publish","4":"has-post-thumbnail","6":"product_brand-siglent","7":"product_cat-current-probes-en","8":"product_cat-probes-en","9":"pa_bandwidth-mhz-216","10":"pa_current-max-a-448","11":"pa_interface-universal","13":"first","14":"instock","15":"taxable","16":"shipping-taxable","17":"purchasable","18":"product-type-simple"},"acf":[],"_links":{"self":[{"href":"https:\/\/yotavis.ch\/de\/wp-json\/wp\/v2\/product\/3690","targetHints":{"allow":["GET"]}}],"collection":[{"href":"https:\/\/yotavis.ch\/de\/wp-json\/wp\/v2\/product"}],"about":[{"href":"https:\/\/yotavis.ch\/de\/wp-json\/wp\/v2\/types\/product"}],"replies":[{"embeddable":true,"href":"https:\/\/yotavis.ch\/de\/wp-json\/wp\/v2\/comments?post=3690"}],"wp:featuredmedia":[{"embeddable":true,"href":"https:\/\/yotavis.ch\/de\/wp-json\/wp\/v2\/media\/5759"}],"wp:attachment":[{"href":"https:\/\/yotavis.ch\/de\/wp-json\/wp\/v2\/media?parent=3690"}],"wp:term":[{"taxonomy":"product_brand","embeddable":true,"href":"https:\/\/yotavis.ch\/de\/wp-json\/wp\/v2\/product_brand?post=3690"},{"taxonomy":"product_cat","embeddable":true,"href":"https:\/\/yotavis.ch\/de\/wp-json\/wp\/v2\/product_cat?post=3690"},{"taxonomy":"product_tag","embeddable":true,"href":"https:\/\/yotavis.ch\/de\/wp-json\/wp\/v2\/product_tag?post=3690"}],"curies":[{"name":"wp","href":"https:\/\/api.w.org\/{rel}","templated":true}]}}