{"id":3691,"date":"2025-10-09T00:00:00","date_gmt":"2025-10-08T22:00:00","guid":{"rendered":"https:\/\/yotavis.ch\/product\/cp4070\/"},"modified":"2026-04-24T13:28:43","modified_gmt":"2026-04-24T11:28:43","slug":"cp4070","status":"publish","type":"product","link":"https:\/\/yotavis.ch\/de\/produkt\/cp4070\/","title":{"rendered":"CP4070"},"content":{"rendered":"<p>Der Siglent CP4070 verf\u00fcgt \u00fcber eine Bandbreite von 300 kHz, so dass er Signale innerhalb dieses Frequenzbereichs effektiv verarbeiten kann. Er unterst\u00fctzt einen maximalen Dauerstrom von 70Arms, was einen zuverl\u00e4ssigen Betrieb unter anhaltenden Lastbedingungen gew\u00e4hrleistet. Der Baustein kann Spitzenstr\u00f6me von bis zu 200A verarbeiten und kurze Stromst\u00f6\u00dfe mit h\u00f6herem Strom ohne Schaden \u00fcberstehen. Es bietet ein Schaltverh\u00e4ltnis von 50mV\/A und 5mV\/A und damit Flexibilit\u00e4t bei der Messempfindlichkeit. Die maximale Strombelastbarkeit betr\u00e4gt 70 A, und er verf\u00fcgt \u00fcber eine Universalschnittstelle f\u00fcr den Anschluss. Dar\u00fcber hinaus ist die Bandbreite mit 0,15 MHz angegeben, was darauf hindeutet, dass er auch Signale in diesem schmaleren Frequenzband verarbeiten kann. Mit diesen Spezifikationen eignet sich der CP4070 f\u00fcr Anwendungen, die eine pr\u00e4zise Strommessung und -regelung innerhalb der angegebenen elektrischen Parameter erfordern.<\/p>","protected":false},"excerpt":{"rendered":"<p>Bandbreite: 300kHz; Maximaler Dauerstrom 70Arms; Spitzenstrom 200A; Schaltverh\u00e4ltnis\uff1a50mV\/A\u30015mV\/A;<\/p>","protected":false},"featured_media":5757,"comment_status":"closed","ping_status":"closed","template":"","meta":{"_acf_changed":false,"slim_seo":{"title":"CP4070 - YOTAVIS AG","description":"Bandbreite: 300kHz; Maximaler Dauerstrom 70Arms; Spitzenstrom 200A; Schaltverh\u00e4ltnis\uff1a50mV\/A\u30015mV\/A;"}},"product_brand":[506],"product_cat":[536,509],"product_tag":[],"class_list":{"0":"post-3691","1":"product","2":"type-product","3":"status-publish","4":"has-post-thumbnail","6":"product_brand-siglent","7":"product_cat-current-probes-en","8":"product_cat-probes-en","9":"pa_bandwidth-mhz-0-15","10":"pa_current-max-a-449","11":"pa_interface-universal","13":"first","14":"instock","15":"taxable","16":"shipping-taxable","17":"purchasable","18":"product-type-simple"},"acf":[],"_links":{"self":[{"href":"https:\/\/yotavis.ch\/de\/wp-json\/wp\/v2\/product\/3691","targetHints":{"allow":["GET"]}}],"collection":[{"href":"https:\/\/yotavis.ch\/de\/wp-json\/wp\/v2\/product"}],"about":[{"href":"https:\/\/yotavis.ch\/de\/wp-json\/wp\/v2\/types\/product"}],"replies":[{"embeddable":true,"href":"https:\/\/yotavis.ch\/de\/wp-json\/wp\/v2\/comments?post=3691"}],"wp:featuredmedia":[{"embeddable":true,"href":"https:\/\/yotavis.ch\/de\/wp-json\/wp\/v2\/media\/5757"}],"wp:attachment":[{"href":"https:\/\/yotavis.ch\/de\/wp-json\/wp\/v2\/media?parent=3691"}],"wp:term":[{"taxonomy":"product_brand","embeddable":true,"href":"https:\/\/yotavis.ch\/de\/wp-json\/wp\/v2\/product_brand?post=3691"},{"taxonomy":"product_cat","embeddable":true,"href":"https:\/\/yotavis.ch\/de\/wp-json\/wp\/v2\/product_cat?post=3691"},{"taxonomy":"product_tag","embeddable":true,"href":"https:\/\/yotavis.ch\/de\/wp-json\/wp\/v2\/product_tag?post=3691"}],"curies":[{"name":"wp","href":"https:\/\/api.w.org\/{rel}","templated":true}]}}