{"id":3692,"date":"2025-10-09T00:00:00","date_gmt":"2025-10-08T22:00:00","guid":{"rendered":"https:\/\/yotavis.ch\/product\/cp4070a\/"},"modified":"2026-04-24T13:28:44","modified_gmt":"2026-04-24T11:28:44","slug":"cp4070a","status":"publish","type":"product","link":"https:\/\/yotavis.ch\/de\/produkt\/cp4070a\/","title":{"rendered":"CP4070A"},"content":{"rendered":"<p>Der CP4070A von Siglent verf\u00fcgt \u00fcber eine Bandbreite von 300kHz und eignet sich damit f\u00fcr verschiedene Strommessanwendungen. Er unterst\u00fctzt einen maximalen Dauerstrom von 70Arms und kann Spitzenstr\u00f6me bis zu 200A verarbeiten. Das Ger\u00e4t bietet ein Schaltverh\u00e4ltnis von 100mV\/A und 10mV\/A und damit Flexibilit\u00e4t bei der Messempfindlichkeit. Das Ger\u00e4t verf\u00fcgt \u00fcber eine universelle Schnittstelle, die eine breite Kompatibilit\u00e4t mit verschiedenen Systemen erm\u00f6glicht. Die maximale Strombelastbarkeit von 70A stellt sicher, dass das Ger\u00e4t gro\u00dfe elektrische Lasten bew\u00e4ltigen kann. Mit einer Bandbreite von 0,3MHz ist der CP4070A f\u00fcr eine pr\u00e4zise Strommessung innerhalb seines spezifizierten Frequenzbereichs ausgelegt. Diese Kombination von Merkmalen macht ihn zu einer praktischen Wahl f\u00fcr die \u00dcberwachung und Messung von Strom in verschiedenen elektrischen Umgebungen.<\/p>","protected":false},"excerpt":{"rendered":"<p>Bandbreite: 300kHz; Maximaler Dauerstrom 70Arms; Spitzenstrom 200A; Schaltverh\u00e4ltnis\uff1a100mV\/A\u300110mV\/A;<\/p>","protected":false},"featured_media":5761,"comment_status":"closed","ping_status":"closed","template":"","meta":{"_acf_changed":false,"slim_seo":{"title":"CP4070A - YOTAVIS AG","description":"Bandbreite: 300kHz; Maximaler Dauerstrom 70Arms; Spitzenstrom 200A; Schaltverh\u00e4ltnis\uff1a100mV\/A\u300110mV\/A;"}},"product_brand":[506],"product_cat":[536,509],"product_tag":[],"class_list":{"0":"post-3692","1":"product","2":"type-product","3":"status-publish","4":"has-post-thumbnail","6":"product_brand-siglent","7":"product_cat-current-probes-en","8":"product_cat-probes-en","9":"pa_bandwidth-mhz-0-3","10":"pa_current-max-a-449","11":"pa_interface-universal","13":"first","14":"instock","15":"taxable","16":"shipping-taxable","17":"purchasable","18":"product-type-simple"},"acf":[],"_links":{"self":[{"href":"https:\/\/yotavis.ch\/de\/wp-json\/wp\/v2\/product\/3692","targetHints":{"allow":["GET"]}}],"collection":[{"href":"https:\/\/yotavis.ch\/de\/wp-json\/wp\/v2\/product"}],"about":[{"href":"https:\/\/yotavis.ch\/de\/wp-json\/wp\/v2\/types\/product"}],"replies":[{"embeddable":true,"href":"https:\/\/yotavis.ch\/de\/wp-json\/wp\/v2\/comments?post=3692"}],"wp:featuredmedia":[{"embeddable":true,"href":"https:\/\/yotavis.ch\/de\/wp-json\/wp\/v2\/media\/5761"}],"wp:attachment":[{"href":"https:\/\/yotavis.ch\/de\/wp-json\/wp\/v2\/media?parent=3692"}],"wp:term":[{"taxonomy":"product_brand","embeddable":true,"href":"https:\/\/yotavis.ch\/de\/wp-json\/wp\/v2\/product_brand?post=3692"},{"taxonomy":"product_cat","embeddable":true,"href":"https:\/\/yotavis.ch\/de\/wp-json\/wp\/v2\/product_cat?post=3692"},{"taxonomy":"product_tag","embeddable":true,"href":"https:\/\/yotavis.ch\/de\/wp-json\/wp\/v2\/product_tag?post=3692"}],"curies":[{"name":"wp","href":"https:\/\/api.w.org\/{rel}","templated":true}]}}