{"id":3693,"date":"2025-10-09T00:00:00","date_gmt":"2025-10-08T22:00:00","guid":{"rendered":"https:\/\/yotavis.ch\/product\/cp6030\/"},"modified":"2026-04-24T13:28:44","modified_gmt":"2026-04-24T11:28:44","slug":"cp6030","status":"publish","type":"product","link":"https:\/\/yotavis.ch\/de\/produkt\/cp6030\/","title":{"rendered":"CP6030"},"content":{"rendered":"<p>Der Siglent CP6030 verf\u00fcgt \u00fcber eine Bandbreite von 50MHz und eignet sich damit f\u00fcr verschiedene Messanwendungen in diesem Frequenzbereich. Er unterst\u00fctzt einen maximalen Dauerstrom von 30Arms, was einen dauerhaften Betrieb unter erheblichen Stromlasten erm\u00f6glicht. Der Baustein kann Spitzenstr\u00f6me von bis zu 50A verarbeiten und bietet somit Flexibilit\u00e4t f\u00fcr transiente Bedingungen. Sein Schaltverh\u00e4ltnis ist mit 5A\/30A spezifiziert, was auf die F\u00e4higkeit hinweist, effizient zwischen verschiedenen Stromst\u00e4rken zu schalten. Der CP6030 ist mit einer universellen Schnittstelle ausgestattet, die die Kompatibilit\u00e4t mit einer Reihe von Systemen und Konfigurationen erm\u00f6glicht. Diese Kombination aus Bandbreite, Stromverarbeitung und Schnittstellenoptionen macht den CP6030 zu einem vielseitigen Werkzeug f\u00fcr Strommessaufgaben.<\/p>","protected":false},"excerpt":{"rendered":"<p>Bandbreite: 50MHz; maximaler Dauerstrom 30Arms; Spitzenstrom 50A; Schaltverh\u00e4ltnis: 5A\/30A;<\/p>","protected":false},"featured_media":5762,"comment_status":"closed","ping_status":"closed","template":"","meta":{"_acf_changed":false,"slim_seo":{"title":"CP6030 - YOTAVIS AG","description":"Bandbreite: 50MHz; maximaler Dauerstrom 30Arms; Spitzenstrom 50A; Schaltverh\u00e4ltnis: 5A\/30A;"}},"product_brand":[506],"product_cat":[536,509],"product_tag":[],"class_list":{"0":"post-3693","1":"product","2":"type-product","3":"status-publish","4":"has-post-thumbnail","6":"product_brand-siglent","7":"product_cat-current-probes-en","8":"product_cat-probes-en","9":"pa_bandwidth-mhz-100","10":"pa_current-max-a-450","11":"pa_interface-universal","13":"first","14":"instock","15":"taxable","16":"shipping-taxable","17":"purchasable","18":"product-type-simple"},"acf":[],"_links":{"self":[{"href":"https:\/\/yotavis.ch\/de\/wp-json\/wp\/v2\/product\/3693","targetHints":{"allow":["GET"]}}],"collection":[{"href":"https:\/\/yotavis.ch\/de\/wp-json\/wp\/v2\/product"}],"about":[{"href":"https:\/\/yotavis.ch\/de\/wp-json\/wp\/v2\/types\/product"}],"replies":[{"embeddable":true,"href":"https:\/\/yotavis.ch\/de\/wp-json\/wp\/v2\/comments?post=3693"}],"wp:featuredmedia":[{"embeddable":true,"href":"https:\/\/yotavis.ch\/de\/wp-json\/wp\/v2\/media\/5762"}],"wp:attachment":[{"href":"https:\/\/yotavis.ch\/de\/wp-json\/wp\/v2\/media?parent=3693"}],"wp:term":[{"taxonomy":"product_brand","embeddable":true,"href":"https:\/\/yotavis.ch\/de\/wp-json\/wp\/v2\/product_brand?post=3693"},{"taxonomy":"product_cat","embeddable":true,"href":"https:\/\/yotavis.ch\/de\/wp-json\/wp\/v2\/product_cat?post=3693"},{"taxonomy":"product_tag","embeddable":true,"href":"https:\/\/yotavis.ch\/de\/wp-json\/wp\/v2\/product_tag?post=3693"}],"curies":[{"name":"wp","href":"https:\/\/api.w.org\/{rel}","templated":true}]}}