{"id":3694,"date":"2025-10-09T00:00:00","date_gmt":"2025-10-08T22:00:00","guid":{"rendered":"https:\/\/yotavis.ch\/product\/cp6030a\/"},"modified":"2026-04-24T13:28:44","modified_gmt":"2026-04-24T11:28:44","slug":"cp6030a","status":"publish","type":"product","link":"https:\/\/yotavis.ch\/de\/produkt\/cp6030a\/","title":{"rendered":"CP6030A"},"content":{"rendered":"<p>Der CP6030A von Siglent verf\u00fcgt \u00fcber eine Bandbreite von 100MHz und eignet sich damit f\u00fcr verschiedene Messanwendungen. Er unterst\u00fctzt einen maximalen Dauerstrom von 30Arms, was einen dauerhaften Betrieb unter erheblichen Lastbedingungen erm\u00f6glicht. Der Baustein kann Spitzenstr\u00f6me von bis zu 50A verarbeiten und bietet damit Flexibilit\u00e4t f\u00fcr transiente Strommessungen. Sein Schaltverh\u00e4ltnis ist mit 5A\/30 spezifiziert, was auf seine F\u00e4higkeit hinweist, effizient zwischen verschiedenen Stromst\u00e4rken umzuschalten. Das CP6030A ist mit einer Universalschnittstelle ausgestattet, die die Kompatibilit\u00e4t mit einer Reihe von Systemen und Konfigurationen erm\u00f6glicht. Die maximale Stromst\u00e4rke betr\u00e4gt 30 A und entspricht damit der Dauerstromkapazit\u00e4t. Diese Kombination von Merkmalen macht das CP6030A zu einem vielseitigen Werkzeug f\u00fcr Strommessaufgaben innerhalb seiner spezifizierten elektrischen Parameter.<\/p>","protected":false},"excerpt":{"rendered":"<p>Bandbreite: 100MHz; maximaler Dauerstrom 30Arms; Spitzenstrom 50A; Schaltverh\u00e4ltnis\uff1a5A\/30;<\/p>","protected":false},"featured_media":5763,"comment_status":"closed","ping_status":"closed","template":"","meta":{"_acf_changed":false,"slim_seo":{"title":"CP6030A - YOTAVIS AG","description":"Bandbreite: 100MHz; maximaler Dauerstrom 30Arms; Spitzenstrom 50A; Schaltverh\u00e4ltnis\uff1a5A\/30;"}},"product_brand":[506],"product_cat":[536,509],"product_tag":[],"class_list":{"0":"post-3694","1":"product","2":"type-product","3":"status-publish","4":"has-post-thumbnail","6":"product_brand-siglent","7":"product_cat-current-probes-en","8":"product_cat-probes-en","9":"pa_bandwidth-mhz-90","10":"pa_current-max-a-450","11":"pa_interface-universal","13":"first","14":"instock","15":"taxable","16":"shipping-taxable","17":"purchasable","18":"product-type-simple"},"acf":[],"_links":{"self":[{"href":"https:\/\/yotavis.ch\/de\/wp-json\/wp\/v2\/product\/3694","targetHints":{"allow":["GET"]}}],"collection":[{"href":"https:\/\/yotavis.ch\/de\/wp-json\/wp\/v2\/product"}],"about":[{"href":"https:\/\/yotavis.ch\/de\/wp-json\/wp\/v2\/types\/product"}],"replies":[{"embeddable":true,"href":"https:\/\/yotavis.ch\/de\/wp-json\/wp\/v2\/comments?post=3694"}],"wp:featuredmedia":[{"embeddable":true,"href":"https:\/\/yotavis.ch\/de\/wp-json\/wp\/v2\/media\/5763"}],"wp:attachment":[{"href":"https:\/\/yotavis.ch\/de\/wp-json\/wp\/v2\/media?parent=3694"}],"wp:term":[{"taxonomy":"product_brand","embeddable":true,"href":"https:\/\/yotavis.ch\/de\/wp-json\/wp\/v2\/product_brand?post=3694"},{"taxonomy":"product_cat","embeddable":true,"href":"https:\/\/yotavis.ch\/de\/wp-json\/wp\/v2\/product_cat?post=3694"},{"taxonomy":"product_tag","embeddable":true,"href":"https:\/\/yotavis.ch\/de\/wp-json\/wp\/v2\/product_tag?post=3694"}],"curies":[{"name":"wp","href":"https:\/\/api.w.org\/{rel}","templated":true}]}}