{"id":3695,"date":"2025-10-09T00:00:00","date_gmt":"2025-10-08T22:00:00","guid":{"rendered":"https:\/\/yotavis.ch\/product\/cp6150\/"},"modified":"2026-04-24T13:28:45","modified_gmt":"2026-04-24T11:28:45","slug":"cp6150","status":"publish","type":"product","link":"https:\/\/yotavis.ch\/de\/produkt\/cp6150\/","title":{"rendered":"CP6150"},"content":{"rendered":"<p>Der Siglent CP6150 verf\u00fcgt \u00fcber eine Bandbreite von 12 MHz und unterst\u00fctzt einen maximalen Dauerstrom von 150 Arms. Er ist in der Lage, einen Spitzenstrom von bis zu 300 A zu bew\u00e4ltigen und eignet sich daher f\u00fcr Anwendungen, die eine hohe Stromkapazit\u00e4t erfordern. Der Baustein bietet ein Schaltverh\u00e4ltnis von 30 A bis 150 A und erm\u00f6glicht so ein flexibles Strommanagement. Der CP6150 ist mit einer Universalschnittstelle ausgestattet, die die Kompatibilit\u00e4t mit verschiedenen Systemen und Konfigurationen gew\u00e4hrleistet. Dieses Produkt wurde entwickelt, um spezifische elektrische Anforderungen zu erf\u00fcllen, wobei der Schwerpunkt auf der Stromverarbeitung und den Bandbreitenf\u00e4higkeiten liegt. Seine Spezifikationen unterstreichen seine F\u00e4higkeit, gro\u00dfe elektrische Lasten zu verwalten und gleichzeitig die Betriebseffizienz aufrechtzuerhalten. Die Kombination dieser Merkmale macht den CP6150 zu einem pr\u00e4zisen Werkzeug f\u00fcr Strommess- und -steuerungsaufgaben.<\/p>","protected":false},"excerpt":{"rendered":"<p>Bandbreite: 12MHz; maximaler Dauerstrom 150Arms; Spitzenstrom 300A; Schaltverh\u00e4ltnis: 30A\/150A;<\/p>","protected":false},"featured_media":5766,"comment_status":"closed","ping_status":"closed","template":"","meta":{"_acf_changed":false,"slim_seo":{"title":"CP6150 - YOTAVIS AG","description":"Bandbreite: 12MHz; maximaler Dauerstrom 150Arms; Spitzenstrom 300A; Schaltverh\u00e4ltnis: 30A\/150A;"}},"product_brand":[506],"product_cat":[536,509],"product_tag":[],"class_list":{"0":"post-3695","1":"product","2":"type-product","3":"status-publish","4":"has-post-thumbnail","6":"product_brand-siglent","7":"product_cat-current-probes-en","8":"product_cat-probes-en","9":"pa_bandwidth-mhz-219","10":"pa_current-max-a-451","11":"pa_interface-universal","13":"first","14":"instock","15":"taxable","16":"shipping-taxable","17":"purchasable","18":"product-type-simple"},"acf":[],"_links":{"self":[{"href":"https:\/\/yotavis.ch\/de\/wp-json\/wp\/v2\/product\/3695","targetHints":{"allow":["GET"]}}],"collection":[{"href":"https:\/\/yotavis.ch\/de\/wp-json\/wp\/v2\/product"}],"about":[{"href":"https:\/\/yotavis.ch\/de\/wp-json\/wp\/v2\/types\/product"}],"replies":[{"embeddable":true,"href":"https:\/\/yotavis.ch\/de\/wp-json\/wp\/v2\/comments?post=3695"}],"wp:featuredmedia":[{"embeddable":true,"href":"https:\/\/yotavis.ch\/de\/wp-json\/wp\/v2\/media\/5766"}],"wp:attachment":[{"href":"https:\/\/yotavis.ch\/de\/wp-json\/wp\/v2\/media?parent=3695"}],"wp:term":[{"taxonomy":"product_brand","embeddable":true,"href":"https:\/\/yotavis.ch\/de\/wp-json\/wp\/v2\/product_brand?post=3695"},{"taxonomy":"product_cat","embeddable":true,"href":"https:\/\/yotavis.ch\/de\/wp-json\/wp\/v2\/product_cat?post=3695"},{"taxonomy":"product_tag","embeddable":true,"href":"https:\/\/yotavis.ch\/de\/wp-json\/wp\/v2\/product_tag?post=3695"}],"curies":[{"name":"wp","href":"https:\/\/api.w.org\/{rel}","templated":true}]}}