{"id":3696,"date":"2025-10-09T00:00:00","date_gmt":"2025-10-08T22:00:00","guid":{"rendered":"https:\/\/yotavis.ch\/product\/cp6500\/"},"modified":"2026-04-24T13:28:45","modified_gmt":"2026-04-24T11:28:45","slug":"cp6500","status":"publish","type":"product","link":"https:\/\/yotavis.ch\/de\/produkt\/cp6500\/","title":{"rendered":"CP6500"},"content":{"rendered":"<p>Der Siglent CP6500 verf\u00fcgt \u00fcber eine Bandbreite von 5 MHz und unterst\u00fctzt einen maximalen Dauerstrom von 500 Arms und einen Spitzenstrom von 750 A. Er bietet ein Schaltverh\u00e4ltnis von 75 A zu 500 A und erm\u00f6glicht so ein effizientes Strommanagement innerhalb seines spezifizierten Bereichs. Das Ger\u00e4t ist mit einer universellen Schnittstelle ausgestattet, die die Kompatibilit\u00e4t mit verschiedenen Systemen und Konfigurationen erm\u00f6glicht. Die maximale Stromst\u00e4rke liegt bei 500 A, wodurch sichergestellt wird, dass das Ger\u00e4t gro\u00dfe elektrische Lasten bew\u00e4ltigen kann. Durch die Kombination dieser Spezifikationen eignet sich der CP6500 f\u00fcr Anwendungen, die eine pr\u00e4zise Stromregelung und -messung innerhalb der vorgegebenen Bandbreiten- und Stromgrenzen erfordern.<\/p>","protected":false},"excerpt":{"rendered":"<p>Bandbreite: 5MHz; maximaler Dauerstrom 500Arms; Spitzenstrom750A; Schaltverh\u00e4ltnis:75A\/500A;<\/p>","protected":false},"featured_media":5767,"comment_status":"closed","ping_status":"closed","template":"","meta":{"_acf_changed":false,"slim_seo":{"title":"CP6500 - YOTAVIS AG","description":"Bandbreite: 5MHz; maximaler Dauerstrom 500Arms; Spitzenstrom750A; Schaltverh\u00e4ltnis:75A\/500A;"}},"product_brand":[506],"product_cat":[536,509],"product_tag":[],"class_list":{"0":"post-3696","1":"product","2":"type-product","3":"status-publish","4":"has-post-thumbnail","6":"product_brand-siglent","7":"product_cat-current-probes-en","8":"product_cat-probes-en","9":"pa_bandwidth-mhz-220","10":"pa_current-max-a-452","11":"pa_interface-universal","13":"first","14":"instock","15":"taxable","16":"shipping-taxable","17":"purchasable","18":"product-type-simple"},"acf":[],"_links":{"self":[{"href":"https:\/\/yotavis.ch\/de\/wp-json\/wp\/v2\/product\/3696","targetHints":{"allow":["GET"]}}],"collection":[{"href":"https:\/\/yotavis.ch\/de\/wp-json\/wp\/v2\/product"}],"about":[{"href":"https:\/\/yotavis.ch\/de\/wp-json\/wp\/v2\/types\/product"}],"replies":[{"embeddable":true,"href":"https:\/\/yotavis.ch\/de\/wp-json\/wp\/v2\/comments?post=3696"}],"wp:featuredmedia":[{"embeddable":true,"href":"https:\/\/yotavis.ch\/de\/wp-json\/wp\/v2\/media\/5767"}],"wp:attachment":[{"href":"https:\/\/yotavis.ch\/de\/wp-json\/wp\/v2\/media?parent=3696"}],"wp:term":[{"taxonomy":"product_brand","embeddable":true,"href":"https:\/\/yotavis.ch\/de\/wp-json\/wp\/v2\/product_brand?post=3696"},{"taxonomy":"product_cat","embeddable":true,"href":"https:\/\/yotavis.ch\/de\/wp-json\/wp\/v2\/product_cat?post=3696"},{"taxonomy":"product_tag","embeddable":true,"href":"https:\/\/yotavis.ch\/de\/wp-json\/wp\/v2\/product_tag?post=3696"}],"curies":[{"name":"wp","href":"https:\/\/api.w.org\/{rel}","templated":true}]}}