{"id":3698,"date":"2025-10-09T00:00:00","date_gmt":"2025-10-08T22:00:00","guid":{"rendered":"https:\/\/yotavis.ch\/product\/scp5030a\/"},"modified":"2026-04-24T13:28:46","modified_gmt":"2026-04-24T11:28:46","slug":"scp5030a","status":"publish","type":"product","link":"https:\/\/yotavis.ch\/de\/produkt\/scp5030a\/","title":{"rendered":"SCP5030A"},"content":{"rendered":"<p>Der SCP5030A von Siglent verf\u00fcgt \u00fcber eine Bandbreite von 100 MHz, wodurch er Signale in diesem Frequenzbereich effektiv verarbeiten kann. Er unterst\u00fctzt einen maximalen Dauerstrom von 30 Arms und gew\u00e4hrleistet damit einen stabilen Betrieb unter anhaltenden Lastbedingungen. Der Baustein kann auch Spitzenstr\u00f6me von bis zu 50 A bew\u00e4ltigen und bietet somit Kapazit\u00e4t f\u00fcr kurze Stromst\u00f6\u00dfe mit h\u00f6herem Strom. Sein Schaltverh\u00e4ltnis ist mit 5 A\/30 angegeben, was das Verh\u00e4ltnis zwischen Steuerstrom und Laststrom angibt. Die Schnittstelle wurde von Siglent entwickelt, was die Kompatibilit\u00e4t mit anderen Ger\u00e4ten der gleichen Marke erleichtern kann. Dieses Produkt wurde entwickelt, um spezifische elektrische Mess- und Steuerungsanforderungen zu erf\u00fcllen, wobei der Schwerpunkt auf der Stromverarbeitungsf\u00e4higkeit und der Bandbreitenleistung liegt.<\/p>","protected":false},"excerpt":{"rendered":"<p>Bandbreite: 100 MHz; maximaler Dauerstrom 30 Arms; Spitzenstrom 50 A; Schaltverh\u00e4ltnis: 5 A\/30;<\/p>","protected":false},"featured_media":5771,"comment_status":"closed","ping_status":"closed","template":"","meta":{"_acf_changed":false,"slim_seo":{"title":"SCP5030A - YOTAVIS AG","description":"Bandbreite: 100 MHz; maximaler Dauerstrom 30 Arms; Spitzenstrom 50 A; Schaltverh\u00e4ltnis: 5 A\/30;"}},"product_brand":[506],"product_cat":[536,509],"product_tag":[],"class_list":{"0":"post-3698","1":"product","2":"type-product","3":"status-publish","4":"has-post-thumbnail","6":"product_brand-siglent","7":"product_cat-current-probes-en","8":"product_cat-probes-en","9":"pa_bandwidth-mhz-90","10":"pa_current-max-a-450","11":"pa_interface-siglent","13":"first","14":"instock","15":"taxable","16":"shipping-taxable","17":"purchasable","18":"product-type-simple"},"acf":[],"_links":{"self":[{"href":"https:\/\/yotavis.ch\/de\/wp-json\/wp\/v2\/product\/3698","targetHints":{"allow":["GET"]}}],"collection":[{"href":"https:\/\/yotavis.ch\/de\/wp-json\/wp\/v2\/product"}],"about":[{"href":"https:\/\/yotavis.ch\/de\/wp-json\/wp\/v2\/types\/product"}],"replies":[{"embeddable":true,"href":"https:\/\/yotavis.ch\/de\/wp-json\/wp\/v2\/comments?post=3698"}],"wp:featuredmedia":[{"embeddable":true,"href":"https:\/\/yotavis.ch\/de\/wp-json\/wp\/v2\/media\/5771"}],"wp:attachment":[{"href":"https:\/\/yotavis.ch\/de\/wp-json\/wp\/v2\/media?parent=3698"}],"wp:term":[{"taxonomy":"product_brand","embeddable":true,"href":"https:\/\/yotavis.ch\/de\/wp-json\/wp\/v2\/product_brand?post=3698"},{"taxonomy":"product_cat","embeddable":true,"href":"https:\/\/yotavis.ch\/de\/wp-json\/wp\/v2\/product_cat?post=3698"},{"taxonomy":"product_tag","embeddable":true,"href":"https:\/\/yotavis.ch\/de\/wp-json\/wp\/v2\/product_tag?post=3698"}],"curies":[{"name":"wp","href":"https:\/\/api.w.org\/{rel}","templated":true}]}}