{"id":3699,"date":"2025-10-09T00:00:00","date_gmt":"2025-10-08T22:00:00","guid":{"rendered":"https:\/\/yotavis.ch\/product\/scp5150\/"},"modified":"2026-04-24T13:28:46","modified_gmt":"2026-04-24T11:28:46","slug":"scp5150","status":"publish","type":"product","link":"https:\/\/yotavis.ch\/de\/produkt\/scp5150\/","title":{"rendered":"SCP5150"},"content":{"rendered":"<p>Der SCP5150 von Siglent verf\u00fcgt \u00fcber eine Bandbreite von 12 MHz, wodurch er Signale in diesem Frequenzbereich effektiv verarbeiten kann. Er unterst\u00fctzt einen maximalen Dauerstrom von 150 Arms und kann somit auch unter gro\u00dfen elektrischen Lasten ohne Unterbrechung arbeiten. Der Baustein ist au\u00dferdem in der Lage, Spitzenstr\u00f6me von bis zu 300 A zu verarbeiten, was Flexibilit\u00e4t f\u00fcr Anwendungen bietet, die kurze Stromst\u00f6\u00dfe mit hohem Strom ben\u00f6tigen. Das Schaltverh\u00e4ltnis ist mit 30 A bis 150 A spezifiziert, was den Bereich der Stromschaltf\u00e4higkeiten angibt, den er bew\u00e4ltigen kann. Die Schnittstelle wurde von Siglent entwickelt, was die Integration mit anderen Ger\u00e4ten oder Systemen der gleichen Marke erleichtern kann. Dank dieser Kombination aus Bandbreite und Stromspezifikationen eignet sich der SCP5150 f\u00fcr verschiedene elektrische Mess- und Pr\u00fcfszenarien, bei denen eine pr\u00e4zise Stromverarbeitung erforderlich ist.<\/p>","protected":false},"excerpt":{"rendered":"<p>Bandbreite: 12 MHz; maximaler Dauerstrom 150 Arms; Spitzenstrom 300 A; Schaltverh\u00e4ltnis: 30 A\/150 A;<\/p>","protected":false},"featured_media":5772,"comment_status":"closed","ping_status":"closed","template":"","meta":{"_acf_changed":false,"slim_seo":{"title":"SCP5150 - YOTAVIS AG","description":"Bandbreite: 12 MHz; maximaler Dauerstrom 150 Arms; Spitzenstrom 300 A; Schaltverh\u00e4ltnis: 30 A\/150 A;"}},"product_brand":[506],"product_cat":[536,509],"product_tag":[],"class_list":{"0":"post-3699","1":"product","2":"type-product","3":"status-publish","4":"has-post-thumbnail","6":"product_brand-siglent","7":"product_cat-current-probes-en","8":"product_cat-probes-en","9":"pa_bandwidth-mhz-219","10":"pa_current-max-a-451","11":"pa_interface-siglent","13":"first","14":"instock","15":"taxable","16":"shipping-taxable","17":"purchasable","18":"product-type-simple"},"acf":[],"_links":{"self":[{"href":"https:\/\/yotavis.ch\/de\/wp-json\/wp\/v2\/product\/3699","targetHints":{"allow":["GET"]}}],"collection":[{"href":"https:\/\/yotavis.ch\/de\/wp-json\/wp\/v2\/product"}],"about":[{"href":"https:\/\/yotavis.ch\/de\/wp-json\/wp\/v2\/types\/product"}],"replies":[{"embeddable":true,"href":"https:\/\/yotavis.ch\/de\/wp-json\/wp\/v2\/comments?post=3699"}],"wp:featuredmedia":[{"embeddable":true,"href":"https:\/\/yotavis.ch\/de\/wp-json\/wp\/v2\/media\/5772"}],"wp:attachment":[{"href":"https:\/\/yotavis.ch\/de\/wp-json\/wp\/v2\/media?parent=3699"}],"wp:term":[{"taxonomy":"product_brand","embeddable":true,"href":"https:\/\/yotavis.ch\/de\/wp-json\/wp\/v2\/product_brand?post=3699"},{"taxonomy":"product_cat","embeddable":true,"href":"https:\/\/yotavis.ch\/de\/wp-json\/wp\/v2\/product_cat?post=3699"},{"taxonomy":"product_tag","embeddable":true,"href":"https:\/\/yotavis.ch\/de\/wp-json\/wp\/v2\/product_tag?post=3699"}],"curies":[{"name":"wp","href":"https:\/\/api.w.org\/{rel}","templated":true}]}}