{"id":3700,"date":"2025-10-09T00:00:00","date_gmt":"2025-10-08T22:00:00","guid":{"rendered":"https:\/\/yotavis.ch\/product\/scp5500\/"},"modified":"2026-04-24T13:28:46","modified_gmt":"2026-04-24T11:28:46","slug":"scp5500","status":"publish","type":"product","link":"https:\/\/yotavis.ch\/de\/produkt\/scp5500\/","title":{"rendered":"SCP5500"},"content":{"rendered":"<p>Der SCP5500 von Siglent verf\u00fcgt \u00fcber eine Bandbreite von 2 MHz und eignet sich damit f\u00fcr Anwendungen, die diesen speziellen Frequenzbereich erfordern. Er unterst\u00fctzt einen maximalen Dauerstrom von 500 Arms und erm\u00f6glicht damit einen dauerhaften Hochstrombetrieb. Der Baustein kann Spitzenstr\u00f6me von bis zu 750 A verarbeiten und ist damit f\u00fcr kurze Stromst\u00f6\u00dfe mit h\u00f6heren Anforderungen geeignet. Das Schaltverh\u00e4ltnis ist mit 75 A zu 500 A angegeben, was das Verh\u00e4ltnis zwischen den verschiedenen Stromst\u00e4rken angibt, die er bew\u00e4ltigen kann. Die Schnittstelle wird ebenfalls von Siglent bereitgestellt, wodurch die Kompatibilit\u00e4t mit anderen Ger\u00e4ten derselben Marke gew\u00e4hrleistet ist. Diese Kombination von Stromhandhabungs- und Bandbreiteneigenschaften definiert die Betriebsparameter des SCP5500 und macht ihn zu einem Bauteil, das f\u00fcr eine pr\u00e4zise Strom- und Frequenzsteuerung innerhalb der angegebenen Grenzen ausgelegt ist.<\/p>","protected":false},"excerpt":{"rendered":"<p>Bandbreite: 2 MHz; maximaler Dauerstrom 500 Arms; Spitzenstrom 750 A; Schaltverh\u00e4ltnis: 75 A\/500 A;<\/p>","protected":false},"featured_media":5773,"comment_status":"closed","ping_status":"closed","template":"","meta":{"_acf_changed":false,"slim_seo":{"title":"SCP5500 - YOTAVIS AG","description":"Bandbreite: 2 MHz; maximaler Dauerstrom 500 Arms; Spitzenstrom 750 A; Schaltverh\u00e4ltnis: 75 A\/500 A;"}},"product_brand":[506],"product_cat":[536,509],"product_tag":[],"class_list":{"0":"post-3700","1":"product","2":"type-product","3":"status-publish","4":"has-post-thumbnail","6":"product_brand-siglent","7":"product_cat-current-probes-en","8":"product_cat-probes-en","9":"pa_bandwidth-mhz-221","10":"pa_current-max-a-452","11":"pa_interface-siglent","13":"first","14":"instock","15":"taxable","16":"shipping-taxable","17":"purchasable","18":"product-type-simple"},"acf":[],"_links":{"self":[{"href":"https:\/\/yotavis.ch\/de\/wp-json\/wp\/v2\/product\/3700","targetHints":{"allow":["GET"]}}],"collection":[{"href":"https:\/\/yotavis.ch\/de\/wp-json\/wp\/v2\/product"}],"about":[{"href":"https:\/\/yotavis.ch\/de\/wp-json\/wp\/v2\/types\/product"}],"replies":[{"embeddable":true,"href":"https:\/\/yotavis.ch\/de\/wp-json\/wp\/v2\/comments?post=3700"}],"wp:featuredmedia":[{"embeddable":true,"href":"https:\/\/yotavis.ch\/de\/wp-json\/wp\/v2\/media\/5773"}],"wp:attachment":[{"href":"https:\/\/yotavis.ch\/de\/wp-json\/wp\/v2\/media?parent=3700"}],"wp:term":[{"taxonomy":"product_brand","embeddable":true,"href":"https:\/\/yotavis.ch\/de\/wp-json\/wp\/v2\/product_brand?post=3700"},{"taxonomy":"product_cat","embeddable":true,"href":"https:\/\/yotavis.ch\/de\/wp-json\/wp\/v2\/product_cat?post=3700"},{"taxonomy":"product_tag","embeddable":true,"href":"https:\/\/yotavis.ch\/de\/wp-json\/wp\/v2\/product_tag?post=3700"}],"curies":[{"name":"wp","href":"https:\/\/api.w.org\/{rel}","templated":true}]}}