{"id":3701,"date":"2025-10-09T00:00:00","date_gmt":"2025-10-08T22:00:00","guid":{"rendered":"https:\/\/yotavis.ch\/product\/dpb1300\/"},"modified":"2026-04-24T13:28:47","modified_gmt":"2026-04-24T11:28:47","slug":"dpb1300","status":"publish","type":"product","link":"https:\/\/yotavis.ch\/de\/produkt\/dpb1300\/","title":{"rendered":"DPB1300"},"content":{"rendered":"<p>Der Siglent DPB1300 verf\u00fcgt \u00fcber eine Bandbreite von 50 MHz und eine Anstiegszeit von weniger als oder gleich 7 Nanosekunden, was eine pr\u00e4zise Signalmessung gew\u00e4hrleistet. Er bietet eine DC-Genauigkeit von \u00b12% und unterst\u00fctzt damit eine zuverl\u00e4ssige Datenerfassung. Das Ger\u00e4t kann eine maximale Eingangsspannung von 600 V CATIII und 1000 V CATII verarbeiten, mit einer maximalen differentiellen Pr\u00fcfspannung von \u00b1130 V bei 50-facher Abschw\u00e4chung und \u00b11300 V bei 500-facher Abschw\u00e4chung. Die Eingangsimpedanz und -kapazit\u00e4t sind mit 5 M\u03a9 und weniger als 4 pF f\u00fcr unsymmetrische Eing\u00e4nge bzw. 10 M\u03a9 und weniger als 2 pF f\u00fcr zwei Eing\u00e4nge spezifiziert. Das DPB1300 wird mit einer Gleichstromversorgung von 12 V und einem Strom von 1,2 A betrieben. Dieses Modell ist f\u00fcr eine universelle Schnittstellenkompatibilit\u00e4t ausgelegt, so dass es sich an verschiedene Pr\u00fcfumgebungen anpassen l\u00e4sst. Die maximale Nennspannung betr\u00e4gt 1300 V und eignet sich f\u00fcr eine breite Palette von elektrischen Pr\u00fcfanwendungen.<\/p>","protected":false},"excerpt":{"rendered":"<p>Bandbreite: 50MHz; Anstiegszeit \u22647ns; DC-Genauigkeit \u00b12%; Max: 600 V CATIII, 1000 V CATII; Max. Differenzielle Pr\u00fcfspannung (DC + Peak AC): 50 X: \u00b1130 V, 500 X:\u00b11300 V. Eingangsimpedanz\/Kapazit\u00e4t: 5 M\u03a9\/&lt;4 pF(Single-ended), 10 M\u03a9\/&lt; 2 pF(Zwei Eing\u00e4nge); DC 12 V\/1,2 A Leistung\n<\/p>","protected":false},"featured_media":5775,"comment_status":"closed","ping_status":"closed","template":"","meta":{"_acf_changed":false,"slim_seo":{"title":"DPB1300 - YOTAVIS AG","description":"Bandwidth: 50MHz; Rise Time \u22647ns; DC Accuracy \u00b12%; Max Input: 600 V CATIII, 1000 V CATII; Max Differential Test Voltage (DC + Peak AC): 50 X: \u00b1130 V, 500 X:\u00b1130"}},"product_brand":[506],"product_cat":[537,509],"product_tag":[],"class_list":{"0":"post-3701","1":"product","2":"type-product","3":"status-publish","4":"has-post-thumbnail","6":"product_brand-siglent","7":"product_cat-high-voltage-probes-en","8":"product_cat-probes-en","9":"pa_bandwidth-mhz-100","10":"pa_interface-universal","11":"pa_voltage-max-v-222","13":"first","14":"instock","15":"taxable","16":"shipping-taxable","17":"purchasable","18":"product-type-simple"},"acf":[],"_links":{"self":[{"href":"https:\/\/yotavis.ch\/de\/wp-json\/wp\/v2\/product\/3701","targetHints":{"allow":["GET"]}}],"collection":[{"href":"https:\/\/yotavis.ch\/de\/wp-json\/wp\/v2\/product"}],"about":[{"href":"https:\/\/yotavis.ch\/de\/wp-json\/wp\/v2\/types\/product"}],"replies":[{"embeddable":true,"href":"https:\/\/yotavis.ch\/de\/wp-json\/wp\/v2\/comments?post=3701"}],"wp:featuredmedia":[{"embeddable":true,"href":"https:\/\/yotavis.ch\/de\/wp-json\/wp\/v2\/media\/5775"}],"wp:attachment":[{"href":"https:\/\/yotavis.ch\/de\/wp-json\/wp\/v2\/media?parent=3701"}],"wp:term":[{"taxonomy":"product_brand","embeddable":true,"href":"https:\/\/yotavis.ch\/de\/wp-json\/wp\/v2\/product_brand?post=3701"},{"taxonomy":"product_cat","embeddable":true,"href":"https:\/\/yotavis.ch\/de\/wp-json\/wp\/v2\/product_cat?post=3701"},{"taxonomy":"product_tag","embeddable":true,"href":"https:\/\/yotavis.ch\/de\/wp-json\/wp\/v2\/product_tag?post=3701"}],"curies":[{"name":"wp","href":"https:\/\/api.w.org\/{rel}","templated":true}]}}