{"id":3702,"date":"2025-10-09T00:00:00","date_gmt":"2025-10-08T22:00:00","guid":{"rendered":"https:\/\/yotavis.ch\/product\/dpb5150\/"},"modified":"2026-04-24T13:28:47","modified_gmt":"2026-04-24T11:28:47","slug":"dpb5150","status":"publish","type":"product","link":"https:\/\/yotavis.ch\/de\/produkt\/dpb5150\/","title":{"rendered":"DPB5150"},"content":{"rendered":"<p>Der Siglent DPB5150 verf\u00fcgt \u00fcber eine Bandbreite von 70MHz und unterst\u00fctzt eine maximale Eingangsdifferenzspannung von 1500V, die sowohl Gleich- als auch Wechselspannungsspitzenwerte kombiniert. Er bietet eine Bereichsauswahl mit D\u00e4mpfungsverh\u00e4ltnissen von 50X und 500X, was flexible Messeinstellungen erm\u00f6glicht. Das Ger\u00e4t bietet eine Genauigkeit von \u00b12% und gew\u00e4hrleistet so eine zuverl\u00e4ssige Leistung innerhalb seiner spezifizierten Parameter. Die Stromversorgung erfolgt \u00fcber ein standardm\u00e4\u00dfiges 5V\/1A-USB-Netzteil, das eine bequeme und universelle Konnektivit\u00e4t erm\u00f6glicht. Das DPB5150 ist mit einer universellen Schnittstelle ausgestattet, die seine Kompatibilit\u00e4t mit verschiedenen Systemen und Konfigurationen erh\u00f6ht. Die maximale Spannung liegt bei 1500V und entspricht damit der maximalen Eingangsdifferenzspannung. Dieses Produkt ist Teil der Produktpalette von Siglent, die f\u00fcr ihre technische Pr\u00e4zision und die Einhaltung detaillierter elektrischer Standards bekannt ist.<\/p>","protected":false},"excerpt":{"rendered":"<p>Bandbreite: 70MHz; Maximale Eingangsdifferenzspannung 1500V\uff08DC + Peak AC); Bereichswahl (Abschw\u00e4chungsverh\u00e4ltnis): 50X\/500X; Genauigkeit: \u00b12%; Standard 5V\/1A USB-Netzteil<\/p>","protected":false},"featured_media":5778,"comment_status":"closed","ping_status":"closed","template":"","meta":{"_acf_changed":false,"slim_seo":{"title":"DPB5150 - YOTAVIS AG","description":"Bandwidth: 70MHz; Maximum input differential voltage 1500V\uff08DC + Peak AC); Range selection (attenuation ratio): 50X\/500X; Accuracy: \u00b12%; Standard 5V\/1A USB power"}},"product_brand":[506],"product_cat":[537,509],"product_tag":[],"class_list":{"0":"post-3702","1":"product","2":"type-product","3":"status-publish","4":"has-post-thumbnail","6":"product_brand-siglent","7":"product_cat-high-voltage-probes-en","8":"product_cat-probes-en","9":"pa_bandwidth-mhz-94","10":"pa_interface-universal","11":"pa_voltage-max-v-224","13":"first","14":"instock","15":"taxable","16":"shipping-taxable","17":"purchasable","18":"product-type-simple"},"acf":[],"_links":{"self":[{"href":"https:\/\/yotavis.ch\/de\/wp-json\/wp\/v2\/product\/3702","targetHints":{"allow":["GET"]}}],"collection":[{"href":"https:\/\/yotavis.ch\/de\/wp-json\/wp\/v2\/product"}],"about":[{"href":"https:\/\/yotavis.ch\/de\/wp-json\/wp\/v2\/types\/product"}],"replies":[{"embeddable":true,"href":"https:\/\/yotavis.ch\/de\/wp-json\/wp\/v2\/comments?post=3702"}],"wp:featuredmedia":[{"embeddable":true,"href":"https:\/\/yotavis.ch\/de\/wp-json\/wp\/v2\/media\/5778"}],"wp:attachment":[{"href":"https:\/\/yotavis.ch\/de\/wp-json\/wp\/v2\/media?parent=3702"}],"wp:term":[{"taxonomy":"product_brand","embeddable":true,"href":"https:\/\/yotavis.ch\/de\/wp-json\/wp\/v2\/product_brand?post=3702"},{"taxonomy":"product_cat","embeddable":true,"href":"https:\/\/yotavis.ch\/de\/wp-json\/wp\/v2\/product_cat?post=3702"},{"taxonomy":"product_tag","embeddable":true,"href":"https:\/\/yotavis.ch\/de\/wp-json\/wp\/v2\/product_tag?post=3702"}],"curies":[{"name":"wp","href":"https:\/\/api.w.org\/{rel}","templated":true}]}}