{"id":3703,"date":"2025-10-09T00:00:00","date_gmt":"2025-10-08T22:00:00","guid":{"rendered":"https:\/\/yotavis.ch\/product\/dpb5150a\/"},"modified":"2026-04-24T13:28:48","modified_gmt":"2026-04-24T11:28:48","slug":"dpb5150a","status":"publish","type":"product","link":"https:\/\/yotavis.ch\/de\/produkt\/dpb5150a\/","title":{"rendered":"DPB5150A"},"content":{"rendered":"<p>Der DPB5150A von Siglent verf\u00fcgt \u00fcber eine Bandbreite von 100MHz und eignet sich damit f\u00fcr verschiedene Signalmessanwendungen. Er unterst\u00fctzt eine maximale Eingangsdifferenzspannung von 1500V, die sowohl Gleich- als auch Spitzenwechselspannungen umfasst, und kann somit Hochspannungssignale sicher verarbeiten. Das Ger\u00e4t bietet eine Bereichswahl mit D\u00e4mpfungsverh\u00e4ltnissen von 50X und 500X, so dass der Benutzer den Eingangssignalpegel f\u00fcr genaue Messwerte anpassen kann. Mit einer Genauigkeit von \u00b12% bietet es eine zuverl\u00e4ssige Messgenauigkeit. Das Produkt wird \u00fcber ein standardm\u00e4\u00dfiges 5V\/1A-USB-Netzteil mit Strom versorgt, was eine einfache und bequeme Stromversorgungsoption erm\u00f6glicht. Seine universelle Schnittstelle gew\u00e4hrleistet die Kompatibilit\u00e4t mit einer Vielzahl von Ger\u00e4ten und Einrichtungen. Das von Siglent entwickelte DPB5150A kombiniert diese Eigenschaften, um die spezifischen technischen Anforderungen bei Signalanalyse- und Messaufgaben zu erf\u00fcllen.<\/p>","protected":false},"excerpt":{"rendered":"<p>Bandbreite: 100MHz; Maximale Eingangsdifferenzspannung 1500V\uff08DC + Peak AC\uff09; Bereichsauswahl (D\u00e4mpfungsverh\u00e4ltnis): 50X\/500X; Genauigkeit: \u00b12%; Standard 5V\/1A USB-Netzteil<\/p>","protected":false},"featured_media":5778,"comment_status":"closed","ping_status":"closed","template":"","meta":{"_acf_changed":false,"slim_seo":{"title":"DPB5150A - YOTAVIS AG","description":"Bandwidth: 100MHz; Maximum input differential voltage 1500V\uff08DC + Peak AC\uff09;Range selection (attenuation ratio): 50X\/500X; Accuracy: \u00b12%; Standard 5V\/1A USB power"}},"product_brand":[506],"product_cat":[537,509],"product_tag":[],"class_list":{"0":"post-3703","1":"product","2":"type-product","3":"status-publish","4":"has-post-thumbnail","6":"product_brand-siglent","7":"product_cat-high-voltage-probes-en","8":"product_cat-probes-en","9":"pa_bandwidth-mhz-90","10":"pa_interface-universal","11":"pa_voltage-max-v-224","13":"first","14":"instock","15":"taxable","16":"shipping-taxable","17":"purchasable","18":"product-type-simple"},"acf":[],"_links":{"self":[{"href":"https:\/\/yotavis.ch\/de\/wp-json\/wp\/v2\/product\/3703","targetHints":{"allow":["GET"]}}],"collection":[{"href":"https:\/\/yotavis.ch\/de\/wp-json\/wp\/v2\/product"}],"about":[{"href":"https:\/\/yotavis.ch\/de\/wp-json\/wp\/v2\/types\/product"}],"replies":[{"embeddable":true,"href":"https:\/\/yotavis.ch\/de\/wp-json\/wp\/v2\/comments?post=3703"}],"wp:featuredmedia":[{"embeddable":true,"href":"https:\/\/yotavis.ch\/de\/wp-json\/wp\/v2\/media\/5778"}],"wp:attachment":[{"href":"https:\/\/yotavis.ch\/de\/wp-json\/wp\/v2\/media?parent=3703"}],"wp:term":[{"taxonomy":"product_brand","embeddable":true,"href":"https:\/\/yotavis.ch\/de\/wp-json\/wp\/v2\/product_brand?post=3703"},{"taxonomy":"product_cat","embeddable":true,"href":"https:\/\/yotavis.ch\/de\/wp-json\/wp\/v2\/product_cat?post=3703"},{"taxonomy":"product_tag","embeddable":true,"href":"https:\/\/yotavis.ch\/de\/wp-json\/wp\/v2\/product_tag?post=3703"}],"curies":[{"name":"wp","href":"https:\/\/api.w.org\/{rel}","templated":true}]}}