{"id":3704,"date":"2025-10-09T00:00:00","date_gmt":"2025-10-08T22:00:00","guid":{"rendered":"https:\/\/yotavis.ch\/product\/dpb5700\/"},"modified":"2026-04-24T13:28:48","modified_gmt":"2026-04-24T11:28:48","slug":"dpb5700","status":"publish","type":"product","link":"https:\/\/yotavis.ch\/de\/produkt\/dpb5700\/","title":{"rendered":"DPB5700"},"content":{"rendered":"<p>Der DPB5700 von Siglent verf\u00fcgt \u00fcber eine Bandbreite von 70 MHz und ist damit f\u00fcr verschiedene Signalmessanwendungen geeignet. Er unterst\u00fctzt eine maximale Eingangsdifferenzspannung von 7000V, die sowohl Gleich- als auch Spitzenwechselspannungen umfasst, und kann somit Hochspannungssignale sicher verarbeiten. Das Ger\u00e4t bietet eine Bereichsauswahl mit D\u00e4mpfungsverh\u00e4ltnissen von 100X und 1000X, was flexible Messeinstellungen in Abh\u00e4ngigkeit von der Signalst\u00e4rke erm\u00f6glicht. Mit einer Genauigkeit von \u00b12% sorgt es f\u00fcr zuverl\u00e4ssige und konsistente Messwerte. Das DPB5700 wird \u00fcber ein standardm\u00e4\u00dfiges 5V\/1A-USB-Netzteil mit Strom versorgt, was einfache und bequeme Stromversorgungsoptionen erm\u00f6glicht. Seine Schnittstelle ist universell und erm\u00f6glicht die Kompatibilit\u00e4t mit einer Vielzahl von Systemen und Ger\u00e4ten. Diese Kombination von Eigenschaften macht das DPB5700 zu einem vielseitigen Werkzeug f\u00fcr pr\u00e4zise Spannungsmessungen in verschiedenen technischen Umgebungen.<\/p>","protected":false},"excerpt":{"rendered":"<p>Bandbreite: 70MHz; Maximale Eingangsdifferenzspannung 7000V\uff08DC + Peak AC\uff09; Bereichsauswahl (D\u00e4mpfungsverh\u00e4ltnis): 100X\/1000X; Genauigkeit: \u00b12%; Standard 5V\/1A USB-Netzteil<\/p>","protected":false},"featured_media":5778,"comment_status":"closed","ping_status":"closed","template":"","meta":{"_acf_changed":false,"slim_seo":{"title":"DPB5700 - YOTAVIS AG","description":"Bandwidth: 70MHz; Maximum input differential voltage 7000V\uff08DC + Peak AC\uff09;Range selection (attenuation ratio): 100X\/1000X; Accuracy: \u00b12%; Standard 5V\/1A USB powe"}},"product_brand":[506],"product_cat":[537,509],"product_tag":[],"class_list":{"0":"post-3704","1":"product","2":"type-product","3":"status-publish","4":"has-post-thumbnail","6":"product_brand-siglent","7":"product_cat-high-voltage-probes-en","8":"product_cat-probes-en","9":"pa_bandwidth-mhz-94","10":"pa_interface-universal","11":"pa_voltage-max-v-225","13":"first","14":"instock","15":"taxable","16":"shipping-taxable","17":"purchasable","18":"product-type-simple"},"acf":[],"_links":{"self":[{"href":"https:\/\/yotavis.ch\/de\/wp-json\/wp\/v2\/product\/3704","targetHints":{"allow":["GET"]}}],"collection":[{"href":"https:\/\/yotavis.ch\/de\/wp-json\/wp\/v2\/product"}],"about":[{"href":"https:\/\/yotavis.ch\/de\/wp-json\/wp\/v2\/types\/product"}],"replies":[{"embeddable":true,"href":"https:\/\/yotavis.ch\/de\/wp-json\/wp\/v2\/comments?post=3704"}],"wp:featuredmedia":[{"embeddable":true,"href":"https:\/\/yotavis.ch\/de\/wp-json\/wp\/v2\/media\/5778"}],"wp:attachment":[{"href":"https:\/\/yotavis.ch\/de\/wp-json\/wp\/v2\/media?parent=3704"}],"wp:term":[{"taxonomy":"product_brand","embeddable":true,"href":"https:\/\/yotavis.ch\/de\/wp-json\/wp\/v2\/product_brand?post=3704"},{"taxonomy":"product_cat","embeddable":true,"href":"https:\/\/yotavis.ch\/de\/wp-json\/wp\/v2\/product_cat?post=3704"},{"taxonomy":"product_tag","embeddable":true,"href":"https:\/\/yotavis.ch\/de\/wp-json\/wp\/v2\/product_tag?post=3704"}],"curies":[{"name":"wp","href":"https:\/\/api.w.org\/{rel}","templated":true}]}}