{"id":3707,"date":"2025-10-09T00:00:00","date_gmt":"2025-10-08T22:00:00","guid":{"rendered":"https:\/\/yotavis.ch\/product\/srf5030t\/"},"modified":"2026-04-24T13:28:52","modified_gmt":"2026-04-24T11:28:52","slug":"srf5030t","status":"publish","type":"product","link":"https:\/\/yotavis.ch\/de\/produkt\/srf5030t\/","title":{"rendered":"SRF5030T"},"content":{"rendered":"<p>Das SRF5030T von Siglent verf\u00fcgt \u00fcber drei Magnetfeld-Nahfeldsonden und eine Nahfeldsonde f\u00fcr das elektrische Feld, die in einem Frequenzbereich von 300kHz bis 3GHz arbeiten. Es bietet eine Aufl\u00f6sung von 25 mm und kann Magnetfelder innerhalb eines Bereichs von 10 cm unterscheiden. Dieses Ger\u00e4t ist f\u00fcr die Erkennung von EMI-St\u00f6rungen und die Messung der Intensit\u00e4t elektromagnetischer Felder vorgesehen. Dank seiner F\u00e4higkeiten eignet es sich f\u00fcr die detaillierte Analyse elektromagnetischer Emissionen in verschiedenen Umgebungen. Die Kombination von magnetischen und elektrischen Feldsonden erm\u00f6glicht umfassende Nahfeldmessungen. Der abgedeckte Frequenzbereich gew\u00e4hrleistet die Kompatibilit\u00e4t mit einer breiten Palette von Anwendungen zur Erkennung und Analyse elektromagnetischer St\u00f6rungen.<\/p>","protected":false},"excerpt":{"rendered":"<p>Drei Magnetfeld-Nahfeldsonden und eine Elektrofeld-Nahfeldsonde; Frequenzbereich: 300kHz ~ 3GHz; Aufl\u00f6sung 25mm; unterschieden innerhalb 10cm Bereich des Magnetfeldes; f\u00fcr EMI Strahlungsinterferenz und den Intensit\u00e4tsdetektor<\/p>","protected":false},"featured_media":6105,"comment_status":"closed","ping_status":"closed","template":"","meta":{"_acf_changed":false,"slim_seo":{"title":"SRF5030T - YOTAVIS AG","description":"Three magnetic field near-field probes and one electric field near field probe; Frequency range: 300kHz ~ 3GHz; resolution 25mm; distinguished within 10cm range"}},"product_brand":[506],"product_cat":[510,509],"product_tag":[],"class_list":{"0":"post-3707","1":"product","2":"type-product","3":"status-publish","4":"has-post-thumbnail","6":"product_brand-siglent","7":"product_cat-others-en","8":"product_cat-probes-en","10":"first","11":"instock","12":"taxable","13":"shipping-taxable","14":"purchasable","15":"product-type-simple"},"acf":[],"_links":{"self":[{"href":"https:\/\/yotavis.ch\/de\/wp-json\/wp\/v2\/product\/3707","targetHints":{"allow":["GET"]}}],"collection":[{"href":"https:\/\/yotavis.ch\/de\/wp-json\/wp\/v2\/product"}],"about":[{"href":"https:\/\/yotavis.ch\/de\/wp-json\/wp\/v2\/types\/product"}],"replies":[{"embeddable":true,"href":"https:\/\/yotavis.ch\/de\/wp-json\/wp\/v2\/comments?post=3707"}],"wp:featuredmedia":[{"embeddable":true,"href":"https:\/\/yotavis.ch\/de\/wp-json\/wp\/v2\/media\/6105"}],"wp:attachment":[{"href":"https:\/\/yotavis.ch\/de\/wp-json\/wp\/v2\/media?parent=3707"}],"wp:term":[{"taxonomy":"product_brand","embeddable":true,"href":"https:\/\/yotavis.ch\/de\/wp-json\/wp\/v2\/product_brand?post=3707"},{"taxonomy":"product_cat","embeddable":true,"href":"https:\/\/yotavis.ch\/de\/wp-json\/wp\/v2\/product_cat?post=3707"},{"taxonomy":"product_tag","embeddable":true,"href":"https:\/\/yotavis.ch\/de\/wp-json\/wp\/v2\/product_tag?post=3707"}],"curies":[{"name":"wp","href":"https:\/\/api.w.org\/{rel}","templated":true}]}}