{"id":3710,"date":"2025-10-09T00:00:00","date_gmt":"2025-10-08T22:00:00","guid":{"rendered":"https:\/\/yotavis.ch\/product\/spd-cable-1\/"},"modified":"2026-04-24T13:28:53","modified_gmt":"2026-04-24T11:28:53","slug":"spd-cable-1","status":"publish","type":"product","link":"https:\/\/yotavis.ch\/de\/produkt\/spd-cable-1\/","title":{"rendered":"SPD-Cable-1"},"content":{"rendered":"<p>Das SPD-Cable-1 von Siglent ist ein Kabelsatz mit einer Krokodilklemme auf Bananenstecker. Das Paar umfasst zwei Kabel, ein schwarzes und ein rotes, mit einer L\u00e4nge von jeweils 600 mm. Diese Konstruktion erm\u00f6glicht eine einfache und sichere Verbindung in verschiedenen elektrischen und Testanwendungen. Der Krokodilklemmenanschluss sorgt f\u00fcr einen festen Halt an Klemmen oder Dr\u00e4hten, w\u00e4hrend der Bananenstecker die Kompatibilit\u00e4t mit Standard-Bananenbuchsen gew\u00e4hrleistet. Die Farbcodierung in Schwarz und Rot hilft bei der Erkennung der Polarit\u00e4t w\u00e4hrend des Gebrauchs. Die Kabell\u00e4nge von 600 mm bietet Flexibilit\u00e4t bei der Einrichtung ohne \u00fcberm\u00e4\u00dfigen Durchhang. Dieses Produkt eignet sich f\u00fcr den Einsatz in Umgebungen, in denen zuverl\u00e4ssige und unkomplizierte Kabelverbindungen erforderlich sind.<\/p>","protected":false},"excerpt":{"rendered":"<p>Krokodilklemme auf Bananenstecker, L\u00e4nge 600 mm, schwarz und rot als Paar<\/p>","protected":false},"featured_media":6246,"comment_status":"closed","ping_status":"closed","template":"","meta":{"_acf_changed":false,"slim_seo":{"title":"SPD-Cable-1 - YOTAVIS AG","description":"Krokodilklemme auf Bananenstecker, L\u00e4nge 600 mm, schwarz und rot als Paar"}},"product_brand":[506],"product_cat":[526,530],"product_tag":[],"class_list":{"0":"post-3710","1":"product","2":"type-product","3":"status-publish","4":"has-post-thumbnail","6":"product_brand-siglent","7":"product_cat-accessories","8":"product_cat-cable","9":"pa_connector-alligator","11":"first","12":"instock","13":"taxable","14":"shipping-taxable","15":"purchasable","16":"product-type-simple"},"acf":[],"_links":{"self":[{"href":"https:\/\/yotavis.ch\/de\/wp-json\/wp\/v2\/product\/3710","targetHints":{"allow":["GET"]}}],"collection":[{"href":"https:\/\/yotavis.ch\/de\/wp-json\/wp\/v2\/product"}],"about":[{"href":"https:\/\/yotavis.ch\/de\/wp-json\/wp\/v2\/types\/product"}],"replies":[{"embeddable":true,"href":"https:\/\/yotavis.ch\/de\/wp-json\/wp\/v2\/comments?post=3710"}],"wp:featuredmedia":[{"embeddable":true,"href":"https:\/\/yotavis.ch\/de\/wp-json\/wp\/v2\/media\/6246"}],"wp:attachment":[{"href":"https:\/\/yotavis.ch\/de\/wp-json\/wp\/v2\/media?parent=3710"}],"wp:term":[{"taxonomy":"product_brand","embeddable":true,"href":"https:\/\/yotavis.ch\/de\/wp-json\/wp\/v2\/product_brand?post=3710"},{"taxonomy":"product_cat","embeddable":true,"href":"https:\/\/yotavis.ch\/de\/wp-json\/wp\/v2\/product_cat?post=3710"},{"taxonomy":"product_tag","embeddable":true,"href":"https:\/\/yotavis.ch\/de\/wp-json\/wp\/v2\/product_tag?post=3710"}],"curies":[{"name":"wp","href":"https:\/\/api.w.org\/{rel}","templated":true}]}}