{"id":3713,"date":"2025-10-09T00:00:00","date_gmt":"2025-10-08T22:00:00","guid":{"rendered":"https:\/\/yotavis.ch\/product\/sps5000x-pac\/"},"modified":"2026-04-24T13:28:54","modified_gmt":"2026-04-24T11:28:54","slug":"sps5000x-pac","status":"publish","type":"product","link":"https:\/\/yotavis.ch\/de\/produkt\/sps5000x-pac\/","title":{"rendered":"SPS5000X-PAC"},"content":{"rendered":"<p>Das SPS5000X-PAC ist ein von Siglent hergestelltes Parallelkabel. Es dient zur Erleichterung von Verbindungen in elektronischen Anlagen, die eine parallele Daten\u00fcbertragung erfordern. Das Produkt tr\u00e4gt die Modellnummer SPS5000X-PAC und ist Teil des Siglent-Sortiments an Elektronikzubeh\u00f6r. Dieses Kabel ist f\u00fcr die Verwendung mit kompatiblen Ger\u00e4ten vorgesehen, die parallele Schnittstellen unterst\u00fctzen. Das Design und die Konstruktion des Kabels gew\u00e4hrleisten eine zuverl\u00e4ssige Konnektivit\u00e4t und Signalintegrit\u00e4t w\u00e4hrend des Betriebs. Es ist ein wesentlicher Bestandteil f\u00fcr Benutzer, die parallele Kommunikationsverbindungen zwischen Ger\u00e4ten herstellen m\u00fcssen. Das SPS5000X-PAC ist eine unkomplizierte L\u00f6sung f\u00fcr parallele Kabelanforderungen in verschiedenen technischen Anwendungen.<\/p>","protected":false},"excerpt":{"rendered":"<p>SPS5000X Parallelkabel<\/p>","protected":false},"featured_media":6251,"comment_status":"closed","ping_status":"closed","template":"","meta":{"_acf_changed":false,"slim_seo":{"title":"SPS5000X-PAC - YOTAVIS AG","description":"SPS5000X Parallelkabel"}},"product_brand":[506],"product_cat":[526,533],"product_tag":[],"class_list":{"0":"post-3713","1":"product","2":"type-product","3":"status-publish","4":"has-post-thumbnail","6":"product_brand-siglent","7":"product_cat-accessories","8":"product_cat-communication-cable","10":"first","11":"instock","12":"taxable","13":"shipping-taxable","14":"purchasable","15":"product-type-simple"},"acf":[],"_links":{"self":[{"href":"https:\/\/yotavis.ch\/de\/wp-json\/wp\/v2\/product\/3713","targetHints":{"allow":["GET"]}}],"collection":[{"href":"https:\/\/yotavis.ch\/de\/wp-json\/wp\/v2\/product"}],"about":[{"href":"https:\/\/yotavis.ch\/de\/wp-json\/wp\/v2\/types\/product"}],"replies":[{"embeddable":true,"href":"https:\/\/yotavis.ch\/de\/wp-json\/wp\/v2\/comments?post=3713"}],"wp:featuredmedia":[{"embeddable":true,"href":"https:\/\/yotavis.ch\/de\/wp-json\/wp\/v2\/media\/6251"}],"wp:attachment":[{"href":"https:\/\/yotavis.ch\/de\/wp-json\/wp\/v2\/media?parent=3713"}],"wp:term":[{"taxonomy":"product_brand","embeddable":true,"href":"https:\/\/yotavis.ch\/de\/wp-json\/wp\/v2\/product_brand?post=3713"},{"taxonomy":"product_cat","embeddable":true,"href":"https:\/\/yotavis.ch\/de\/wp-json\/wp\/v2\/product_cat?post=3713"},{"taxonomy":"product_tag","embeddable":true,"href":"https:\/\/yotavis.ch\/de\/wp-json\/wp\/v2\/product_tag?post=3713"}],"curies":[{"name":"wp","href":"https:\/\/api.w.org\/{rel}","templated":true}]}}