{"id":3715,"date":"2025-10-09T00:00:00","date_gmt":"2025-10-08T22:00:00","guid":{"rendered":"https:\/\/yotavis.ch\/product\/spl-c1\/"},"modified":"2026-04-24T13:28:54","modified_gmt":"2026-04-24T11:28:54","slug":"spl-c1","status":"publish","type":"product","link":"https:\/\/yotavis.ch\/de\/produkt\/spl-c1\/","title":{"rendered":"SPL-C1"},"content":{"rendered":"<p>Der SPL-C1 ist ein Satz Logic Probe Clips, der speziell f\u00fcr die Verwendung mit dem SPL2016 Modell entwickelt wurde. Diese Clips werden von Siglent hergestellt und dienen als Zubeh\u00f6r zur Erleichterung von Logic-Probeing-Aufgaben. Sie sind so konzipiert, dass sie leicht mit der SPL2016 verbunden werden k\u00f6nnen, um Kompatibilit\u00e4t und korrekte Funktionalit\u00e4t zu gew\u00e4hrleisten. Das Produkt enth\u00e4lt keine zus\u00e4tzlichen Spezifikationen wie Leistungs-, Spannungs-, Strom- oder Frequenzwerte. Es fehlen auch Angaben zu Kan\u00e4len, Bandbreite, Abtastrate, Speichertiefe oder Aufl\u00f6sung. Das SPL-C1 konzentriert sich ausschlie\u00dflich auf die Bereitstellung einer zuverl\u00e4ssigen physikalischen Schnittstelle f\u00fcr Logikmessungen, ohne Funktionen wie Fernbedienung, Touchscreen oder digitale Kan\u00e4le zu integrieren. Dieses Zubeh\u00f6rteil ist auf die SPL2016 zugeschnitten und verbessert deren Nutzbarkeit in Logikanalyseanwendungen.<\/p>","protected":false},"excerpt":{"rendered":"<p>Logiktasterklemmen f\u00fcr SPL2016<\/p>","protected":false},"featured_media":6254,"comment_status":"closed","ping_status":"closed","template":"","meta":{"_acf_changed":false,"slim_seo":{"title":"SPL-C1 - YOTAVIS AG","description":"Logiktasterklemmen f\u00fcr SPL2016"}},"product_brand":[506],"product_cat":[510,509],"product_tag":[],"class_list":{"0":"post-3715","1":"product","2":"type-product","3":"status-publish","4":"has-post-thumbnail","6":"product_brand-siglent","7":"product_cat-others-en","8":"product_cat-probes-en","10":"first","11":"instock","12":"taxable","13":"shipping-taxable","14":"purchasable","15":"product-type-simple"},"acf":[],"_links":{"self":[{"href":"https:\/\/yotavis.ch\/de\/wp-json\/wp\/v2\/product\/3715","targetHints":{"allow":["GET"]}}],"collection":[{"href":"https:\/\/yotavis.ch\/de\/wp-json\/wp\/v2\/product"}],"about":[{"href":"https:\/\/yotavis.ch\/de\/wp-json\/wp\/v2\/types\/product"}],"replies":[{"embeddable":true,"href":"https:\/\/yotavis.ch\/de\/wp-json\/wp\/v2\/comments?post=3715"}],"wp:featuredmedia":[{"embeddable":true,"href":"https:\/\/yotavis.ch\/de\/wp-json\/wp\/v2\/media\/6254"}],"wp:attachment":[{"href":"https:\/\/yotavis.ch\/de\/wp-json\/wp\/v2\/media?parent=3715"}],"wp:term":[{"taxonomy":"product_brand","embeddable":true,"href":"https:\/\/yotavis.ch\/de\/wp-json\/wp\/v2\/product_brand?post=3715"},{"taxonomy":"product_cat","embeddable":true,"href":"https:\/\/yotavis.ch\/de\/wp-json\/wp\/v2\/product_cat?post=3715"},{"taxonomy":"product_tag","embeddable":true,"href":"https:\/\/yotavis.ch\/de\/wp-json\/wp\/v2\/product_tag?post=3715"}],"curies":[{"name":"wp","href":"https:\/\/api.w.org\/{rel}","templated":true}]}}