{"id":3716,"date":"2025-10-09T00:00:00","date_gmt":"2025-10-08T22:00:00","guid":{"rendered":"https:\/\/yotavis.ch\/product\/sc1016\/"},"modified":"2026-04-24T13:28:59","modified_gmt":"2026-04-24T11:28:59","slug":"sc1016","status":"publish","type":"product","link":"https:\/\/yotavis.ch\/de\/produkt\/sc1016\/","title":{"rendered":"SC1016"},"content":{"rendered":"<p>Das SC1016 ist ausschlie\u00dflich f\u00fcr die Verwendung mit den Modellen SDM3055-SC und SDM3065X-SC von Siglent vorgesehen Dieses Produkt ist kein Upgrade-Kit und sollte nur mit den angegebenen Ger\u00e4ten verwendet werden Es wird von Siglent hergestellt, einer Marke, die f\u00fcr ihre elektronischen Pr\u00fcfger\u00e4te bekannt ist Das SC1016 enth\u00e4lt in seiner Beschreibung keine zus\u00e4tzlichen Merkmale wie Leistungs-, Spannungs-, Stromspezifikationen, oder Ausgangsnummern in seiner Beschreibung Es werden keine Informationen zu Fernsteuerungsm\u00f6glichkeiten, Frequenzbereichen, Kan\u00e4len, Bandbreite, Abtastraten, Speichertiefe oder vertikaler Aufl\u00f6sung angegeben. Das Produkt enth\u00e4lt auch keine Angaben zu digitalen Kan\u00e4len, Touchscreen-Funktionalit\u00e4t, Amplituden-, Sweep-, Burst- oder Phasenrausch-Spezifikationen Dieses Produkt ist als Erg\u00e4nzung zu den angegebenen Modellen gedacht und bietet keine \u00fcber die Kompatibilit\u00e4t hinausgehenden Verbesserungen oder \u00c4nderungen.<\/p>","protected":false},"excerpt":{"rendered":"<p>NUR f\u00fcr SDM3055-SC und SDM3065X-SC; DIES IST KEIN UPGRADE-KIT.<\/p>","protected":false},"featured_media":6256,"comment_status":"closed","ping_status":"closed","template":"","meta":{"_acf_changed":false,"slim_seo":{"title":"SC1016 - YOTAVIS AG","description":"NUR f\u00fcr SDM3055-SC und SDM3065X-SC; DIES IST KEIN UPGRADE-KIT."}},"product_brand":[506],"product_cat":[518,538],"product_tag":[],"class_list":{"0":"post-3716","1":"product","2":"type-product","3":"status-publish","4":"has-post-thumbnail","6":"product_brand-siglent","7":"product_cat-meters","8":"product_cat-others-meters","10":"first","11":"instock","12":"taxable","13":"shipping-taxable","14":"purchasable","15":"product-type-simple"},"acf":[],"_links":{"self":[{"href":"https:\/\/yotavis.ch\/de\/wp-json\/wp\/v2\/product\/3716","targetHints":{"allow":["GET"]}}],"collection":[{"href":"https:\/\/yotavis.ch\/de\/wp-json\/wp\/v2\/product"}],"about":[{"href":"https:\/\/yotavis.ch\/de\/wp-json\/wp\/v2\/types\/product"}],"replies":[{"embeddable":true,"href":"https:\/\/yotavis.ch\/de\/wp-json\/wp\/v2\/comments?post=3716"}],"wp:featuredmedia":[{"embeddable":true,"href":"https:\/\/yotavis.ch\/de\/wp-json\/wp\/v2\/media\/6256"}],"wp:attachment":[{"href":"https:\/\/yotavis.ch\/de\/wp-json\/wp\/v2\/media?parent=3716"}],"wp:term":[{"taxonomy":"product_brand","embeddable":true,"href":"https:\/\/yotavis.ch\/de\/wp-json\/wp\/v2\/product_brand?post=3716"},{"taxonomy":"product_cat","embeddable":true,"href":"https:\/\/yotavis.ch\/de\/wp-json\/wp\/v2\/product_cat?post=3716"},{"taxonomy":"product_tag","embeddable":true,"href":"https:\/\/yotavis.ch\/de\/wp-json\/wp\/v2\/product_tag?post=3716"}],"curies":[{"name":"wp","href":"https:\/\/api.w.org\/{rel}","templated":true}]}}