{"id":3717,"date":"2025-10-09T00:00:00","date_gmt":"2025-10-08T22:00:00","guid":{"rendered":"https:\/\/yotavis.ch\/product\/sds7304a-h12\/"},"modified":"2026-04-24T13:28:59","modified_gmt":"2026-04-24T11:28:59","slug":"sds7304a-h12","status":"publish","type":"product","link":"https:\/\/yotavis.ch\/de\/produkt\/sds7304a-h12\/","title":{"rendered":"SDS7304A H12"},"content":{"rendered":"<p>Der Siglent SDS7304A H12 verf\u00fcgt \u00fcber eine Bandbreite von 3 GHz und bietet eine vertikale Aufl\u00f6sung von 12 Bit \u00fcber seine 4 Kan\u00e4le. Er unterst\u00fctzt eine maximale Abtastrate von 20 GSa\/s und bietet eine Speichertiefe von 500 Mpts, was eine umfangreiche Datenerfassung f\u00fcr detaillierte Analysen erm\u00f6glicht. Das Ger\u00e4t kann Wellenformen mit einer Rate von 1.000.000 wfm\/s erfassen, was eine schnelle Datenerfassung erm\u00f6glicht. Es verf\u00fcgt \u00fcber einen 15,6-Zoll-Touchscreen f\u00fcr die Benutzerinteraktion und unterst\u00fctzt eine 32-Mpts-FFT f\u00fcr die Frequenzbereichsanalyse. Zu den optionalen Funktionen geh\u00f6ren Eye\/Jitter-Analyse und Konformit\u00e4tstests. Das Oszilloskop ist f\u00fcr eine Abtastrate pro Kanal von 10.000 MS\/s ausgelegt und verf\u00fcgt \u00fcber eine Speichertiefe von 500 Mpts, was eine hochaufl\u00f6sende Signalerfassung und -verarbeitung gew\u00e4hrleistet.<\/p>","protected":false},"excerpt":{"rendered":"<p>3GHz; 12-bit; 4 channels; 20 GSa\/s; 500Mpts memory depth; 1,000,000 wfm\/s waveform capture rate; 32 Mpts FFT; Eye\/Jitter Analysis(opt.); Compliance Test(opt.); 15.6&#8221; touch screen<\/p>","protected":false},"featured_media":6266,"comment_status":"closed","ping_status":"closed","template":"","meta":{"_acf_changed":false,"slim_seo":{"title":"SDS7304A H12 - YOTAVIS AG","description":"3GHz; 12-bit; 4 channels; 20 GSa\/s; 500Mpts memory depth; 1,000,000 wfm\/s waveform capture rate; 32 Mpts FFT; Eye\/Jitter Analysis(opt.); Compliance Test(opt.);"}},"product_brand":[506],"product_cat":[508,507],"product_tag":[],"class_list":{"0":"post-3717","1":"product","2":"type-product","3":"status-publish","4":"has-post-thumbnail","6":"product_brand-siglent","7":"product_cat-desktop-en","8":"product_cat-oscilloscope","9":"pa_bandwidth-mhz-231","10":"pa_channels-338","11":"pa_digital-channels-opt","12":"pa_memory-depht-mpts-77","13":"pa_sampling-rate-channels-ms-s-455","14":"pa_touch-screen-yes","15":"pa_vertical-resolution-bits-348","17":"first","18":"instock","19":"taxable","20":"shipping-taxable","21":"purchasable","22":"product-type-simple"},"acf":[],"_links":{"self":[{"href":"https:\/\/yotavis.ch\/de\/wp-json\/wp\/v2\/product\/3717","targetHints":{"allow":["GET"]}}],"collection":[{"href":"https:\/\/yotavis.ch\/de\/wp-json\/wp\/v2\/product"}],"about":[{"href":"https:\/\/yotavis.ch\/de\/wp-json\/wp\/v2\/types\/product"}],"replies":[{"embeddable":true,"href":"https:\/\/yotavis.ch\/de\/wp-json\/wp\/v2\/comments?post=3717"}],"wp:featuredmedia":[{"embeddable":true,"href":"https:\/\/yotavis.ch\/de\/wp-json\/wp\/v2\/media\/6266"}],"wp:attachment":[{"href":"https:\/\/yotavis.ch\/de\/wp-json\/wp\/v2\/media?parent=3717"}],"wp:term":[{"taxonomy":"product_brand","embeddable":true,"href":"https:\/\/yotavis.ch\/de\/wp-json\/wp\/v2\/product_brand?post=3717"},{"taxonomy":"product_cat","embeddable":true,"href":"https:\/\/yotavis.ch\/de\/wp-json\/wp\/v2\/product_cat?post=3717"},{"taxonomy":"product_tag","embeddable":true,"href":"https:\/\/yotavis.ch\/de\/wp-json\/wp\/v2\/product_tag?post=3717"}],"curies":[{"name":"wp","href":"https:\/\/api.w.org\/{rel}","templated":true}]}}