{"id":3719,"date":"2025-10-09T00:00:00","date_gmt":"2025-10-08T22:00:00","guid":{"rendered":"https:\/\/yotavis.ch\/product\/sds7604a-h12\/"},"modified":"2026-04-24T13:29:00","modified_gmt":"2026-04-24T11:29:00","slug":"sds7604a-h12","status":"publish","type":"product","link":"https:\/\/yotavis.ch\/de\/produkt\/sds7604a-h12\/","title":{"rendered":"SDS7604A H12"},"content":{"rendered":"<p>Der Siglent SDS7604A H12 hat eine Bandbreite von 6 GHz und bietet eine vertikale Aufl\u00f6sung von 12 Bit \u00fcber seine 4 Kan\u00e4le. Er unterst\u00fctzt eine maximale Abtastrate von 20 GSa\/s und bietet eine Speichertiefe von 500 Mpts, was eine detaillierte Signalanalyse erm\u00f6glicht. Das Ger\u00e4t ist in der Lage, Wellenformen mit einer Rate von 1.000.000 wfm\/s zu erfassen, was eine schnelle Datenerfassung erm\u00f6glicht. Es verf\u00fcgt \u00fcber einen 15,6-Zoll-Touchscreen f\u00fcr die Benutzerinteraktion und unterst\u00fctzt eine 32-Mpts-FFT f\u00fcr die Frequenzbereichsanalyse. Zu den optionalen Funktionen geh\u00f6ren Eye\/Jitter-Analyse und Konformit\u00e4tstests. Die Abtastrate pro Kanal betr\u00e4gt 10.000 MS\/s, und die Speichertiefe pro Kanal betr\u00e4gt 500 Mpts. Dieses Oszilloskop wurde entwickelt, um Hochgeschwindigkeitssignalmessungen mit Pr\u00e4zision und Effizienz durchzuf\u00fchren.<\/p>","protected":false},"excerpt":{"rendered":"<p>6GHz; 12-bit; 4 channels; 20 GSa\/s; 500Mpts memory depth; 1,000,000 wfm\/s waveform capture rate; 32 Mpts FFT; Eye\/Jitter Analysis(opt.); Compliance Test(opt.); 15.6&#8221; touch screen<\/p>","protected":false},"featured_media":6274,"comment_status":"closed","ping_status":"closed","template":"","meta":{"_acf_changed":false,"slim_seo":{"title":"SDS7604A H12 - YOTAVIS AG","description":"6GHz; 12-bit; 4 channels; 20 GSa\/s; 500Mpts memory depth; 1,000,000 wfm\/s waveform capture rate; 32 Mpts FFT; Eye\/Jitter Analysis(opt.); Compliance Test(opt.);"}},"product_brand":[506],"product_cat":[508,507],"product_tag":[],"class_list":{"0":"post-3719","1":"product","2":"type-product","3":"status-publish","4":"has-post-thumbnail","6":"product_brand-siglent","7":"product_cat-desktop-en","8":"product_cat-oscilloscope","9":"pa_bandwidth-mhz-233","10":"pa_channels-338","11":"pa_digital-channels-opt","12":"pa_memory-depht-mpts-77","13":"pa_sampling-rate-channels-ms-s-455","14":"pa_touch-screen-yes","15":"pa_vertical-resolution-bits-348","17":"first","18":"instock","19":"taxable","20":"shipping-taxable","21":"purchasable","22":"product-type-simple"},"acf":[],"_links":{"self":[{"href":"https:\/\/yotavis.ch\/de\/wp-json\/wp\/v2\/product\/3719","targetHints":{"allow":["GET"]}}],"collection":[{"href":"https:\/\/yotavis.ch\/de\/wp-json\/wp\/v2\/product"}],"about":[{"href":"https:\/\/yotavis.ch\/de\/wp-json\/wp\/v2\/types\/product"}],"replies":[{"embeddable":true,"href":"https:\/\/yotavis.ch\/de\/wp-json\/wp\/v2\/comments?post=3719"}],"wp:featuredmedia":[{"embeddable":true,"href":"https:\/\/yotavis.ch\/de\/wp-json\/wp\/v2\/media\/6274"}],"wp:attachment":[{"href":"https:\/\/yotavis.ch\/de\/wp-json\/wp\/v2\/media?parent=3719"}],"wp:term":[{"taxonomy":"product_brand","embeddable":true,"href":"https:\/\/yotavis.ch\/de\/wp-json\/wp\/v2\/product_brand?post=3719"},{"taxonomy":"product_cat","embeddable":true,"href":"https:\/\/yotavis.ch\/de\/wp-json\/wp\/v2\/product_cat?post=3719"},{"taxonomy":"product_tag","embeddable":true,"href":"https:\/\/yotavis.ch\/de\/wp-json\/wp\/v2\/product_tag?post=3719"}],"curies":[{"name":"wp","href":"https:\/\/api.w.org\/{rel}","templated":true}]}}