{"id":3721,"date":"2025-10-09T00:00:00","date_gmt":"2025-10-08T22:00:00","guid":{"rendered":"https:\/\/yotavis.ch\/product\/sds7604ap\/"},"modified":"2026-04-24T13:29:01","modified_gmt":"2026-04-24T11:29:01","slug":"sds7604ap","status":"publish","type":"product","link":"https:\/\/yotavis.ch\/de\/produkt\/sds7604ap\/","title":{"rendered":"SDS7604AP"},"content":{"rendered":"<p>Der Siglent SDS7604AP bietet eine maximale Bandbreite von 6 GHz und unterst\u00fctzt eine Abtastrate von 20 GSa\/s auf allen vier Kan\u00e4len. Jeder Kanal ist mit einer vertikalen Aufl\u00f6sung von 12 Bit und einer Speichertiefe von 1 Gpts ausgestattet, was eine detaillierte Signalerfassung und -analyse erm\u00f6glicht. Das Ger\u00e4t verf\u00fcgt \u00fcber vier Kan\u00e4le und bietet mehrere Eingangsoptionen f\u00fcr komplexe Signalmessungen. Es ist mit einer Touchscreen-Schnittstelle ausgestattet, die die Interaktion und Steuerung durch den Benutzer erleichtert. Die Speichertiefe pro Kanal betr\u00e4gt 1000 Mpts, was eine umfangreiche Datenspeicherung f\u00fcr die Signalerfassung \u00fcber lange Zeitr\u00e4ume erm\u00f6glicht. Dieses Modell ist Teil der SDS7A-Serie, die in Bezug auf Leistung und Funktionen mit den \u00fcbrigen Modellen der Serie \u00fcbereinstimmt. Die vertikale Aufl\u00f6sung ist mit 13 Bit angegeben, was zu einer pr\u00e4zisen Signaldarstellung beitr\u00e4gt. Insgesamt kombiniert der SDS7604AP eine hohe Bandbreite, schnelle Abtastraten und eine betr\u00e4chtliche Speichertiefe \u00fcber mehrere Kan\u00e4le mit einer benutzerfreundlichen Touchscreen-Oberfl\u00e4che.<\/p>","protected":false},"excerpt":{"rendered":"<p>6 GHz, 20 GSa\/s auf allen Kan\u00e4len, 4 CH, 12 Bit, 1 Gpts\/CH, der Rest wie SDS7A<\/p>","protected":false},"featured_media":6278,"comment_status":"closed","ping_status":"closed","template":"","meta":{"_acf_changed":false,"slim_seo":{"title":"SDS7604AP - YOTAVIS AG","description":"6 GHz, 20 GSa\/s auf allen Kan\u00e4len, 4 CH, 12 Bit, 1 Gpts\/CH, der Rest wie SDS7A"}},"product_brand":[506],"product_cat":[508,507],"product_tag":[],"class_list":{"0":"post-3721","1":"product","2":"type-product","3":"status-publish","4":"has-post-thumbnail","6":"product_brand-siglent","7":"product_cat-desktop-en","8":"product_cat-oscilloscope","9":"pa_bandwidth-mhz-233","10":"pa_channels-338","11":"pa_digital-channels-opt","12":"pa_memory-depht-mpts-235","13":"pa_sampling-rate-channels-ms-s-456","14":"pa_touch-screen-yes","15":"pa_vertical-resolution-bits-457","17":"first","18":"instock","19":"taxable","20":"shipping-taxable","21":"purchasable","22":"product-type-simple"},"acf":[],"_links":{"self":[{"href":"https:\/\/yotavis.ch\/de\/wp-json\/wp\/v2\/product\/3721","targetHints":{"allow":["GET"]}}],"collection":[{"href":"https:\/\/yotavis.ch\/de\/wp-json\/wp\/v2\/product"}],"about":[{"href":"https:\/\/yotavis.ch\/de\/wp-json\/wp\/v2\/types\/product"}],"replies":[{"embeddable":true,"href":"https:\/\/yotavis.ch\/de\/wp-json\/wp\/v2\/comments?post=3721"}],"wp:featuredmedia":[{"embeddable":true,"href":"https:\/\/yotavis.ch\/de\/wp-json\/wp\/v2\/media\/6278"}],"wp:attachment":[{"href":"https:\/\/yotavis.ch\/de\/wp-json\/wp\/v2\/media?parent=3721"}],"wp:term":[{"taxonomy":"product_brand","embeddable":true,"href":"https:\/\/yotavis.ch\/de\/wp-json\/wp\/v2\/product_brand?post=3721"},{"taxonomy":"product_cat","embeddable":true,"href":"https:\/\/yotavis.ch\/de\/wp-json\/wp\/v2\/product_cat?post=3721"},{"taxonomy":"product_tag","embeddable":true,"href":"https:\/\/yotavis.ch\/de\/wp-json\/wp\/v2\/product_tag?post=3721"}],"curies":[{"name":"wp","href":"https:\/\/api.w.org\/{rel}","templated":true}]}}