{"id":3722,"date":"2025-10-09T00:00:00","date_gmt":"2025-10-08T22:00:00","guid":{"rendered":"https:\/\/yotavis.ch\/product\/sds7804ap\/"},"modified":"2026-04-24T13:29:01","modified_gmt":"2026-04-24T11:29:01","slug":"sds7804ap","status":"publish","type":"product","link":"https:\/\/yotavis.ch\/de\/produkt\/sds7804ap\/","title":{"rendered":"SDS7804AP"},"content":{"rendered":"<p>Der Siglent SDS7804AP hat eine Bandbreite von 8 GHz und unterst\u00fctzt eine Abtastrate von 20 GSa\/s \u00fcber alle vier Kan\u00e4le. Jeder Kanal ist mit einer vertikalen Aufl\u00f6sung von 12 Bit und einer Speichertiefe von 1 Gpts ausgestattet, was eine detaillierte Signalerfassung und -analyse erm\u00f6glicht. Das Oszilloskop verf\u00fcgt \u00fcber vier Kan\u00e4le, die jeweils eine Hochgeschwindigkeitsdatenerfassung mit einer Abtastrate von 20.000 MS\/s erm\u00f6glichen. Es bietet eine vertikale Aufl\u00f6sung von 14 Bit, was die Pr\u00e4zision der Messungen erh\u00f6ht. Das Ger\u00e4t ist mit einer Touchscreen-Oberfl\u00e4che ausgestattet, die dem Benutzer die Interaktion und Steuerung erleichtert. Die Speichertiefe pro Kanal betr\u00e4gt 1000 Mpts und bietet damit ausreichend Speicherplatz f\u00fcr komplexe Wellenformdaten. Dieses Modell ist Teil der SDS7A-Serie, die f\u00fcr ihre fortschrittlichen Funktionen und Leistungsmerkmale bekannt ist.<\/p>","protected":false},"excerpt":{"rendered":"<p>8 GHz, 20 GSa\/s auf allen Kan\u00e4len, 4 CH, 12 Bit, 1 Gpts\/CH, der Rest wie SDS7A<\/p>","protected":false},"featured_media":6281,"comment_status":"closed","ping_status":"closed","template":"","meta":{"_acf_changed":false,"slim_seo":{"title":"SDS7804AP - YOTAVIS AG","description":"8 GHz, 20 GSa\/s auf allen Kan\u00e4len, 4 CH, 12 Bit, 1 Gpts\/CH, der Rest wie SDS7A"}},"product_brand":[506],"product_cat":[508,507],"product_tag":[],"class_list":{"0":"post-3722","1":"product","2":"type-product","3":"status-publish","4":"has-post-thumbnail","6":"product_brand-siglent","7":"product_cat-desktop-en","8":"product_cat-oscilloscope","9":"pa_bandwidth-mhz-234","10":"pa_channels-338","11":"pa_digital-channels-opt","12":"pa_memory-depht-mpts-235","13":"pa_sampling-rate-channels-ms-s-456","14":"pa_touch-screen-yes","15":"pa_vertical-resolution-bits-113","17":"first","18":"instock","19":"taxable","20":"shipping-taxable","21":"purchasable","22":"product-type-simple"},"acf":[],"_links":{"self":[{"href":"https:\/\/yotavis.ch\/de\/wp-json\/wp\/v2\/product\/3722","targetHints":{"allow":["GET"]}}],"collection":[{"href":"https:\/\/yotavis.ch\/de\/wp-json\/wp\/v2\/product"}],"about":[{"href":"https:\/\/yotavis.ch\/de\/wp-json\/wp\/v2\/types\/product"}],"replies":[{"embeddable":true,"href":"https:\/\/yotavis.ch\/de\/wp-json\/wp\/v2\/comments?post=3722"}],"wp:featuredmedia":[{"embeddable":true,"href":"https:\/\/yotavis.ch\/de\/wp-json\/wp\/v2\/media\/6281"}],"wp:attachment":[{"href":"https:\/\/yotavis.ch\/de\/wp-json\/wp\/v2\/media?parent=3722"}],"wp:term":[{"taxonomy":"product_brand","embeddable":true,"href":"https:\/\/yotavis.ch\/de\/wp-json\/wp\/v2\/product_brand?post=3722"},{"taxonomy":"product_cat","embeddable":true,"href":"https:\/\/yotavis.ch\/de\/wp-json\/wp\/v2\/product_cat?post=3722"},{"taxonomy":"product_tag","embeddable":true,"href":"https:\/\/yotavis.ch\/de\/wp-json\/wp\/v2\/product_tag?post=3722"}],"curies":[{"name":"wp","href":"https:\/\/api.w.org\/{rel}","templated":true}]}}