{"id":3723,"date":"2025-10-09T00:00:00","date_gmt":"2025-10-08T22:00:00","guid":{"rendered":"https:\/\/yotavis.ch\/product\/sap5000d\/"},"modified":"2026-04-24T13:29:15","modified_gmt":"2026-04-24T11:29:15","slug":"sap5000d","status":"publish","type":"product","link":"https:\/\/yotavis.ch\/de\/produkt\/sap5000d\/","title":{"rendered":"SAP5000D"},"content":{"rendered":"<p>Der SAP5000D ist ein von Siglent entwickelter aktiver Differenztastkopf mit einer Bandbreite von 5000 MHz. Er arbeitet mit einer maximalen Spannung von 5 V und verf\u00fcgt \u00fcber eine von Siglent entwickelte Schnittstelle. Dieser Tastkopf eignet sich f\u00fcr Anwendungen, die hochfrequente Signalmessungen bis zu 5 GHz erfordern. Sein differenzielles Design erm\u00f6glicht eine genaue Signalerfassung in Umgebungen, in denen Gleichtaktrauschen vorhanden sein kann. Das Ger\u00e4t wurde entwickelt, um pr\u00e4zise und zuverl\u00e4ssige Tests in verschiedenen elektronischen Messszenarien zu unterst\u00fctzen. Die Kombination aus hoher Bandbreite und Nennspannung macht es mit einer Reihe von Pr\u00fcfger\u00e4ten und -aufbauten kompatibel. Der SAP5000D ist ein spezielles Werkzeug f\u00fcr den Einsatz in der fortgeschrittenen elektronischen Diagnose und Signalanalyse.<\/p>","protected":false},"excerpt":{"rendered":"<p>Aktiver Differenzialtastkopf, 5 GHz<\/p>","protected":false},"featured_media":6287,"comment_status":"closed","ping_status":"closed","template":"","meta":{"_acf_changed":false,"slim_seo":{"title":"SAP5000D - YOTAVIS AG","description":"Aktiver Differenzialtastkopf, 5 GHz"}},"product_brand":[506],"product_cat":[535,509],"product_tag":[],"class_list":{"0":"post-3723","1":"product","2":"type-product","3":"status-publish","4":"has-post-thumbnail","6":"product_brand-siglent","7":"product_cat-differential-probes-en","8":"product_cat-probes-en","9":"pa_bandwidth-mhz-236","10":"pa_interface-siglent","11":"pa_voltage-max-v-237","13":"first","14":"instock","15":"taxable","16":"shipping-taxable","17":"purchasable","18":"product-type-simple"},"acf":[],"_links":{"self":[{"href":"https:\/\/yotavis.ch\/de\/wp-json\/wp\/v2\/product\/3723","targetHints":{"allow":["GET"]}}],"collection":[{"href":"https:\/\/yotavis.ch\/de\/wp-json\/wp\/v2\/product"}],"about":[{"href":"https:\/\/yotavis.ch\/de\/wp-json\/wp\/v2\/types\/product"}],"replies":[{"embeddable":true,"href":"https:\/\/yotavis.ch\/de\/wp-json\/wp\/v2\/comments?post=3723"}],"wp:featuredmedia":[{"embeddable":true,"href":"https:\/\/yotavis.ch\/de\/wp-json\/wp\/v2\/media\/6287"}],"wp:attachment":[{"href":"https:\/\/yotavis.ch\/de\/wp-json\/wp\/v2\/media?parent=3723"}],"wp:term":[{"taxonomy":"product_brand","embeddable":true,"href":"https:\/\/yotavis.ch\/de\/wp-json\/wp\/v2\/product_brand?post=3723"},{"taxonomy":"product_cat","embeddable":true,"href":"https:\/\/yotavis.ch\/de\/wp-json\/wp\/v2\/product_cat?post=3723"},{"taxonomy":"product_tag","embeddable":true,"href":"https:\/\/yotavis.ch\/de\/wp-json\/wp\/v2\/product_tag?post=3723"}],"curies":[{"name":"wp","href":"https:\/\/api.w.org\/{rel}","templated":true}]}}