{"id":3729,"date":"2025-10-09T00:00:00","date_gmt":"2025-10-08T22:00:00","guid":{"rendered":"https:\/\/yotavis.ch\/product\/sap5-srp45\/"},"modified":"2026-04-24T13:29:17","modified_gmt":"2026-04-24T11:29:17","slug":"sap5-srp45","status":"publish","type":"product","link":"https:\/\/yotavis.ch\/de\/produkt\/sap5-srp45\/","title":{"rendered":"SAP5-SRP45"},"content":{"rendered":"<p>Das SAP5-SRP45 von Siglent enth\u00e4lt einen SRP-45 mit Buchsenkopf, zwei drehbare Spitzen und f\u00fcnf gerade Spitzen. Dieses Set bietet eine Vielzahl von Spitzenoptionen, die f\u00fcr unterschiedliche Anschlussanforderungen entwickelt wurden. Sowohl die drehbaren als auch die geraden Spitzen erm\u00f6glichen eine flexible Positionierung und Verwendung. Der Muffenkopf SRP-45 dient als Hauptkomponente, an der die Spitzen befestigt werden. Diese Konfiguration unterst\u00fctzt mehrere Anwendungen, da die Teile austauschbar sind. Das Produkt ist so konzipiert, dass es mit anderen Komponenten aus dem Siglent-Sortiment kompatibel ist. Das Sortiment an Spitzen stellt sicher, dass der Benutzer den passenden Typ f\u00fcr seine spezifischen Anforderungen ausw\u00e4hlen kann.<\/p>","protected":false},"excerpt":{"rendered":"<p>Enth\u00e4lt 1 Sockelkopf SRP-45, 2 schwenkbare Spitzen, 5 gerade Spitzen, 5<\/p>","protected":false},"featured_media":6297,"comment_status":"closed","ping_status":"closed","template":"","meta":{"_acf_changed":false,"slim_seo":{"title":"SAP5-SRP45 - YOTAVIS AG","description":"Enth\u00e4lt 1 Sockelkopf SRP-45, 2 schwenkbare Spitzen, 5 gerade Spitzen, 5"}},"product_brand":[506],"product_cat":[510,509],"product_tag":[],"class_list":{"0":"post-3729","1":"product","2":"type-product","3":"status-publish","4":"has-post-thumbnail","6":"product_brand-siglent","7":"product_cat-others-en","8":"product_cat-probes-en","10":"first","11":"instock","12":"taxable","13":"shipping-taxable","14":"purchasable","15":"product-type-simple"},"acf":[],"_links":{"self":[{"href":"https:\/\/yotavis.ch\/de\/wp-json\/wp\/v2\/product\/3729","targetHints":{"allow":["GET"]}}],"collection":[{"href":"https:\/\/yotavis.ch\/de\/wp-json\/wp\/v2\/product"}],"about":[{"href":"https:\/\/yotavis.ch\/de\/wp-json\/wp\/v2\/types\/product"}],"replies":[{"embeddable":true,"href":"https:\/\/yotavis.ch\/de\/wp-json\/wp\/v2\/comments?post=3729"}],"wp:featuredmedia":[{"embeddable":true,"href":"https:\/\/yotavis.ch\/de\/wp-json\/wp\/v2\/media\/6297"}],"wp:attachment":[{"href":"https:\/\/yotavis.ch\/de\/wp-json\/wp\/v2\/media?parent=3729"}],"wp:term":[{"taxonomy":"product_brand","embeddable":true,"href":"https:\/\/yotavis.ch\/de\/wp-json\/wp\/v2\/product_brand?post=3729"},{"taxonomy":"product_cat","embeddable":true,"href":"https:\/\/yotavis.ch\/de\/wp-json\/wp\/v2\/product_cat?post=3729"},{"taxonomy":"product_tag","embeddable":true,"href":"https:\/\/yotavis.ch\/de\/wp-json\/wp\/v2\/product_tag?post=3729"}],"curies":[{"name":"wp","href":"https:\/\/api.w.org\/{rel}","templated":true}]}}