{"id":3731,"date":"2025-10-09T00:00:00","date_gmt":"2025-10-08T22:00:00","guid":{"rendered":"https:\/\/yotavis.ch\/product\/pp301\/"},"modified":"2026-04-24T13:29:17","modified_gmt":"2026-04-24T11:29:17","slug":"pp301","status":"publish","type":"product","link":"https:\/\/yotavis.ch\/de\/produkt\/pp301\/","title":{"rendered":"PP301"},"content":{"rendered":"<p>Der Siglent PP301 ist ein 3D-Positionierer, der f\u00fcr pr\u00e4zise r\u00e4umliche Positionierungsaufgaben entwickelt wurde. Dieses Ger\u00e4t wurde entwickelt, um genaue Bewegungen und Ausrichtungen im dreidimensionalen Raum zu erm\u00f6glichen. Er ist Teil der Produktpalette von Siglent, die f\u00fcr ihre Spezialger\u00e4te bekannt ist. Das Design des PP301 unterst\u00fctzt Anwendungen, die eine kontrollierte und wiederholbare Positionierung erfordern, und eignet sich daher f\u00fcr verschiedene technische und industrielle Anwendungen. Zwar werden keine spezifischen elektrischen und leistungsbezogenen Spezifikationen genannt, doch der Fokus auf 3D-Positionierung unterstreicht seine Rolle in Umgebungen, in denen r\u00e4umliche Genauigkeit entscheidend ist. Der Aufbau und die Funktionalit\u00e4t des Produkts sind auf die Anforderungen pr\u00e4ziser mechanischer Einstellungen zugeschnitten. Insgesamt dient der Siglent PP301 als Werkzeug zur Verbesserung der Genauigkeit bei Positionierungsanwendungen.<\/p>","protected":false},"excerpt":{"rendered":"<p>3D-Positionierer<\/p>","protected":false},"featured_media":6300,"comment_status":"closed","ping_status":"closed","template":"","meta":{"_acf_changed":false,"slim_seo":{"title":"PP301 - YOTAVIS AG","description":"3D-Positionierer"}},"product_brand":[506],"product_cat":[510,509],"product_tag":[],"class_list":{"0":"post-3731","1":"product","2":"type-product","3":"status-publish","4":"has-post-thumbnail","6":"product_brand-siglent","7":"product_cat-others-en","8":"product_cat-probes-en","10":"first","11":"instock","12":"taxable","13":"shipping-taxable","14":"purchasable","15":"product-type-simple"},"acf":[],"_links":{"self":[{"href":"https:\/\/yotavis.ch\/de\/wp-json\/wp\/v2\/product\/3731","targetHints":{"allow":["GET"]}}],"collection":[{"href":"https:\/\/yotavis.ch\/de\/wp-json\/wp\/v2\/product"}],"about":[{"href":"https:\/\/yotavis.ch\/de\/wp-json\/wp\/v2\/types\/product"}],"replies":[{"embeddable":true,"href":"https:\/\/yotavis.ch\/de\/wp-json\/wp\/v2\/comments?post=3731"}],"wp:featuredmedia":[{"embeddable":true,"href":"https:\/\/yotavis.ch\/de\/wp-json\/wp\/v2\/media\/6300"}],"wp:attachment":[{"href":"https:\/\/yotavis.ch\/de\/wp-json\/wp\/v2\/media?parent=3731"}],"wp:term":[{"taxonomy":"product_brand","embeddable":true,"href":"https:\/\/yotavis.ch\/de\/wp-json\/wp\/v2\/product_brand?post=3731"},{"taxonomy":"product_cat","embeddable":true,"href":"https:\/\/yotavis.ch\/de\/wp-json\/wp\/v2\/product_cat?post=3731"},{"taxonomy":"product_tag","embeddable":true,"href":"https:\/\/yotavis.ch\/de\/wp-json\/wp\/v2\/product_tag?post=3731"}],"curies":[{"name":"wp","href":"https:\/\/api.w.org\/{rel}","templated":true}]}}