{"id":3732,"date":"2025-10-09T00:00:00","date_gmt":"2025-10-08T22:00:00","guid":{"rendered":"https:\/\/yotavis.ch\/product\/sds6054a\/"},"modified":"2026-04-24T13:29:18","modified_gmt":"2026-04-24T11:29:18","slug":"sds6054a","status":"publish","type":"product","link":"https:\/\/yotavis.ch\/de\/produkt\/sds6054a\/","title":{"rendered":"SDS6054A"},"content":{"rendered":"<p>Der Siglent SDS6054A verf\u00fcgt \u00fcber eine Bandbreite von 500 MHz und bietet vier Kan\u00e4le, von denen jeder eine Abtastrate von 5 GSa\/s erreicht, mit einer \u00e4quivalenten Abtastrate von 10 GSa\/s im ESR-Modus. Er verf\u00fcgt \u00fcber eine Speichertiefe von 500 Mpts, was eine umfangreiche Datenerfassung und -analyse erm\u00f6glicht. Das Ger\u00e4t unterst\u00fctzt eine Wellenform-Erfassungsrate von 170.000 Wellenformen pro Sekunde, was seine F\u00e4higkeit zur schnellen Signalverarbeitung verbessert. Es enth\u00e4lt vier MATH-Spuren und eine 8 Mpts FFT-Funktion f\u00fcr die erweiterte Signalanalyse. Das Oszilloskop ist mit einem 12,1-Zoll-Touchscreen-Display mit einer Aufl\u00f6sung von 1280 x 800 Pixeln ausgestattet, das eine klare und interaktive Benutzeroberfl\u00e4che bietet. Die vertikale Aufl\u00f6sung betr\u00e4gt 8 Bit, was die Pr\u00e4zision der Signalmessung bestimmt. Dieses Modell ist mit seiner Kombination aus hoher Bandbreite, schneller Abtastrate und gro\u00dfer Speicherkapazit\u00e4t f\u00fcr die Bearbeitung komplexer Signalverarbeitungsaufgaben ausgelegt.<\/p>","protected":false},"excerpt":{"rendered":"<p>500MHz; 4 channels; 5 GSa\/s (10 GSa\/s ESR) @ each channel; 500Mpts memory depth;  170,000 wfm\/s waveform capture rate; 4 MATH traces, 8 Mpts FFT; 12.1&#8221; touch screen (1280*800)<\/p>","protected":false},"featured_media":6308,"comment_status":"closed","ping_status":"closed","template":"","meta":{"_acf_changed":false,"slim_seo":{"title":"SDS6054A - YOTAVIS AG","description":"500MHz; 4 channels; 5 GSa\/s (10 GSa\/s ESR) @ each channel; 500Mpts memory depth; 170,000 wfm\/s waveform capture rate; 4 MATH traces, 8 Mpts FFT; 12.1'' touch sc"}},"product_brand":[506],"product_cat":[508,507],"product_tag":[],"class_list":{"0":"post-3732","1":"product","2":"type-product","3":"status-publish","4":"has-post-thumbnail","6":"product_brand-siglent","7":"product_cat-desktop-en","8":"product_cat-oscilloscope","9":"pa_bandwidth-mhz-83","10":"pa_channels-338","11":"pa_digital-channels-opt","12":"pa_memory-depht-mpts-77","13":"pa_sampling-rate-channels-ms-s-458","14":"pa_touch-screen-yes","15":"pa_vertical-resolution-bits-340","17":"first","18":"instock","19":"taxable","20":"shipping-taxable","21":"purchasable","22":"product-type-simple"},"acf":[],"_links":{"self":[{"href":"https:\/\/yotavis.ch\/de\/wp-json\/wp\/v2\/product\/3732","targetHints":{"allow":["GET"]}}],"collection":[{"href":"https:\/\/yotavis.ch\/de\/wp-json\/wp\/v2\/product"}],"about":[{"href":"https:\/\/yotavis.ch\/de\/wp-json\/wp\/v2\/types\/product"}],"replies":[{"embeddable":true,"href":"https:\/\/yotavis.ch\/de\/wp-json\/wp\/v2\/comments?post=3732"}],"wp:featuredmedia":[{"embeddable":true,"href":"https:\/\/yotavis.ch\/de\/wp-json\/wp\/v2\/media\/6308"}],"wp:attachment":[{"href":"https:\/\/yotavis.ch\/de\/wp-json\/wp\/v2\/media?parent=3732"}],"wp:term":[{"taxonomy":"product_brand","embeddable":true,"href":"https:\/\/yotavis.ch\/de\/wp-json\/wp\/v2\/product_brand?post=3732"},{"taxonomy":"product_cat","embeddable":true,"href":"https:\/\/yotavis.ch\/de\/wp-json\/wp\/v2\/product_cat?post=3732"},{"taxonomy":"product_tag","embeddable":true,"href":"https:\/\/yotavis.ch\/de\/wp-json\/wp\/v2\/product_tag?post=3732"}],"curies":[{"name":"wp","href":"https:\/\/api.w.org\/{rel}","templated":true}]}}