{"id":3735,"date":"2025-10-09T00:00:00","date_gmt":"2025-10-08T22:00:00","guid":{"rendered":"https:\/\/yotavis.ch\/product\/sap4000p\/"},"modified":"2026-04-24T13:29:23","modified_gmt":"2026-04-24T11:29:23","slug":"sap4000p","status":"publish","type":"product","link":"https:\/\/yotavis.ch\/de\/produkt\/sap4000p\/","title":{"rendered":"SAP4000P"},"content":{"rendered":"<p>Der SAP4000P von Siglent ist ein 4-GHz-Power-Rail-Tastkopf mit einem Niederfrequenzwiderstand von 20 k\u03a9 und einem Hochfrequenzwiderstand von 50 \u03a9. Er verf\u00fcgt \u00fcber einen Offset-Spannungsbereich von \u00b124 V, was vielseitige Messm\u00f6glichkeiten \u00fcber verschiedene Spannungspegel hinweg erm\u00f6glicht. Der Tastkopf hat ein D\u00e4mpfungsverh\u00e4ltnis von 1,1:1, wodurch die Signalintegrit\u00e4t w\u00e4hrend der Pr\u00fcfung erhalten bleibt. Sein Dynamikbereich betr\u00e4gt \u00b1600 mV und bietet damit ein geeignetes Fenster f\u00fcr die Erfassung von Stromschienenschwankungen. Das Ger\u00e4t arbeitet mit einer Bandbreite von 4000 MHz und unterst\u00fctzt eine maximale Spannung von 1,2 V. Die Schnittstelle ist als Siglent spezifiziert, was die Kompatibilit\u00e4t mit verwandten Ger\u00e4ten gew\u00e4hrleistet. Dank dieser Kombination von Spezifikationen eignet sich der SAP4000P f\u00fcr detaillierte Power-Rail-Analysen in Hochfrequenzanwendungen.<\/p>","protected":false},"excerpt":{"rendered":"<p>4 GHz Power Rail Probe; Niederfrequenzwiderstand 20 k\u03a9; Hochfrequenzwiderstand 50 \u03a9; Offset-Spannungsbereich \u00b124 V; D\u00e4mpfungsverh\u00e4ltnis 1,1:1; Dynamikbereich \u00b1600 mV<\/p>","protected":false},"featured_media":6314,"comment_status":"closed","ping_status":"closed","template":"","meta":{"_acf_changed":false,"slim_seo":{"title":"SAP4000P - YOTAVIS AG","description":"4 GHz power rail probe; low frequency resistance 20 k\u03a9; high frequency resistance 50 \u03a9; offset voltage range \u00b124 V; attenuation ratio 1.1:1; dynamic range \u00b1600"}},"product_brand":[506],"product_cat":[510,509],"product_tag":[],"class_list":{"0":"post-3735","1":"product","2":"type-product","3":"status-publish","4":"has-post-thumbnail","6":"product_brand-siglent","7":"product_cat-others-en","8":"product_cat-probes-en","9":"pa_bandwidth-mhz-232","10":"pa_interface-siglent","11":"pa_voltage-max-v-1-2","13":"first","14":"instock","15":"taxable","16":"shipping-taxable","17":"purchasable","18":"product-type-simple"},"acf":[],"_links":{"self":[{"href":"https:\/\/yotavis.ch\/de\/wp-json\/wp\/v2\/product\/3735","targetHints":{"allow":["GET"]}}],"collection":[{"href":"https:\/\/yotavis.ch\/de\/wp-json\/wp\/v2\/product"}],"about":[{"href":"https:\/\/yotavis.ch\/de\/wp-json\/wp\/v2\/types\/product"}],"replies":[{"embeddable":true,"href":"https:\/\/yotavis.ch\/de\/wp-json\/wp\/v2\/comments?post=3735"}],"wp:featuredmedia":[{"embeddable":true,"href":"https:\/\/yotavis.ch\/de\/wp-json\/wp\/v2\/media\/6314"}],"wp:attachment":[{"href":"https:\/\/yotavis.ch\/de\/wp-json\/wp\/v2\/media?parent=3735"}],"wp:term":[{"taxonomy":"product_brand","embeddable":true,"href":"https:\/\/yotavis.ch\/de\/wp-json\/wp\/v2\/product_brand?post=3735"},{"taxonomy":"product_cat","embeddable":true,"href":"https:\/\/yotavis.ch\/de\/wp-json\/wp\/v2\/product_cat?post=3735"},{"taxonomy":"product_tag","embeddable":true,"href":"https:\/\/yotavis.ch\/de\/wp-json\/wp\/v2\/product_tag?post=3735"}],"curies":[{"name":"wp","href":"https:\/\/api.w.org\/{rel}","templated":true}]}}