{"id":3736,"date":"2025-10-09T00:00:00","date_gmt":"2025-10-08T22:00:00","guid":{"rendered":"https:\/\/yotavis.ch\/product\/sp6150a\/"},"modified":"2026-04-24T13:29:23","modified_gmt":"2026-04-24T11:29:23","slug":"sp6150a","status":"publish","type":"product","link":"https:\/\/yotavis.ch\/de\/produkt\/sp6150a\/","title":{"rendered":"SP6150A"},"content":{"rendered":"<p>Der SP6150A ist ein passiver 1,5-GHz-Tastkopf mit einem D\u00e4mpfungsverh\u00e4ltnis von 10:1, wodurch er sich f\u00fcr verschiedene Messanwendungen eignet. Er verf\u00fcgt \u00fcber einen Eingangswiderstand von 500 \u03a9 und eine Eingangskapazit\u00e4t von 1,8 pF, die zu seinen Leistungsmerkmalen beitragen. Der Tastkopf ist f\u00fcr eine maximale Eingangsspannung von 8,5 V ausgelegt, so dass ein sicherer Betrieb innerhalb der spezifizierten Spannungsgrenzen m\u00f6glich ist. Der von Siglent hergestellte Tastkopf ist f\u00fcr eine universelle Schnittstelle ausgelegt, so dass er mit einer Reihe von Ger\u00e4ten kompatibel ist. Seine Bandbreite ist auf 1500 MHz ausgelegt, was die Messung von Hochfrequenzsignalen erm\u00f6glicht. Die Kombination dieser Spezifikationen macht den SP6150A zu einem pr\u00e4zisen Werkzeug f\u00fcr Signalmessungen in elektronischen Testumgebungen.<\/p>","protected":false},"excerpt":{"rendered":"<p>1,5 GHz passiver Tastkopf; D\u00e4mpfungsverh\u00e4ltnis 10:1; Eingangswiderstand 500 \u03a9; Eingangskapazit\u00e4t 1,8 pF; maximale Eingangsspannung 8,5 V<\/p>","protected":false},"featured_media":6316,"comment_status":"closed","ping_status":"closed","template":"","meta":{"_acf_changed":false,"slim_seo":{"title":"SP6150A - YOTAVIS AG","description":"1,5 GHz passiver Tastkopf; D\u00e4mpfungsverh\u00e4ltnis 10:1; Eingangswiderstand 500 \u03a9; Eingangskapazit\u00e4t 1,8 pF; maximale Eingangsspannung 8,5 V"}},"product_brand":[506],"product_cat":[534,509],"product_tag":[],"class_list":{"0":"post-3736","1":"product","2":"type-product","3":"status-publish","4":"has-post-thumbnail","6":"product_brand-siglent","7":"product_cat-passives-probes-en","8":"product_cat-probes-en","9":"pa_bandwidth-mhz-240","10":"pa_interface-univeral","11":"pa_voltage-max-v-8-5","13":"first","14":"instock","15":"taxable","16":"shipping-taxable","17":"purchasable","18":"product-type-simple"},"acf":[],"_links":{"self":[{"href":"https:\/\/yotavis.ch\/de\/wp-json\/wp\/v2\/product\/3736","targetHints":{"allow":["GET"]}}],"collection":[{"href":"https:\/\/yotavis.ch\/de\/wp-json\/wp\/v2\/product"}],"about":[{"href":"https:\/\/yotavis.ch\/de\/wp-json\/wp\/v2\/types\/product"}],"replies":[{"embeddable":true,"href":"https:\/\/yotavis.ch\/de\/wp-json\/wp\/v2\/comments?post=3736"}],"wp:featuredmedia":[{"embeddable":true,"href":"https:\/\/yotavis.ch\/de\/wp-json\/wp\/v2\/media\/6316"}],"wp:attachment":[{"href":"https:\/\/yotavis.ch\/de\/wp-json\/wp\/v2\/media?parent=3736"}],"wp:term":[{"taxonomy":"product_brand","embeddable":true,"href":"https:\/\/yotavis.ch\/de\/wp-json\/wp\/v2\/product_brand?post=3736"},{"taxonomy":"product_cat","embeddable":true,"href":"https:\/\/yotavis.ch\/de\/wp-json\/wp\/v2\/product_cat?post=3736"},{"taxonomy":"product_tag","embeddable":true,"href":"https:\/\/yotavis.ch\/de\/wp-json\/wp\/v2\/product_tag?post=3736"}],"curies":[{"name":"wp","href":"https:\/\/api.w.org\/{rel}","templated":true}]}}